{"id":203609,"date":"2023-05-23T08:17:51","date_gmt":"2023-05-23T08:17:51","guid":{"rendered":"https:\/\/glamuur.ee\/product\/ania-haie-earrings-e047-04g\/"},"modified":"2026-04-02T12:36:04","modified_gmt":"2026-04-02T09:36:04","slug":"ania-haie-korvarongad-e047-04g","status":"publish","type":"product","link":"https:\/\/glamuur.ee\/et\/product\/ania-haie-earrings-e047-04g\/","title":{"rendered":"Ania Haie K\u00f5rvar\u00f5ngas"},"content":{"rendered":"<p>K\u00f5rvar\u00f5nga suurus = 6*4mm<br \/>\nOpaali suurus = 1.5*2mm, kogus = 3<br \/>\nKuubilise tsirkooniumi suurus = 1.3mm, kogus =3<br \/>\nPosti paksus = 18Gauge (1.0mm)<br \/>\nPosti pikkus = 7.5mm<br \/>\nTagumise palli l\u00e4bim\u00f5\u00f5t = 3mm<br \/>\nM\u00fc\u00fcakse individuaalselt<\/p>","protected":false},"excerpt":{"rendered":"<p>K\u00f5rvar\u00f5nga suurus = 6*4mm Opali suurus = 1.5*2mm, kogus = 3 Kuubiku tsirkooniumi suurus = 1.3mm, kogus =3 Posti paksus = 18Gauge (1.0mm) Posti pikkus = 7.5mm Tagasi Ball l\u00e4bim\u00f5\u00f5t = 3mm M\u00fc\u00fcakse eraldi.<\/p>","protected":false},"featured_media":203610,"comment_status":"open","ping_status":"closed","template":"","meta":{"jetpack_post_was_ever_published":false},"product_brand":[],"product_cat":[630,725,793],"product_tag":[],"giftcard-category":[],"class_list":{"0":"post-203609","1":"product","2":"type-product","3":"status-publish","4":"has-post-thumbnail","6":"product_cat-ania-haie-single-earrings","7":"product_cat-earrings","8":"product_cat-gift-ideas-up-to-50e","9":"pa_material-silver","10":"pa_metal-color-yellow-gold","11":"pa_product-brand-ania-haie","12":"pa_stone-color-white","13":"pa_type-category-earrings","15":"first","16":"instock","17":"taxable","18":"shipping-taxable","19":"purchasable","20":"product-type-simple"},"bundled_by":[],"bundle_stock_status":"instock","bundle_stock_quantity":11,"bundle_virtual":false,"bundle_layout":"","bundle_add_to_cart_form_location":"","bundle_editable_in_cart":false,"bundle_sold_individually_context":"","bundle_item_grouping":"","bundle_min_size":"","bundle_max_size":"","bundle_price":[],"bundled_items":[],"bundle_sell_ids":[],"etheme_brands":{"errors":{"invalid_taxonomy":["Lubamatu taksonoomia."]},"error_data":[]},"_links":{"self":[{"href":"https:\/\/glamuur.ee\/et\/wp-json\/wp\/v2\/product\/203609","targetHints":{"allow":["GET"]}}],"collection":[{"href":"https:\/\/glamuur.ee\/et\/wp-json\/wp\/v2\/product"}],"about":[{"href":"https:\/\/glamuur.ee\/et\/wp-json\/wp\/v2\/types\/product"}],"replies":[{"embeddable":true,"href":"https:\/\/glamuur.ee\/et\/wp-json\/wp\/v2\/comments?post=203609"}],"wp:featuredmedia":[{"embeddable":true,"href":"https:\/\/glamuur.ee\/et\/wp-json\/wp\/v2\/media\/203610"}],"wp:attachment":[{"href":"https:\/\/glamuur.ee\/et\/wp-json\/wp\/v2\/media?parent=203609"}],"wp:term":[{"taxonomy":"product_brand","embeddable":true,"href":"https:\/\/glamuur.ee\/et\/wp-json\/wp\/v2\/product_brand?post=203609"},{"taxonomy":"product_cat","embeddable":true,"href":"https:\/\/glamuur.ee\/et\/wp-json\/wp\/v2\/product_cat?post=203609"},{"taxonomy":"product_tag","embeddable":true,"href":"https:\/\/glamuur.ee\/et\/wp-json\/wp\/v2\/product_tag?post=203609"},{"taxonomy":"giftcard-category","embeddable":true,"href":"https:\/\/glamuur.ee\/et\/wp-json\/wp\/v2\/giftcard-category?post=203609"}],"curies":[{"name":"wp","href":"https:\/\/api.w.org\/{rel}","templated":true}]}}