{"id":203464,"date":"2022-08-04T11:53:44","date_gmt":"2022-08-04T08:53:44","guid":{"rendered":"https:\/\/glamuur.ee\/product\/ti-sento-milano-ring-1981mw\/"},"modified":"2026-02-16T13:48:50","modified_gmt":"2026-02-16T11:48:50","slug":"ti-sento-milano-ring-1981mw","status":"publish","type":"product","link":"https:\/\/glamuur.ee\/et\/product\/ti-sento-milano-ring-1981mw\/","title":{"rendered":"TI SENTO \u2013 Milano S\u00f5rmus"},"content":{"rendered":"<p>See keerukas TI SENTO s\u00f5rmus on kaunistatud nii tsirkooniumidega kui ka p\u00e4rlmutteriga. See s\u00f5rmus on valmistatud br\u00e4ndi tuntud, pimestavast roodiumiga kaetud sterlingh\u00f5bedast, mis on kindlasti silmapaistev. Kivi on l\u00f5igatud padjakujuliseks ja k\u00e4sitsi valmistatud stiilsesse k\u00fc\u00fcnisesse kinnitusse, mida \u00fcmbritseb s\u00e4rava, briljantse lihviga tsirkooniumiga pav\u00e9-fikseering. See elegantne s\u00f5rmus t\u00e4iendab suurep\u00e4raselt kauneid TI SENTO k\u00f5rvar\u00f5ngaid v\u00f5i peent kaelakeed 7676MW 3792MW \/ 42.<\/p>","protected":false},"excerpt":{"rendered":"<p>This sophisticated TI SENTO ring is set with both zirconia and Mother of Pearl. Made from the brand&#8217;s renown, dazzling rhodium plated sterling silver, this ring is sure to make a statement. Cut into a cushion shape, the stone is handcrafted into a stylish claw&#8230;<\/p>","protected":false},"featured_media":200426,"comment_status":"open","ping_status":"closed","template":"","meta":{"jetpack_post_was_ever_published":false},"product_brand":[],"product_cat":[968,945,730,72,145],"product_tag":[],"giftcard-category":[],"class_list":{"0":"post-203464","1":"product","2":"type-product","3":"status-publish","4":"has-post-thumbnail","6":"product_cat-mothers-day-2025-ti-sento","7":"product_cat-pearls","8":"product_cat-rings","9":"product_cat-ti-sento-milano","10":"product_cat-ti-sento-milano-rings","11":"pa_material-silver","12":"pa_metal-color-silver","13":"pa_product-brand-ti-sento-milano","14":"pa_size-56-1775","15":"pa_size-58-1850","16":"pa_size-60-1900","17":"pa_stone-color-pearl","18":"pa_type-category-rings","20":"first","21":"instock","22":"featured","23":"taxable","24":"shipping-taxable","25":"purchasable","26":"product-type-variable"},"bundled_by":[],"bundle_stock_status":"instock","bundle_stock_quantity":null,"bundle_virtual":false,"bundle_layout":"","bundle_add_to_cart_form_location":"","bundle_editable_in_cart":false,"bundle_sold_individually_context":"","bundle_item_grouping":"","bundle_min_size":"","bundle_max_size":"","bundle_price":[],"bundled_items":[],"bundle_sell_ids":[],"etheme_brands":{"errors":{"invalid_taxonomy":["Lubamatu taksonoomia."]},"error_data":[]},"_links":{"self":[{"href":"https:\/\/glamuur.ee\/et\/wp-json\/wp\/v2\/product\/203464","targetHints":{"allow":["GET"]}}],"collection":[{"href":"https:\/\/glamuur.ee\/et\/wp-json\/wp\/v2\/product"}],"about":[{"href":"https:\/\/glamuur.ee\/et\/wp-json\/wp\/v2\/types\/product"}],"replies":[{"embeddable":true,"href":"https:\/\/glamuur.ee\/et\/wp-json\/wp\/v2\/comments?post=203464"}],"wp:featuredmedia":[{"embeddable":true,"href":"https:\/\/glamuur.ee\/et\/wp-json\/wp\/v2\/media\/200426"}],"wp:attachment":[{"href":"https:\/\/glamuur.ee\/et\/wp-json\/wp\/v2\/media?parent=203464"}],"wp:term":[{"taxonomy":"product_brand","embeddable":true,"href":"https:\/\/glamuur.ee\/et\/wp-json\/wp\/v2\/product_brand?post=203464"},{"taxonomy":"product_cat","embeddable":true,"href":"https:\/\/glamuur.ee\/et\/wp-json\/wp\/v2\/product_cat?post=203464"},{"taxonomy":"product_tag","embeddable":true,"href":"https:\/\/glamuur.ee\/et\/wp-json\/wp\/v2\/product_tag?post=203464"},{"taxonomy":"giftcard-category","embeddable":true,"href":"https:\/\/glamuur.ee\/et\/wp-json\/wp\/v2\/giftcard-category?post=203464"}],"curies":[{"name":"wp","href":"https:\/\/api.w.org\/{rel}","templated":true}]}}