{"id":203376,"date":"2022-08-04T11:53:44","date_gmt":"2022-08-04T08:53:44","guid":{"rendered":"https:\/\/glamuur.ee\/product\/ti-sento-milano-ring-1955zr\/"},"modified":"2026-02-16T13:48:24","modified_gmt":"2026-02-16T11:48:24","slug":"ti-sento-milano-ring-1955zr","status":"publish","type":"product","link":"https:\/\/glamuur.ee\/et\/product\/ti-sento-milano-ring-1955zr\/","title":{"rendered":"TI SENTO \u2013 Milano S\u00f5rmus"},"content":{"rendered":"<p>Sellel elegantsel TI SENTO - Milano s\u00f5rmusel on eriline ja ebatavaline keeratud disain. S\u00f5rmusel on kaks rihma, mis on valmistatud roodiumiga kaetud h\u00f5bedast, mis annab kinnitusele kauakestva s\u00e4ra. S\u00f5rmuse sisemine k\u00fclg on sile, et seda oleks mugav kanda, samas kui v\u00e4lisk\u00fclg on k\u00e4sitsi asetatud s\u00e4ravate briljantl\u00f5ikega kuubiliste tsirkooniumidega, mis p\u00fc\u00fcavad valgust. See s\u00f5rmus sobib ideaalselt nii p\u00e4eva- kui ka kokteili\u00f5htuks ja sobib ideaalselt TI SENTO Mix Match ehte kontseptsiooni.<\/p>","protected":false},"excerpt":{"rendered":"<p>This elegant TI SENTO &#8211; Milano ring features a distinctive and unusual twisted design. The ring has two bands which are crafted from rhodium-plated sterling silver which gives a long lasting shine to the setting. The inner side of the ring is smooth for comfortable&#8230;<\/p>","protected":false},"featured_media":200275,"comment_status":"open","ping_status":"closed","template":"","meta":{"jetpack_post_was_ever_published":false},"product_brand":[],"product_cat":[599,730,72,145],"product_tag":[],"giftcard-category":[],"class_list":{"0":"post-203376","1":"product","2":"type-product","3":"status-publish","4":"has-post-thumbnail","6":"product_cat-sale","7":"product_cat-rings","8":"product_cat-ti-sento-milano","9":"product_cat-ti-sento-milano-rings","10":"pa_material-silver","11":"pa_metal-color-rose-gold","12":"pa_product-brand-ti-sento-milano","13":"pa_size-50-1600","14":"pa_size-52-1650","15":"pa_size-54-1725","16":"pa_size-56-1775","17":"pa_size-58-1850","18":"pa_size-60-1900","19":"pa_stone-color-white","20":"pa_type-category-rings","22":"first","23":"instock","24":"featured","25":"taxable","26":"shipping-taxable","27":"purchasable","28":"product-type-variable"},"bundled_by":[],"bundle_stock_status":"instock","bundle_stock_quantity":null,"bundle_virtual":false,"bundle_layout":"","bundle_add_to_cart_form_location":"","bundle_editable_in_cart":false,"bundle_sold_individually_context":"","bundle_item_grouping":"","bundle_min_size":"","bundle_max_size":"","bundle_price":[],"bundled_items":[],"bundle_sell_ids":[],"etheme_brands":{"errors":{"invalid_taxonomy":["Lubamatu taksonoomia."]},"error_data":[]},"_links":{"self":[{"href":"https:\/\/glamuur.ee\/et\/wp-json\/wp\/v2\/product\/203376","targetHints":{"allow":["GET"]}}],"collection":[{"href":"https:\/\/glamuur.ee\/et\/wp-json\/wp\/v2\/product"}],"about":[{"href":"https:\/\/glamuur.ee\/et\/wp-json\/wp\/v2\/types\/product"}],"replies":[{"embeddable":true,"href":"https:\/\/glamuur.ee\/et\/wp-json\/wp\/v2\/comments?post=203376"}],"wp:featuredmedia":[{"embeddable":true,"href":"https:\/\/glamuur.ee\/et\/wp-json\/wp\/v2\/media\/200275"}],"wp:attachment":[{"href":"https:\/\/glamuur.ee\/et\/wp-json\/wp\/v2\/media?parent=203376"}],"wp:term":[{"taxonomy":"product_brand","embeddable":true,"href":"https:\/\/glamuur.ee\/et\/wp-json\/wp\/v2\/product_brand?post=203376"},{"taxonomy":"product_cat","embeddable":true,"href":"https:\/\/glamuur.ee\/et\/wp-json\/wp\/v2\/product_cat?post=203376"},{"taxonomy":"product_tag","embeddable":true,"href":"https:\/\/glamuur.ee\/et\/wp-json\/wp\/v2\/product_tag?post=203376"},{"taxonomy":"giftcard-category","embeddable":true,"href":"https:\/\/glamuur.ee\/et\/wp-json\/wp\/v2\/giftcard-category?post=203376"}],"curies":[{"name":"wp","href":"https:\/\/api.w.org\/{rel}","templated":true}]}}