{"id":203326,"date":"2024-09-26T17:57:38","date_gmt":"2024-09-26T14:57:38","guid":{"rendered":"https:\/\/glamuur.ee\/product\/ti-sento-milano-ring-1936sr\/"},"modified":"2026-02-16T13:47:56","modified_gmt":"2026-02-16T11:47:56","slug":"ti-sento-milano-ring-1936sr","status":"publish","type":"product","link":"https:\/\/glamuur.ee\/et\/product\/ti-sento-milano-ring-1936sr\/","title":{"rendered":"TI SENTO \u2013 Milano S\u00f5rmus"},"content":{"rendered":"<p>See TI SENTO - Milano s\u00f5rmus on suurep\u00e4rane alus ja \u00fclimalt vajalik s\u00f5rmuste virnastamiseks. Keeratud h\u00f5bes\u00f5rmusel on 18-karjalise kollase kulla kiht. S\u00f5rmuse elegantse disainiga s\u00f5rmus tagab teiste s\u00f5rmuste \u00f5mblusteta \u00fchendamise virnas. TI SENTO kollektsioonis on palju s\u00f5rmuseid, mida saab selle t\u00fckiga kombineerida, et t\u00e4histada Mix Match kontseptsiooni olemust, mis loob moodsa ja ainulaadse v\u00e4limuse. See s\u00f5rmus on valmistatud roodiumiga kaetud h\u00f5bedast.<\/p>","protected":false},"excerpt":{"rendered":"<p>This TI SENTO &#8211; Milano ring is a great base and the ultimate must-have for stacking rings. The twisted silver ring has an 18 carat yellow gold layer. The sleek design of the ring provides a seamless connection for other rings in the stack. In&#8230;<\/p>","protected":false},"featured_media":242245,"comment_status":"open","ping_status":"closed","template":"","meta":{"jetpack_post_was_ever_published":false},"product_brand":[],"product_cat":[979,599,730,939,964,72,145],"product_tag":[],"giftcard-category":[],"class_list":{"0":"post-203326","1":"product","2":"type-product","3":"status-publish","4":"has-post-thumbnail","6":"product_cat-graduation-2025","7":"product_cat-sale","8":"product_cat-rings","9":"product_cat-ti-sento-sale-europe","10":"product_cat-summer-sale-ti-sento","11":"product_cat-ti-sento-milano","12":"product_cat-ti-sento-milano-rings","13":"pa_material-silver","14":"pa_metal-color-rose-gold","15":"pa_product-brand-ti-sento-milano","16":"pa_size-48-1550","17":"pa_size-50-1600","18":"pa_size-52-1650","19":"pa_size-54-1725","20":"pa_size-56-1775","21":"pa_size-58-1850","22":"pa_size-60-1900","23":"pa_size-62-1950","24":"pa_stone-color-without-stones","25":"pa_type-category-rings","27":"first","28":"instock","29":"featured","30":"taxable","31":"shipping-taxable","32":"purchasable","33":"product-type-variable"},"bundled_by":[],"bundle_stock_status":"instock","bundle_stock_quantity":null,"bundle_virtual":false,"bundle_layout":"","bundle_add_to_cart_form_location":"","bundle_editable_in_cart":false,"bundle_sold_individually_context":"","bundle_item_grouping":"","bundle_min_size":"","bundle_max_size":"","bundle_price":[],"bundled_items":[],"bundle_sell_ids":[],"etheme_brands":{"errors":{"invalid_taxonomy":["Lubamatu taksonoomia."]},"error_data":[]},"_links":{"self":[{"href":"https:\/\/glamuur.ee\/et\/wp-json\/wp\/v2\/product\/203326","targetHints":{"allow":["GET"]}}],"collection":[{"href":"https:\/\/glamuur.ee\/et\/wp-json\/wp\/v2\/product"}],"about":[{"href":"https:\/\/glamuur.ee\/et\/wp-json\/wp\/v2\/types\/product"}],"replies":[{"embeddable":true,"href":"https:\/\/glamuur.ee\/et\/wp-json\/wp\/v2\/comments?post=203326"}],"wp:featuredmedia":[{"embeddable":true,"href":"https:\/\/glamuur.ee\/et\/wp-json\/wp\/v2\/media\/242245"}],"wp:attachment":[{"href":"https:\/\/glamuur.ee\/et\/wp-json\/wp\/v2\/media?parent=203326"}],"wp:term":[{"taxonomy":"product_brand","embeddable":true,"href":"https:\/\/glamuur.ee\/et\/wp-json\/wp\/v2\/product_brand?post=203326"},{"taxonomy":"product_cat","embeddable":true,"href":"https:\/\/glamuur.ee\/et\/wp-json\/wp\/v2\/product_cat?post=203326"},{"taxonomy":"product_tag","embeddable":true,"href":"https:\/\/glamuur.ee\/et\/wp-json\/wp\/v2\/product_tag?post=203326"},{"taxonomy":"giftcard-category","embeddable":true,"href":"https:\/\/glamuur.ee\/et\/wp-json\/wp\/v2\/giftcard-category?post=203326"}],"curies":[{"name":"wp","href":"https:\/\/api.w.org\/{rel}","templated":true}]}}