{"id":203005,"date":"2024-01-01T11:48:10","date_gmt":"2024-01-01T09:48:10","guid":{"rendered":"https:\/\/glamuur.ee\/product\/ti-sento-milano-ring-1868cr\/"},"modified":"2026-02-16T13:43:22","modified_gmt":"2026-02-16T11:43:22","slug":"ti-sento-milano-ring-1868cr","status":"publish","type":"product","link":"https:\/\/glamuur.ee\/et\/product\/ti-sento-milano-ring-1868cr\/","title":{"rendered":"TI SENTO \u2013 Milano S\u00f5rmus"},"content":{"rendered":"<p>><br \/>\n><\/p>\n<p>><br \/>\n><\/p>\n<p>><br \/>\n><\/p>\n<p>><br \/>\n><\/p>\n<p>See TI SENTO - Milano h\u00f5bes\u00f5rmus 1868CR oma s\u00fcgava punase \u00fcmmarguse kiviga meenutab rikkalikke s\u00fcgislikke aroome. Las ta voolab looklevalt \u00fcmber sinu s\u00f5rme. Pange teda kokku v\u00f5i kandke teda \u00fcksi: ei ole mingeid reegleid, vaid l\u00f5putuid v\u00f5imalusi.<\/p>\n<\/div>\n<\/div>\n<\/div>\n<\/div>\n<\/div>\n<\/div>\n<\/div>\n<\/div>\n<\/div>\n<\/div>\n<\/div>\n<\/div>","protected":false},"excerpt":{"rendered":"<p>> > > > > > > > This TI SENTO &#8211; Milano silver ring 1868CR with her deep red round stone is a reminder of the rich autumnal aromas. Let her sinuously flow around your finger. Stack her or wear her alone: there are&#8230;<\/p>","protected":false},"featured_media":199664,"comment_status":"open","ping_status":"closed","template":"","meta":{"jetpack_post_was_ever_published":false},"product_brand":[],"product_cat":[599,980,730,964,72,145],"product_tag":[],"giftcard-category":[],"class_list":{"0":"post-203005","1":"product","2":"type-product","3":"status-publish","4":"has-post-thumbnail","6":"product_cat-sale","7":"product_cat-ready-for-vacation","8":"product_cat-rings","9":"product_cat-summer-sale-ti-sento","10":"product_cat-ti-sento-milano","11":"product_cat-ti-sento-milano-rings","12":"pa_material-silver","13":"pa_metal-color-yellow-gold","14":"pa_product-brand-ti-sento-milano","15":"pa_size-50-1600","16":"pa_size-52-1650","17":"pa_size-54-1725","18":"pa_size-56-1775","19":"pa_size-58-1850","20":"pa_size-60-1900","21":"pa_stone-color-red","22":"pa_type-category-rings","24":"first","25":"instock","26":"featured","27":"taxable","28":"shipping-taxable","29":"purchasable","30":"product-type-variable"},"bundled_by":[],"bundle_stock_status":"instock","bundle_stock_quantity":null,"bundle_virtual":false,"bundle_layout":"","bundle_add_to_cart_form_location":"","bundle_editable_in_cart":false,"bundle_sold_individually_context":"","bundle_item_grouping":"","bundle_min_size":"","bundle_max_size":"","bundle_price":[],"bundled_items":[],"bundle_sell_ids":[],"etheme_brands":{"errors":{"invalid_taxonomy":["Lubamatu taksonoomia."]},"error_data":[]},"_links":{"self":[{"href":"https:\/\/glamuur.ee\/et\/wp-json\/wp\/v2\/product\/203005","targetHints":{"allow":["GET"]}}],"collection":[{"href":"https:\/\/glamuur.ee\/et\/wp-json\/wp\/v2\/product"}],"about":[{"href":"https:\/\/glamuur.ee\/et\/wp-json\/wp\/v2\/types\/product"}],"replies":[{"embeddable":true,"href":"https:\/\/glamuur.ee\/et\/wp-json\/wp\/v2\/comments?post=203005"}],"wp:featuredmedia":[{"embeddable":true,"href":"https:\/\/glamuur.ee\/et\/wp-json\/wp\/v2\/media\/199664"}],"wp:attachment":[{"href":"https:\/\/glamuur.ee\/et\/wp-json\/wp\/v2\/media?parent=203005"}],"wp:term":[{"taxonomy":"product_brand","embeddable":true,"href":"https:\/\/glamuur.ee\/et\/wp-json\/wp\/v2\/product_brand?post=203005"},{"taxonomy":"product_cat","embeddable":true,"href":"https:\/\/glamuur.ee\/et\/wp-json\/wp\/v2\/product_cat?post=203005"},{"taxonomy":"product_tag","embeddable":true,"href":"https:\/\/glamuur.ee\/et\/wp-json\/wp\/v2\/product_tag?post=203005"},{"taxonomy":"giftcard-category","embeddable":true,"href":"https:\/\/glamuur.ee\/et\/wp-json\/wp\/v2\/giftcard-category?post=203005"}],"curies":[{"name":"wp","href":"https:\/\/api.w.org\/{rel}","templated":true}]}}