{"id":202983,"date":"2023-05-17T19:12:41","date_gmt":"2023-05-17T19:12:41","guid":{"rendered":"https:\/\/glamuur.ee\/product\/ti-sento-milano-ring-1858zi\/"},"modified":"2026-02-16T13:43:12","modified_gmt":"2026-02-16T11:43:12","slug":"ti-sento-milano-ring-1858zi","status":"publish","type":"product","link":"https:\/\/glamuur.ee\/et\/product\/ti-sento-milano-ring-1858zi\/","title":{"rendered":"TI SENTO \u2013 Milano S\u00f5rmus"},"content":{"rendered":"<p>See elegantne TI SENTO - Milano s\u00f5rmus on valmistatud roodiumiga kaetud sterlingh\u00f5bedast ja sisaldab briljantseid kuubikujulisi tsirkoone ning on suurep\u00e4rane t\u00e4iendus igale riietusele. S\u00f5rmus sobib virnastamiseks.<\/p>","protected":false},"excerpt":{"rendered":"<p>See elegantne TI SENTO - Milano s\u00f5rmus on valmistatud roodiumiga kaetud sterlingh\u00f5bedast ja sisaldab briljantseid kuubikujulisi tsirkoone ning on suurep\u00e4rane t\u00e4iendus igale riietusele. S\u00f5rmus sobib virnastamiseks.<\/p>","protected":false},"featured_media":199621,"comment_status":"open","ping_status":"closed","template":"","meta":{"jetpack_post_was_ever_published":false},"product_brand":[],"product_cat":[599,730,72,145,941],"product_tag":[],"giftcard-category":[],"class_list":{"0":"post-202983","1":"product","2":"type-product","3":"status-publish","4":"has-post-thumbnail","6":"product_cat-sale","7":"product_cat-rings","8":"product_cat-ti-sento-milano","9":"product_cat-ti-sento-milano-rings","10":"product_cat-valentines-day","11":"pa_material-silver","12":"pa_metal-color-silver","13":"pa_product-brand-ti-sento-milano","14":"pa_size-56-1775","15":"pa_stone-color-white","16":"pa_type-category-rings","18":"first","19":"instock","20":"featured","21":"taxable","22":"shipping-taxable","23":"purchasable","24":"product-type-variable"},"bundled_by":[],"bundle_stock_status":"instock","bundle_stock_quantity":null,"bundle_virtual":false,"bundle_layout":"","bundle_add_to_cart_form_location":"","bundle_editable_in_cart":false,"bundle_sold_individually_context":"","bundle_item_grouping":"","bundle_min_size":"","bundle_max_size":"","bundle_price":[],"bundled_items":[],"bundle_sell_ids":[],"etheme_brands":{"errors":{"invalid_taxonomy":["Lubamatu taksonoomia."]},"error_data":[]},"_links":{"self":[{"href":"https:\/\/glamuur.ee\/et\/wp-json\/wp\/v2\/product\/202983","targetHints":{"allow":["GET"]}}],"collection":[{"href":"https:\/\/glamuur.ee\/et\/wp-json\/wp\/v2\/product"}],"about":[{"href":"https:\/\/glamuur.ee\/et\/wp-json\/wp\/v2\/types\/product"}],"replies":[{"embeddable":true,"href":"https:\/\/glamuur.ee\/et\/wp-json\/wp\/v2\/comments?post=202983"}],"wp:featuredmedia":[{"embeddable":true,"href":"https:\/\/glamuur.ee\/et\/wp-json\/wp\/v2\/media\/199621"}],"wp:attachment":[{"href":"https:\/\/glamuur.ee\/et\/wp-json\/wp\/v2\/media?parent=202983"}],"wp:term":[{"taxonomy":"product_brand","embeddable":true,"href":"https:\/\/glamuur.ee\/et\/wp-json\/wp\/v2\/product_brand?post=202983"},{"taxonomy":"product_cat","embeddable":true,"href":"https:\/\/glamuur.ee\/et\/wp-json\/wp\/v2\/product_cat?post=202983"},{"taxonomy":"product_tag","embeddable":true,"href":"https:\/\/glamuur.ee\/et\/wp-json\/wp\/v2\/product_tag?post=202983"},{"taxonomy":"giftcard-category","embeddable":true,"href":"https:\/\/glamuur.ee\/et\/wp-json\/wp\/v2\/giftcard-category?post=202983"}],"curies":[{"name":"wp","href":"https:\/\/api.w.org\/{rel}","templated":true}]}}