{"id":202893,"date":"2023-05-17T19:09:57","date_gmt":"2023-05-17T19:09:57","guid":{"rendered":"https:\/\/glamuur.ee\/product\/ti-sento-milano-ring-1835zy\/"},"modified":"2026-02-16T13:42:46","modified_gmt":"2026-02-16T11:42:46","slug":"ti-sento-milano-ring-1835zy","status":"publish","type":"product","link":"https:\/\/glamuur.ee\/et\/product\/ti-sento-milano-ring-1835zy\/","title":{"rendered":"TI SENTO \u2013 Milano S\u00f5rmus"},"content":{"rendered":"<p>Inspireerituna TI SENTO - Milano kollektsiooni sarnastest s\u00f5rmustest, on selles s\u00f5rmuses kombineeritud mitu disaini. Erinevad struktuurid on kaetud 18-karvalise kollase kullaga, mis teeb sellest s\u00f5rmusest \u00fche TI SENTO kollektsiooni k\u00f5ige populaarsema liini. S\u00f5rmus on valmistatud roodiumiga kaetud sterlingh\u00f5bedast ja selles on tsirkooniad.<\/p>","protected":false},"excerpt":{"rendered":"<p>Inspired by similar rings from the TI SENTO &#8211; Milano collection, multiple designs have been combined into this one ring. The different structures are plated with 18 carat yellow gold, making this ring one of the most popular lines from the TI SENTO collection. The&#8230;<\/p>","protected":false},"featured_media":199462,"comment_status":"open","ping_status":"closed","template":"","meta":{"jetpack_post_was_ever_published":false},"product_brand":[],"product_cat":[599,730,72,145],"product_tag":[],"giftcard-category":[],"class_list":{"0":"post-202893","1":"product","2":"type-product","3":"status-publish","4":"has-post-thumbnail","6":"product_cat-sale","7":"product_cat-rings","8":"product_cat-ti-sento-milano","9":"product_cat-ti-sento-milano-rings","10":"pa_material-silver","11":"pa_metal-color-yellow-gold","12":"pa_product-brand-ti-sento-milano","13":"pa_size-52-1650","14":"pa_size-54-1725","15":"pa_size-56-1775","16":"pa_stone-color-white","17":"pa_type-category-rings","19":"first","20":"instock","21":"featured","22":"taxable","23":"shipping-taxable","24":"purchasable","25":"product-type-variable"},"bundled_by":[],"bundle_stock_status":"instock","bundle_stock_quantity":null,"bundle_virtual":false,"bundle_layout":"","bundle_add_to_cart_form_location":"","bundle_editable_in_cart":false,"bundle_sold_individually_context":"","bundle_item_grouping":"","bundle_min_size":"","bundle_max_size":"","bundle_price":[],"bundled_items":[],"bundle_sell_ids":[],"etheme_brands":{"errors":{"invalid_taxonomy":["Lubamatu taksonoomia."]},"error_data":[]},"_links":{"self":[{"href":"https:\/\/glamuur.ee\/et\/wp-json\/wp\/v2\/product\/202893","targetHints":{"allow":["GET"]}}],"collection":[{"href":"https:\/\/glamuur.ee\/et\/wp-json\/wp\/v2\/product"}],"about":[{"href":"https:\/\/glamuur.ee\/et\/wp-json\/wp\/v2\/types\/product"}],"replies":[{"embeddable":true,"href":"https:\/\/glamuur.ee\/et\/wp-json\/wp\/v2\/comments?post=202893"}],"wp:featuredmedia":[{"embeddable":true,"href":"https:\/\/glamuur.ee\/et\/wp-json\/wp\/v2\/media\/199462"}],"wp:attachment":[{"href":"https:\/\/glamuur.ee\/et\/wp-json\/wp\/v2\/media?parent=202893"}],"wp:term":[{"taxonomy":"product_brand","embeddable":true,"href":"https:\/\/glamuur.ee\/et\/wp-json\/wp\/v2\/product_brand?post=202893"},{"taxonomy":"product_cat","embeddable":true,"href":"https:\/\/glamuur.ee\/et\/wp-json\/wp\/v2\/product_cat?post=202893"},{"taxonomy":"product_tag","embeddable":true,"href":"https:\/\/glamuur.ee\/et\/wp-json\/wp\/v2\/product_tag?post=202893"},{"taxonomy":"giftcard-category","embeddable":true,"href":"https:\/\/glamuur.ee\/et\/wp-json\/wp\/v2\/giftcard-category?post=202893"}],"curies":[{"name":"wp","href":"https:\/\/api.w.org\/{rel}","templated":true}]}}