{"id":202742,"date":"2023-05-17T19:05:12","date_gmt":"2023-05-17T19:05:12","guid":{"rendered":"https:\/\/glamuur.ee\/product\/ti-sento-milano-ring-1771mw\/"},"modified":"2026-02-16T13:41:55","modified_gmt":"2026-02-16T11:41:55","slug":"ti-sento-milano-ring-1771mw","status":"publish","type":"product","link":"https:\/\/glamuur.ee\/et\/product\/ti-sento-milano-ring-1771mw\/","title":{"rendered":"TI SENTO \u2013 Milano S\u00f5rmus"},"content":{"rendered":"<p>See TI SENTO - Milano s\u00f5rmus, mis on valmistatud roodiumiga kaetud h\u00f5bedast, on t\u00f5eline vaatamisv\u00e4\u00e4rsus. Suur valge kristall on lihvitud padjakujuliseks ja \u00fcmbritsetud briljantse lihviga pav\u00e9-komplektiga kuubitsirkoonidega, mis lisab sellele elegantsust. S\u00f5rmus n\u00e4eb \u00fcksinda kandes suurejooneline v\u00e4lja, kuid sellele saab lisada s\u00e4ra, kui seda kombineerida teiste TI SENTO kollektsiooni kuuluvate ehetega.<\/p>","protected":false},"excerpt":{"rendered":"<p>This TI SENTO &#8211; Milano ring created in rhodium-plated sterling silver is a true showpiece. The large white crystal is cut into a cushion shape and surrounded by brilliant cut pav\u00e9 set cubic zirconias, adding to the elegance of the piece. The ring will look&#8230;<\/p>","protected":false},"featured_media":199221,"comment_status":"open","ping_status":"closed","template":"","meta":{"jetpack_post_was_ever_published":false},"product_brand":[],"product_cat":[968,945,730,939,72,145],"product_tag":[],"giftcard-category":[],"class_list":{"0":"post-202742","1":"product","2":"type-product","3":"status-publish","4":"has-post-thumbnail","6":"product_cat-mothers-day-2025-ti-sento","7":"product_cat-pearls","8":"product_cat-rings","9":"product_cat-ti-sento-sale-europe","10":"product_cat-ti-sento-milano","11":"product_cat-ti-sento-milano-rings","12":"pa_material-silver","13":"pa_metal-color-silver","14":"pa_product-brand-ti-sento-milano","15":"pa_size-50-1600","16":"pa_size-52-1650","17":"pa_size-54-1725","18":"pa_size-56-1775","19":"pa_size-58-1850","20":"pa_size-60-1900","21":"pa_stone-color-pearl","22":"pa_type-category-rings","24":"first","25":"instock","26":"featured","27":"taxable","28":"shipping-taxable","29":"purchasable","30":"product-type-variable"},"bundled_by":[],"bundle_stock_status":"instock","bundle_stock_quantity":null,"bundle_virtual":false,"bundle_layout":"","bundle_add_to_cart_form_location":"","bundle_editable_in_cart":false,"bundle_sold_individually_context":"","bundle_item_grouping":"","bundle_min_size":"","bundle_max_size":"","bundle_price":[],"bundled_items":[],"bundle_sell_ids":[],"etheme_brands":{"errors":{"invalid_taxonomy":["Lubamatu taksonoomia."]},"error_data":[]},"_links":{"self":[{"href":"https:\/\/glamuur.ee\/et\/wp-json\/wp\/v2\/product\/202742","targetHints":{"allow":["GET"]}}],"collection":[{"href":"https:\/\/glamuur.ee\/et\/wp-json\/wp\/v2\/product"}],"about":[{"href":"https:\/\/glamuur.ee\/et\/wp-json\/wp\/v2\/types\/product"}],"replies":[{"embeddable":true,"href":"https:\/\/glamuur.ee\/et\/wp-json\/wp\/v2\/comments?post=202742"}],"wp:featuredmedia":[{"embeddable":true,"href":"https:\/\/glamuur.ee\/et\/wp-json\/wp\/v2\/media\/199221"}],"wp:attachment":[{"href":"https:\/\/glamuur.ee\/et\/wp-json\/wp\/v2\/media?parent=202742"}],"wp:term":[{"taxonomy":"product_brand","embeddable":true,"href":"https:\/\/glamuur.ee\/et\/wp-json\/wp\/v2\/product_brand?post=202742"},{"taxonomy":"product_cat","embeddable":true,"href":"https:\/\/glamuur.ee\/et\/wp-json\/wp\/v2\/product_cat?post=202742"},{"taxonomy":"product_tag","embeddable":true,"href":"https:\/\/glamuur.ee\/et\/wp-json\/wp\/v2\/product_tag?post=202742"},{"taxonomy":"giftcard-category","embeddable":true,"href":"https:\/\/glamuur.ee\/et\/wp-json\/wp\/v2\/giftcard-category?post=202742"}],"curies":[{"name":"wp","href":"https:\/\/api.w.org\/{rel}","templated":true}]}}