{"id":202644,"date":"2023-05-17T19:01:12","date_gmt":"2023-05-17T19:01:12","guid":{"rendered":"https:\/\/glamuur.ee\/product\/ti-sento-milano-ring-1737zr\/"},"modified":"2026-02-16T13:41:21","modified_gmt":"2026-02-16T11:41:21","slug":"ti-sento-milano-ring-1737zr","status":"publish","type":"product","link":"https:\/\/glamuur.ee\/et\/product\/ti-sento-milano-ring-1737zr\/","title":{"rendered":"TI SENTO \u2013 Milano S\u00f5rmus"},"content":{"rendered":"<p>See elegantne s\u00f5rmus on TI SENTO - Milano klassika. S\u00f5rmuse keskosa on k\u00e4sitsi lihvitud ja selles on kaks rida s\u00e4ravaid kuubi tsirkooniumkivisid, mis lisavad lisav\u00e4rvilisust. Lisaks on selle s\u00f5rmuse sisemine k\u00fclg sileda viimistlusega, mis tagab kandmisel maksimaalse mugavuse. Sobib h\u00f5lpsasti kokku erinevate esemetega TI SENTO Mix Match kontseptsioonikollektsioonist.<\/p>","protected":false},"excerpt":{"rendered":"<p>This elegant ring is a TI SENTO &#8211; Milano classic. The stunning cut crystal centrepiece is set by hand, featuring two rows of sparkling cubic zirconia stones that add extra sparkle. What&#8217;s more, the inner side of this ring features a smooth finish for the&#8230;<\/p>","protected":false},"featured_media":199063,"comment_status":"open","ping_status":"closed","template":"","meta":{"jetpack_post_was_ever_published":false},"product_brand":[],"product_cat":[599,730,72,145],"product_tag":[],"giftcard-category":[],"class_list":{"0":"post-202644","1":"product","2":"type-product","3":"status-publish","4":"has-post-thumbnail","6":"product_cat-sale","7":"product_cat-rings","8":"product_cat-ti-sento-milano","9":"product_cat-ti-sento-milano-rings","10":"pa_material-silver","11":"pa_metal-color-silver","12":"pa_product-brand-ti-sento-milano","13":"pa_size-50-1600","14":"pa_size-56-1775","15":"pa_size-58-1850","16":"pa_size-60-1900","17":"pa_stone-color-white","18":"pa_type-category-rings","20":"first","21":"instock","22":"featured","23":"taxable","24":"shipping-taxable","25":"purchasable","26":"product-type-variable"},"bundled_by":[],"bundle_stock_status":"instock","bundle_stock_quantity":null,"bundle_virtual":false,"bundle_layout":"","bundle_add_to_cart_form_location":"","bundle_editable_in_cart":false,"bundle_sold_individually_context":"","bundle_item_grouping":"","bundle_min_size":"","bundle_max_size":"","bundle_price":[],"bundled_items":[],"bundle_sell_ids":[],"etheme_brands":{"errors":{"invalid_taxonomy":["Lubamatu taksonoomia."]},"error_data":[]},"_links":{"self":[{"href":"https:\/\/glamuur.ee\/et\/wp-json\/wp\/v2\/product\/202644","targetHints":{"allow":["GET"]}}],"collection":[{"href":"https:\/\/glamuur.ee\/et\/wp-json\/wp\/v2\/product"}],"about":[{"href":"https:\/\/glamuur.ee\/et\/wp-json\/wp\/v2\/types\/product"}],"replies":[{"embeddable":true,"href":"https:\/\/glamuur.ee\/et\/wp-json\/wp\/v2\/comments?post=202644"}],"wp:featuredmedia":[{"embeddable":true,"href":"https:\/\/glamuur.ee\/et\/wp-json\/wp\/v2\/media\/199063"}],"wp:attachment":[{"href":"https:\/\/glamuur.ee\/et\/wp-json\/wp\/v2\/media?parent=202644"}],"wp:term":[{"taxonomy":"product_brand","embeddable":true,"href":"https:\/\/glamuur.ee\/et\/wp-json\/wp\/v2\/product_brand?post=202644"},{"taxonomy":"product_cat","embeddable":true,"href":"https:\/\/glamuur.ee\/et\/wp-json\/wp\/v2\/product_cat?post=202644"},{"taxonomy":"product_tag","embeddable":true,"href":"https:\/\/glamuur.ee\/et\/wp-json\/wp\/v2\/product_tag?post=202644"},{"taxonomy":"giftcard-category","embeddable":true,"href":"https:\/\/glamuur.ee\/et\/wp-json\/wp\/v2\/giftcard-category?post=202644"}],"curies":[{"name":"wp","href":"https:\/\/api.w.org\/{rel}","templated":true}]}}