{"id":202601,"date":"2023-05-17T18:59:51","date_gmt":"2023-05-17T18:59:51","guid":{"rendered":"https:\/\/glamuur.ee\/product\/ti-sento-milano-sormus-1696zi\/"},"modified":"2026-02-16T13:41:06","modified_gmt":"2026-02-16T11:41:06","slug":"ti-sento-milano-sormus-1696zi","status":"publish","type":"product","link":"https:\/\/glamuur.ee\/et\/product\/ti-sento-milano-sormus-1696zi\/","title":{"rendered":"TI SENTO \u2013 Milano S\u00f5rmus"},"content":{"rendered":"<p>K\u00f5ik Ti Sento Milano ehted on h\u00f5bedast(925). Vt t\u00e4hendab seda, et 92,5% on puhas h\u00f5be ja 7,5% on erinevad sulamid. Mida v\u00e4iksem on h\u00f5beda protsent seda tugevam ja vastupidavam on ehe. V\u00e4ltimaks kinnituste ja lukkude purunemist on Ti Sento kasutanud nendes detailides terast.<\/p>\n<p>Lisaks on k\u00f5ik ehted kaetud roodiumiga, mis annab h\u00f5bedale ekstra s\u00e4ra.<\/p>\n<p>Paljudel uue kollektsiooni ehtetel on esimest korda kasutatud ka kulda (585K). 18 karaati kulla kiht on 3 mikronit. P\u00f5hi materjaliks siiski k\u00f5igil ehetel h\u00f5be.<\/p>\n<p>Kivideks kasutab Ti Sento kuubik tsirkoone. Tegemist on s\u00fcnteetiliste kividega, mis on valmistatud naturaalsest materjalidest. Tsirkoonid on suhteliselt tugevad, Mohsi skaalal 8 (v\u00f5rdluseks teemant on Mohsi skaalal 10). Tsirkoone on saadaval paljudes v\u00e4rvides.<\/p>","protected":false},"excerpt":{"rendered":"<p>K\u00f5ik Ti Sento Milano ehted on h\u00f5bedast(925). See t\u00e4hendab seda, et 92,5% on puhas h\u00f5be ja 7,5% on erinevad sulamid. Mida v\u00e4iksem on h\u00f5beda protsent seda tugevam ja vastupidavam on ehe. V\u00e4ltimaks kinnituste ja lukkude purunemist on Ti Sento kasutanud nendes detailides terast. Lisaks on&#8230;<\/p>","protected":false},"featured_media":198990,"comment_status":"open","ping_status":"closed","template":"","meta":{"jetpack_post_was_ever_published":false},"product_brand":[],"product_cat":[599,730,72,145],"product_tag":[],"giftcard-category":[],"class_list":{"0":"post-202601","1":"product","2":"type-product","3":"status-publish","4":"has-post-thumbnail","6":"product_cat-sale","7":"product_cat-rings","8":"product_cat-ti-sento-milano","9":"product_cat-ti-sento-milano-rings","10":"pa_material-silver","11":"pa_metal-color-silver","12":"pa_product-brand-ti-sento-milano","13":"pa_size-50-1600","14":"pa_size-52-1650","15":"pa_size-58-1850","16":"pa_size-60-1900","17":"pa_stone-color-white","18":"pa_type-category-rings","20":"first","21":"instock","22":"featured","23":"taxable","24":"shipping-taxable","25":"purchasable","26":"product-type-variable"},"bundled_by":[],"bundle_stock_status":"instock","bundle_stock_quantity":null,"bundle_virtual":false,"bundle_layout":"","bundle_add_to_cart_form_location":"","bundle_editable_in_cart":false,"bundle_sold_individually_context":"","bundle_item_grouping":"","bundle_min_size":"","bundle_max_size":"","bundle_price":[],"bundled_items":[],"bundle_sell_ids":[],"etheme_brands":{"errors":{"invalid_taxonomy":["Lubamatu taksonoomia."]},"error_data":[]},"_links":{"self":[{"href":"https:\/\/glamuur.ee\/et\/wp-json\/wp\/v2\/product\/202601","targetHints":{"allow":["GET"]}}],"collection":[{"href":"https:\/\/glamuur.ee\/et\/wp-json\/wp\/v2\/product"}],"about":[{"href":"https:\/\/glamuur.ee\/et\/wp-json\/wp\/v2\/types\/product"}],"replies":[{"embeddable":true,"href":"https:\/\/glamuur.ee\/et\/wp-json\/wp\/v2\/comments?post=202601"}],"wp:featuredmedia":[{"embeddable":true,"href":"https:\/\/glamuur.ee\/et\/wp-json\/wp\/v2\/media\/198990"}],"wp:attachment":[{"href":"https:\/\/glamuur.ee\/et\/wp-json\/wp\/v2\/media?parent=202601"}],"wp:term":[{"taxonomy":"product_brand","embeddable":true,"href":"https:\/\/glamuur.ee\/et\/wp-json\/wp\/v2\/product_brand?post=202601"},{"taxonomy":"product_cat","embeddable":true,"href":"https:\/\/glamuur.ee\/et\/wp-json\/wp\/v2\/product_cat?post=202601"},{"taxonomy":"product_tag","embeddable":true,"href":"https:\/\/glamuur.ee\/et\/wp-json\/wp\/v2\/product_tag?post=202601"},{"taxonomy":"giftcard-category","embeddable":true,"href":"https:\/\/glamuur.ee\/et\/wp-json\/wp\/v2\/giftcard-category?post=202601"}],"curies":[{"name":"wp","href":"https:\/\/api.w.org\/{rel}","templated":true}]}}