{"id":202567,"date":"2023-05-17T18:58:50","date_gmt":"2023-05-17T18:58:50","guid":{"rendered":"https:\/\/glamuur.ee\/product\/ti-sento-milano-ring-1616ta\/"},"modified":"2026-02-16T13:40:52","modified_gmt":"2026-02-16T11:40:52","slug":"ti-sento-milano-ring-1616ta","status":"publish","type":"product","link":"https:\/\/glamuur.ee\/et\/product\/ti-sento-milano-ring-1616ta\/","title":{"rendered":"TI SENTO \u2013 Milano S\u00f5rmus"},"content":{"rendered":"<p>See elegantne TI SENTO - Milano s\u00f5rmus on valmistatud kaunilt l\u00e4ikivast roodiumsterlingh\u00f5bedast. See silmatorkav s\u00f5rmus, mis on varustatud silmatorkava valge kuubikujulise tsirkooniumkiviga, on t\u00e4iuslik segu traditsioonilisest ja kaasaegsest. Sobib suurep\u00e4raseks t\u00e4ienduseks TI SENTO Mix Match kollektsioonist p\u00e4rit koosk\u00f5lastatud esemetele.<\/p>","protected":false},"excerpt":{"rendered":"<p>This elegant TI SENTO &#8211; Milano ring is crafted from beautifully shiny rhodium sterling silver. Set with a striking white cubic zirconia stone in a striking bezel setting, this eye-catching ring is the perfect blend of traditional and contemporary. A fine complement to coordinating pieces&#8230;<\/p>","protected":false},"featured_media":198926,"comment_status":"open","ping_status":"closed","template":"","meta":{"jetpack_post_was_ever_published":false},"product_brand":[],"product_cat":[793,599,730,72,145],"product_tag":[],"giftcard-category":[],"class_list":{"0":"post-202567","1":"product","2":"type-product","3":"status-publish","4":"has-post-thumbnail","6":"product_cat-gift-ideas-up-to-50e","7":"product_cat-sale","8":"product_cat-rings","9":"product_cat-ti-sento-milano","10":"product_cat-ti-sento-milano-rings","11":"pa_material-silver","12":"pa_metal-color-silver","13":"pa_product-brand-ti-sento-milano","14":"pa_size-56-1775","15":"pa_stone-color-blue","16":"pa_type-category-rings","18":"first","19":"instock","20":"featured","21":"taxable","22":"shipping-taxable","23":"purchasable","24":"product-type-simple"},"bundled_by":[],"bundle_stock_status":"instock","bundle_stock_quantity":1,"bundle_virtual":false,"bundle_layout":"","bundle_add_to_cart_form_location":"","bundle_editable_in_cart":false,"bundle_sold_individually_context":"","bundle_item_grouping":"","bundle_min_size":"","bundle_max_size":"","bundle_price":[],"bundled_items":[],"bundle_sell_ids":[],"etheme_brands":{"errors":{"invalid_taxonomy":["Lubamatu taksonoomia."]},"error_data":[]},"_links":{"self":[{"href":"https:\/\/glamuur.ee\/et\/wp-json\/wp\/v2\/product\/202567","targetHints":{"allow":["GET"]}}],"collection":[{"href":"https:\/\/glamuur.ee\/et\/wp-json\/wp\/v2\/product"}],"about":[{"href":"https:\/\/glamuur.ee\/et\/wp-json\/wp\/v2\/types\/product"}],"replies":[{"embeddable":true,"href":"https:\/\/glamuur.ee\/et\/wp-json\/wp\/v2\/comments?post=202567"}],"wp:featuredmedia":[{"embeddable":true,"href":"https:\/\/glamuur.ee\/et\/wp-json\/wp\/v2\/media\/198926"}],"wp:attachment":[{"href":"https:\/\/glamuur.ee\/et\/wp-json\/wp\/v2\/media?parent=202567"}],"wp:term":[{"taxonomy":"product_brand","embeddable":true,"href":"https:\/\/glamuur.ee\/et\/wp-json\/wp\/v2\/product_brand?post=202567"},{"taxonomy":"product_cat","embeddable":true,"href":"https:\/\/glamuur.ee\/et\/wp-json\/wp\/v2\/product_cat?post=202567"},{"taxonomy":"product_tag","embeddable":true,"href":"https:\/\/glamuur.ee\/et\/wp-json\/wp\/v2\/product_tag?post=202567"},{"taxonomy":"giftcard-category","embeddable":true,"href":"https:\/\/glamuur.ee\/et\/wp-json\/wp\/v2\/giftcard-category?post=202567"}],"curies":[{"name":"wp","href":"https:\/\/api.w.org\/{rel}","templated":true}]}}