{"id":202477,"date":"2023-05-17T18:55:48","date_gmt":"2023-05-17T18:55:48","guid":{"rendered":"https:\/\/glamuur.ee\/product\/ti-sento-milano-ring-1546sd\/"},"modified":"2026-02-16T13:40:28","modified_gmt":"2026-02-16T11:40:28","slug":"ti-sento-milano-ring-1546sd","status":"publish","type":"product","link":"https:\/\/glamuur.ee\/et\/product\/ti-sento-milano-ring-1546sd\/","title":{"rendered":"TI SENTO \u2013 Milano S\u00f5rmus"},"content":{"rendered":"<p>Esmapilgul tundub, et sellel elegantsel TI SENTO - Milano s\u00f5rmusel on viis eraldi kivirida, kuid tegelikult on see t\u00e4nu ainulaadsele disainile vaid illusioon, mis on loodud \u00fchest s\u00f5rmusest. S\u00f5rmus n\u00e4eb v\u00e4lja, nagu oleks see h\u00f5bedasse kastetud, tegelikult on see t\u00e4ielikult valmistatud roodiumiga kaetud h\u00f5bedast. Keerukat s\u00f5rmust saab h\u00f5lpsasti kombineerida teiste h\u00f5betatud ehetega, samuti paljude teiste ehetega, kui kasutada TI SENTO Mix Match kontseptsiooni.<\/p>","protected":false},"excerpt":{"rendered":"<p>At first glance, this elegant ring from TI SENTO &#8211; Milano appears to be five separate rows of stones, however in reality this is an illusion created by a single ring, thanks to the unique design. The ring looks as if it has been dipped&#8230;<\/p>","protected":false},"featured_media":198758,"comment_status":"open","ping_status":"closed","template":"","meta":{"jetpack_post_was_ever_published":false},"product_brand":[],"product_cat":[599,730,72,145],"product_tag":[],"giftcard-category":[],"class_list":{"0":"post-202477","1":"product","2":"type-product","3":"status-publish","4":"has-post-thumbnail","6":"product_cat-sale","7":"product_cat-rings","8":"product_cat-ti-sento-milano","9":"product_cat-ti-sento-milano-rings","10":"pa_material-silver","11":"pa_metal-color-silver","12":"pa_product-brand-ti-sento-milano","13":"pa_size-50-1600","14":"pa_size-52-1650","15":"pa_size-54-1725","16":"pa_size-56-1775","17":"pa_size-58-1850","18":"pa_stone-color-without-stones","19":"pa_type-category-rings","21":"first","22":"instock","23":"featured","24":"taxable","25":"shipping-taxable","26":"purchasable","27":"product-type-variable"},"bundled_by":[],"bundle_stock_status":"instock","bundle_stock_quantity":null,"bundle_virtual":false,"bundle_layout":"","bundle_add_to_cart_form_location":"","bundle_editable_in_cart":false,"bundle_sold_individually_context":"","bundle_item_grouping":"","bundle_min_size":"","bundle_max_size":"","bundle_price":[],"bundled_items":[],"bundle_sell_ids":[],"etheme_brands":{"errors":{"invalid_taxonomy":["Lubamatu taksonoomia."]},"error_data":[]},"_links":{"self":[{"href":"https:\/\/glamuur.ee\/et\/wp-json\/wp\/v2\/product\/202477","targetHints":{"allow":["GET"]}}],"collection":[{"href":"https:\/\/glamuur.ee\/et\/wp-json\/wp\/v2\/product"}],"about":[{"href":"https:\/\/glamuur.ee\/et\/wp-json\/wp\/v2\/types\/product"}],"replies":[{"embeddable":true,"href":"https:\/\/glamuur.ee\/et\/wp-json\/wp\/v2\/comments?post=202477"}],"wp:featuredmedia":[{"embeddable":true,"href":"https:\/\/glamuur.ee\/et\/wp-json\/wp\/v2\/media\/198758"}],"wp:attachment":[{"href":"https:\/\/glamuur.ee\/et\/wp-json\/wp\/v2\/media?parent=202477"}],"wp:term":[{"taxonomy":"product_brand","embeddable":true,"href":"https:\/\/glamuur.ee\/et\/wp-json\/wp\/v2\/product_brand?post=202477"},{"taxonomy":"product_cat","embeddable":true,"href":"https:\/\/glamuur.ee\/et\/wp-json\/wp\/v2\/product_cat?post=202477"},{"taxonomy":"product_tag","embeddable":true,"href":"https:\/\/glamuur.ee\/et\/wp-json\/wp\/v2\/product_tag?post=202477"},{"taxonomy":"giftcard-category","embeddable":true,"href":"https:\/\/glamuur.ee\/et\/wp-json\/wp\/v2\/giftcard-category?post=202477"}],"curies":[{"name":"wp","href":"https:\/\/api.w.org\/{rel}","templated":true}]}}