{"id":202416,"date":"2023-05-17T18:53:41","date_gmt":"2023-05-17T18:53:41","guid":{"rendered":"https:\/\/glamuur.ee\/product\/ti-sento-milano-ring-1462zi\/"},"modified":"2026-02-16T13:39:54","modified_gmt":"2026-02-16T11:39:54","slug":"ti-sento-milano-ring-1462zi","status":"publish","type":"product","link":"https:\/\/glamuur.ee\/et\/product\/ti-sento-milano-ring-1462zi\/","title":{"rendered":"TI SENTO \u2013 Milano S\u00f5rmus"},"content":{"rendered":"<p>Selle TI SENTO - Milano s\u00f5rmuse kaunid tsirkooniumid on t\u00f5eline pilgup\u00fc\u00fcdja. Kristall on oskuslikult k\u00e4sitsi lihvitud ja asetatud \u0161atoonistesse. See elegantne TI SENTO s\u00f5rmus on valmistatud k\u00f5rgekvaliteedilisest roodiumiga kaetud h\u00f5bedast, mille omadused tagavad nii t\u00e4iendava s\u00e4ra kui ka kulumiskindluse.<\/p>","protected":false},"excerpt":{"rendered":"<p>The beautiful zirconia featured on this TI SENTO &#8211; Milano ring is a real eye catcher. The crystal has been skillfully hand-cut and placed in a chaton setting. This elegant TI SENTO ring is made of the highest-quality rhodium-plated sterling silver whose properties ensure extra&#8230;<\/p>","protected":false},"featured_media":198658,"comment_status":"open","ping_status":"closed","template":"","meta":{"jetpack_post_was_ever_published":false},"product_brand":[],"product_cat":[599,730,72,145],"product_tag":[],"giftcard-category":[],"class_list":{"0":"post-202416","1":"product","2":"type-product","3":"status-publish","4":"has-post-thumbnail","6":"product_cat-sale","7":"product_cat-rings","8":"product_cat-ti-sento-milano","9":"product_cat-ti-sento-milano-rings","10":"pa_material-silver","11":"pa_metal-color-silver","12":"pa_product-brand-ti-sento-milano","13":"pa_size-52-1650","14":"pa_size-54-1725","15":"pa_size-56-1775","16":"pa_size-60-1900","17":"pa_stone-color-white","18":"pa_type-category-rings","20":"first","21":"instock","22":"featured","23":"taxable","24":"shipping-taxable","25":"purchasable","26":"product-type-variable"},"bundled_by":[],"bundle_stock_status":"instock","bundle_stock_quantity":null,"bundle_virtual":false,"bundle_layout":"","bundle_add_to_cart_form_location":"","bundle_editable_in_cart":false,"bundle_sold_individually_context":"","bundle_item_grouping":"","bundle_min_size":"","bundle_max_size":"","bundle_price":[],"bundled_items":[],"bundle_sell_ids":[],"etheme_brands":{"errors":{"invalid_taxonomy":["Lubamatu taksonoomia."]},"error_data":[]},"_links":{"self":[{"href":"https:\/\/glamuur.ee\/et\/wp-json\/wp\/v2\/product\/202416","targetHints":{"allow":["GET"]}}],"collection":[{"href":"https:\/\/glamuur.ee\/et\/wp-json\/wp\/v2\/product"}],"about":[{"href":"https:\/\/glamuur.ee\/et\/wp-json\/wp\/v2\/types\/product"}],"replies":[{"embeddable":true,"href":"https:\/\/glamuur.ee\/et\/wp-json\/wp\/v2\/comments?post=202416"}],"wp:featuredmedia":[{"embeddable":true,"href":"https:\/\/glamuur.ee\/et\/wp-json\/wp\/v2\/media\/198658"}],"wp:attachment":[{"href":"https:\/\/glamuur.ee\/et\/wp-json\/wp\/v2\/media?parent=202416"}],"wp:term":[{"taxonomy":"product_brand","embeddable":true,"href":"https:\/\/glamuur.ee\/et\/wp-json\/wp\/v2\/product_brand?post=202416"},{"taxonomy":"product_cat","embeddable":true,"href":"https:\/\/glamuur.ee\/et\/wp-json\/wp\/v2\/product_cat?post=202416"},{"taxonomy":"product_tag","embeddable":true,"href":"https:\/\/glamuur.ee\/et\/wp-json\/wp\/v2\/product_tag?post=202416"},{"taxonomy":"giftcard-category","embeddable":true,"href":"https:\/\/glamuur.ee\/et\/wp-json\/wp\/v2\/giftcard-category?post=202416"}],"curies":[{"name":"wp","href":"https:\/\/api.w.org\/{rel}","templated":true}]}}