{"id":20174,"date":"2023-01-06T16:09:42","date_gmt":"2023-01-06T14:09:42","guid":{"rendered":"https:\/\/dev.glamuur.ee\/product\/ania-haie-bracelet-b022-02g\/"},"modified":"2026-02-05T22:25:48","modified_gmt":"2026-02-05T20:25:48","slug":"ania-haie-kaevoru-b022-02g","status":"publish","type":"product","link":"https:\/\/glamuur.ee\/et\/product\/ania-haie-bracelet-b022-02g\/","title":{"rendered":"Ania Haie Bracelet B022-02G"},"content":{"rendered":"<p>Materjal: 925 h\u00f5be, roodium v\u00f5i 14kt kullaga kaetud.<br \/>\nK\u00e4ev\u00f5ru pikkus = 15.24cm<br \/>\nPikendusosa pikkus = 2.54cm<br \/>\nKogupikkus = 17.78cm<br \/>\nP\u00e4rli ema l\u00e4bim\u00f5\u00f5t:10mm Cz suurus:1.1\u00d71.1mm Qty=1tk<\/p>","protected":false},"excerpt":{"rendered":"<p>Material: 925 sterling silver with rhodium or 14kt gold plating Bracelet length = 15.24cm Extender length = 2.54cm Total length = 17.78cm Mother of pearl Diameter:10mm Cz Size:1.1&#215;1.1mm Qty=1pcs<\/p>","protected":false},"featured_media":39822,"comment_status":"open","ping_status":"closed","template":"","meta":{"jetpack_post_was_ever_published":false},"product_brand":[],"product_cat":[200,203,726,968,945],"product_tag":[],"giftcard-category":[],"class_list":{"0":"post-20174","1":"product","2":"type-product","3":"status-publish","4":"has-post-thumbnail","6":"product_cat-ania-haie","7":"product_cat-ania-haie-bracelet","8":"product_cat-bracelets","9":"product_cat-mothers-day-2025-ti-sento","10":"product_cat-pearls","11":"pa_material-silver","12":"pa_metal-color-yellow-gold","13":"pa_product-brand-ania-haie","14":"pa_stone-color-pearl","15":"pa_type-category-bracelets","17":"first","18":"instock","19":"sale","20":"featured","21":"taxable","22":"shipping-taxable","23":"purchasable","24":"product-type-simple"},"bundled_by":[],"bundle_stock_status":"instock","bundle_stock_quantity":4,"bundle_virtual":false,"bundle_layout":"","bundle_add_to_cart_form_location":"","bundle_editable_in_cart":false,"bundle_sold_individually_context":"","bundle_item_grouping":"","bundle_min_size":"","bundle_max_size":"","bundle_price":[],"bundled_items":[],"bundle_sell_ids":[],"etheme_brands":{"errors":{"invalid_taxonomy":["Lubamatu taksonoomia."]},"error_data":[]},"_links":{"self":[{"href":"https:\/\/glamuur.ee\/et\/wp-json\/wp\/v2\/product\/20174","targetHints":{"allow":["GET"]}}],"collection":[{"href":"https:\/\/glamuur.ee\/et\/wp-json\/wp\/v2\/product"}],"about":[{"href":"https:\/\/glamuur.ee\/et\/wp-json\/wp\/v2\/types\/product"}],"replies":[{"embeddable":true,"href":"https:\/\/glamuur.ee\/et\/wp-json\/wp\/v2\/comments?post=20174"}],"wp:featuredmedia":[{"embeddable":true,"href":"https:\/\/glamuur.ee\/et\/wp-json\/wp\/v2\/media\/39822"}],"wp:attachment":[{"href":"https:\/\/glamuur.ee\/et\/wp-json\/wp\/v2\/media?parent=20174"}],"wp:term":[{"taxonomy":"product_brand","embeddable":true,"href":"https:\/\/glamuur.ee\/et\/wp-json\/wp\/v2\/product_brand?post=20174"},{"taxonomy":"product_cat","embeddable":true,"href":"https:\/\/glamuur.ee\/et\/wp-json\/wp\/v2\/product_cat?post=20174"},{"taxonomy":"product_tag","embeddable":true,"href":"https:\/\/glamuur.ee\/et\/wp-json\/wp\/v2\/product_tag?post=20174"},{"taxonomy":"giftcard-category","embeddable":true,"href":"https:\/\/glamuur.ee\/et\/wp-json\/wp\/v2\/giftcard-category?post=20174"}],"curies":[{"name":"wp","href":"https:\/\/api.w.org\/{rel}","templated":true}]}}