{"id":201328,"date":"2023-05-17T18:14:34","date_gmt":"2023-05-17T18:14:34","guid":{"rendered":"https:\/\/glamuur.ee\/product\/ti-sento-milano-ring-12141zr\/"},"modified":"2026-02-16T13:19:11","modified_gmt":"2026-02-16T11:19:11","slug":"ti-sento-milano-ring-12141zr","status":"publish","type":"product","link":"https:\/\/glamuur.ee\/et\/product\/ti-sento-milano-ring-12141zr\/","title":{"rendered":"TI SENTO \u2013 Milano S\u00f5rmus"},"content":{"rendered":"<p>\u00dche k\u00fclje \u00fchendamine teise k\u00fcljega. Selle s\u00f5rmuse kollasest kullast ovaalne keskosa on kokku t\u00f5mmatud paveeritud valge tsirkooniumiga keelega. Tugev, kuid samas \u00f5rn.<\/p>\n<p>The TI SENTO &#8211; Milano Ring 12141ZR is crafted with Silver rose gold plated. The colour of this ring is Zirconia white rosegold plated. All TI SENTO &#8211; Milano jewels are gift-wrapped with infinite love and care. The magic is in our Silver.<\/p>\n<p>Ta on osa meie \u00d5htulehtede kollektsioonist: Kaleidoskoobid moodustavad Evening Lights'i aluse. Nude-toonid, pruunid kivid, roosakuld ja pidulikud s\u00e4delused annavad sellele kollektsioonile rafineeritud suhtumise.<\/p>","protected":false},"excerpt":{"rendered":"<p>Linking one side to the other. The yellow-gold oval centrepiece of this ring is pulled together by a pav\u00e9 white zirconia ban. Strong yet delicate. The TI SENTO &#8211; Milano Ring 12141ZR is crafted with Silver rose gold plated. The colour of this ring is&#8230;<\/p>","protected":false},"featured_media":195963,"comment_status":"open","ping_status":"closed","template":"","meta":{"jetpack_post_was_ever_published":false},"product_brand":[],"product_cat":[599,730,72,145],"product_tag":[],"giftcard-category":[],"class_list":{"0":"post-201328","1":"product","2":"type-product","3":"status-publish","4":"has-post-thumbnail","6":"product_cat-sale","7":"product_cat-rings","8":"product_cat-ti-sento-milano","9":"product_cat-ti-sento-milano-rings","10":"pa_material-silver","11":"pa_metal-color-rose-gold","12":"pa_product-brand-ti-sento-milano","13":"pa_size-50-1600","14":"pa_size-52-1650","15":"pa_stone-color-white","16":"pa_type-category-rings","18":"first","19":"instock","20":"featured","21":"taxable","22":"shipping-taxable","23":"purchasable","24":"product-type-variable"},"bundled_by":[],"bundle_stock_status":"instock","bundle_stock_quantity":null,"bundle_virtual":false,"bundle_layout":"","bundle_add_to_cart_form_location":"","bundle_editable_in_cart":false,"bundle_sold_individually_context":"","bundle_item_grouping":"","bundle_min_size":"","bundle_max_size":"","bundle_price":[],"bundled_items":[],"bundle_sell_ids":[],"etheme_brands":{"errors":{"invalid_taxonomy":["Lubamatu taksonoomia."]},"error_data":[]},"_links":{"self":[{"href":"https:\/\/glamuur.ee\/et\/wp-json\/wp\/v2\/product\/201328","targetHints":{"allow":["GET"]}}],"collection":[{"href":"https:\/\/glamuur.ee\/et\/wp-json\/wp\/v2\/product"}],"about":[{"href":"https:\/\/glamuur.ee\/et\/wp-json\/wp\/v2\/types\/product"}],"replies":[{"embeddable":true,"href":"https:\/\/glamuur.ee\/et\/wp-json\/wp\/v2\/comments?post=201328"}],"wp:featuredmedia":[{"embeddable":true,"href":"https:\/\/glamuur.ee\/et\/wp-json\/wp\/v2\/media\/195963"}],"wp:attachment":[{"href":"https:\/\/glamuur.ee\/et\/wp-json\/wp\/v2\/media?parent=201328"}],"wp:term":[{"taxonomy":"product_brand","embeddable":true,"href":"https:\/\/glamuur.ee\/et\/wp-json\/wp\/v2\/product_brand?post=201328"},{"taxonomy":"product_cat","embeddable":true,"href":"https:\/\/glamuur.ee\/et\/wp-json\/wp\/v2\/product_cat?post=201328"},{"taxonomy":"product_tag","embeddable":true,"href":"https:\/\/glamuur.ee\/et\/wp-json\/wp\/v2\/product_tag?post=201328"},{"taxonomy":"giftcard-category","embeddable":true,"href":"https:\/\/glamuur.ee\/et\/wp-json\/wp\/v2\/giftcard-category?post=201328"}],"curies":[{"name":"wp","href":"https:\/\/api.w.org\/{rel}","templated":true}]}}