{"id":201201,"date":"2023-05-17T18:10:05","date_gmt":"2023-05-17T18:10:05","guid":{"rendered":"https:\/\/glamuur.ee\/product\/ti-sento-milano-ring-12126gg\/"},"modified":"2026-02-16T13:18:37","modified_gmt":"2026-02-16T11:18:37","slug":"ti-sento-milano-sormus-12126gg","status":"publish","type":"product","link":"https:\/\/glamuur.ee\/et\/product\/ti-sento-milano-ring-12126gg\/","title":{"rendered":"TI SENTO \u2013 Milano S\u00f5rmus"},"content":{"rendered":"<p>Peenikese h\u00f5bedase asetusega, s\u00e4rava metsarohelisega kivikomplekt. Ta on klassikaline, elegantne ja lihtsalt veidi v\u00e4rske. Meie ikooniline Flowerbud on inspireeritud loodusest. Ta on naiselik ja rafineeritud. Tema sujuvad puhtad jooned loovad peene, kuid elegantse ehte.<\/p>","protected":false},"excerpt":{"rendered":"<p>Peenikese h\u00f5bedase asetusega, s\u00e4rava metsarohelisega kivikomplekt. Ta on klassikaline, elegantne ja lihtsalt veidi v\u00e4rske. Meie ikooniline Flowerbud on inspireeritud loodusest. Ta on naiselik ja rafineeritud. Tema sujuvad puhtad jooned loovad peene, kuid elegantse ehte.<\/p>","protected":false},"featured_media":195665,"comment_status":"open","ping_status":"closed","template":"","meta":{"jetpack_post_was_ever_published":false},"product_brand":[],"product_cat":[599,980,730,964,72,145],"product_tag":[],"giftcard-category":[],"class_list":{"0":"post-201201","1":"product","2":"type-product","3":"status-publish","4":"has-post-thumbnail","6":"product_cat-sale","7":"product_cat-ready-for-vacation","8":"product_cat-rings","9":"product_cat-summer-sale-ti-sento","10":"product_cat-ti-sento-milano","11":"product_cat-ti-sento-milano-rings","12":"pa_material-silver","13":"pa_metal-color-silver","14":"pa_product-brand-ti-sento-milano","15":"pa_size-54-1725","16":"pa_size-58-1850","17":"pa_size-60-1900","18":"pa_stone-color-green","19":"pa_type-category-rings","21":"first","22":"instock","23":"featured","24":"taxable","25":"shipping-taxable","26":"purchasable","27":"product-type-variable"},"bundled_by":[],"bundle_stock_status":"instock","bundle_stock_quantity":null,"bundle_virtual":false,"bundle_layout":"","bundle_add_to_cart_form_location":"","bundle_editable_in_cart":false,"bundle_sold_individually_context":"","bundle_item_grouping":"","bundle_min_size":"","bundle_max_size":"","bundle_price":[],"bundled_items":[],"bundle_sell_ids":[],"etheme_brands":{"errors":{"invalid_taxonomy":["Lubamatu taksonoomia."]},"error_data":[]},"_links":{"self":[{"href":"https:\/\/glamuur.ee\/et\/wp-json\/wp\/v2\/product\/201201","targetHints":{"allow":["GET"]}}],"collection":[{"href":"https:\/\/glamuur.ee\/et\/wp-json\/wp\/v2\/product"}],"about":[{"href":"https:\/\/glamuur.ee\/et\/wp-json\/wp\/v2\/types\/product"}],"replies":[{"embeddable":true,"href":"https:\/\/glamuur.ee\/et\/wp-json\/wp\/v2\/comments?post=201201"}],"wp:featuredmedia":[{"embeddable":true,"href":"https:\/\/glamuur.ee\/et\/wp-json\/wp\/v2\/media\/195665"}],"wp:attachment":[{"href":"https:\/\/glamuur.ee\/et\/wp-json\/wp\/v2\/media?parent=201201"}],"wp:term":[{"taxonomy":"product_brand","embeddable":true,"href":"https:\/\/glamuur.ee\/et\/wp-json\/wp\/v2\/product_brand?post=201201"},{"taxonomy":"product_cat","embeddable":true,"href":"https:\/\/glamuur.ee\/et\/wp-json\/wp\/v2\/product_cat?post=201201"},{"taxonomy":"product_tag","embeddable":true,"href":"https:\/\/glamuur.ee\/et\/wp-json\/wp\/v2\/product_tag?post=201201"},{"taxonomy":"giftcard-category","embeddable":true,"href":"https:\/\/glamuur.ee\/et\/wp-json\/wp\/v2\/giftcard-category?post=201201"}],"curies":[{"name":"wp","href":"https:\/\/api.w.org\/{rel}","templated":true}]}}