{"id":201109,"date":"2023-05-17T18:06:53","date_gmt":"2023-05-17T18:06:53","guid":{"rendered":"https:\/\/glamuur.ee\/product\/ti-sento-milano-ring-12117gg\/"},"modified":"2026-02-16T13:18:06","modified_gmt":"2026-02-16T11:18:06","slug":"ti-sento-milano-sormus-12117gg","status":"publish","type":"product","link":"https:\/\/glamuur.ee\/et\/product\/ti-sento-milano-ring-12117gg\/","title":{"rendered":"TI SENTO \u2013 Milano S\u00f5rmus"},"content":{"rendered":"<p>Selle metsarohelise kivi peent tooni t\u00e4iendab tema h\u00f5bedane \u00fcmbris. See s\u00f5rmus \u00f5hkab jahedat ja rahulikku suhtumist. Meie ikooniline Flowerbud on inspireeritud loodusest. Ta on naiselik ja rafineeritud. Tema sujuvad puhtad jooned loovad peene, kuid elegantse ehte.<\/p>\n<p>TI SENTO - Milano s\u00f5rmus 12117GG on valmistatud h\u00f5bedase roodiumiga. Selle s\u00f5rmuse v\u00e4rvus on roheline. K\u00f5ik TI SENTO - Milano ehted on kinkekaubana pakitud l\u00f5pmatu armastuse ja hoolega. Maagia peitub meie h\u00f5bedas.<\/p>","protected":false},"excerpt":{"rendered":"<p>The subtle shade of this forest green stone is complimented by her silver setting. This ring exudes a cool calm attitude. Our iconic Flowerbud was inspired by nature. She is feminine and refined. Her smooth clean lines create a subtle yet elegant jewel. The TI&#8230;<\/p>","protected":false},"featured_media":195450,"comment_status":"open","ping_status":"closed","template":"","meta":{"jetpack_post_was_ever_published":false},"product_brand":[],"product_cat":[599,980,730,964,72,145],"product_tag":[],"giftcard-category":[],"class_list":{"0":"post-201109","1":"product","2":"type-product","3":"status-publish","4":"has-post-thumbnail","6":"product_cat-sale","7":"product_cat-ready-for-vacation","8":"product_cat-rings","9":"product_cat-summer-sale-ti-sento","10":"product_cat-ti-sento-milano","11":"product_cat-ti-sento-milano-rings","12":"pa_material-silver","13":"pa_metal-color-silver","14":"pa_product-brand-ti-sento-milano","15":"pa_size-50-1600","16":"pa_stone-color-green","17":"pa_type-category-rings","19":"first","20":"instock","21":"featured","22":"taxable","23":"shipping-taxable","24":"purchasable","25":"product-type-variable"},"bundled_by":[],"bundle_stock_status":"instock","bundle_stock_quantity":null,"bundle_virtual":false,"bundle_layout":"","bundle_add_to_cart_form_location":"","bundle_editable_in_cart":false,"bundle_sold_individually_context":"","bundle_item_grouping":"","bundle_min_size":"","bundle_max_size":"","bundle_price":[],"bundled_items":[],"bundle_sell_ids":[],"etheme_brands":{"errors":{"invalid_taxonomy":["Lubamatu taksonoomia."]},"error_data":[]},"_links":{"self":[{"href":"https:\/\/glamuur.ee\/et\/wp-json\/wp\/v2\/product\/201109","targetHints":{"allow":["GET"]}}],"collection":[{"href":"https:\/\/glamuur.ee\/et\/wp-json\/wp\/v2\/product"}],"about":[{"href":"https:\/\/glamuur.ee\/et\/wp-json\/wp\/v2\/types\/product"}],"replies":[{"embeddable":true,"href":"https:\/\/glamuur.ee\/et\/wp-json\/wp\/v2\/comments?post=201109"}],"wp:featuredmedia":[{"embeddable":true,"href":"https:\/\/glamuur.ee\/et\/wp-json\/wp\/v2\/media\/195450"}],"wp:attachment":[{"href":"https:\/\/glamuur.ee\/et\/wp-json\/wp\/v2\/media?parent=201109"}],"wp:term":[{"taxonomy":"product_brand","embeddable":true,"href":"https:\/\/glamuur.ee\/et\/wp-json\/wp\/v2\/product_brand?post=201109"},{"taxonomy":"product_cat","embeddable":true,"href":"https:\/\/glamuur.ee\/et\/wp-json\/wp\/v2\/product_cat?post=201109"},{"taxonomy":"product_tag","embeddable":true,"href":"https:\/\/glamuur.ee\/et\/wp-json\/wp\/v2\/product_tag?post=201109"},{"taxonomy":"giftcard-category","embeddable":true,"href":"https:\/\/glamuur.ee\/et\/wp-json\/wp\/v2\/giftcard-category?post=201109"}],"curies":[{"name":"wp","href":"https:\/\/api.w.org\/{rel}","templated":true}]}}