{"id":200997,"date":"2023-05-17T18:02:29","date_gmt":"2023-05-17T18:02:29","guid":{"rendered":"https:\/\/glamuur.ee\/product\/ti-sento-milano-ring-12103mw\/"},"modified":"2026-02-16T13:17:12","modified_gmt":"2026-02-16T11:17:12","slug":"ti-sento-milano-ring-12103mw","status":"publish","type":"product","link":"https:\/\/glamuur.ee\/et\/product\/ti-sento-milano-ring-12103mw\/","title":{"rendered":"TI SENTO \u2013 Milano S\u00f5rmus"},"content":{"rendered":"<p>TI SENTO - Milano s\u00f5rmus, mis on valmistatud roodiumiga kaetud h\u00f5bedast. See s\u00f5rmus on \u00fcmbritsetud piimvalge lihvitud kristalliga. Suurep\u00e4rane baasosa igasse ehtekarpi! Kanna seda s\u00f5rmust koos teiste virnastatavate s\u00f5rmustega samal s\u00f5rmel, et luua oma v\u00e4limus!<\/p>","protected":false},"excerpt":{"rendered":"<p>TI SENTO - Milano s\u00f5rmus, mis on valmistatud roodiumiga kaetud h\u00f5bedast. See s\u00f5rmus on \u00fcmbritsetud piimvalge lihvitud kristalliga. Suurep\u00e4rane baasosa igasse ehtekarpi! Kanna seda s\u00f5rmust koos teiste virnastatavate s\u00f5rmustega samal s\u00f5rmel, et luua oma v\u00e4limus!<\/p>","protected":false},"featured_media":195201,"comment_status":"open","ping_status":"closed","template":"","meta":{"jetpack_post_was_ever_published":false},"product_brand":[],"product_cat":[968,945,730,72,145],"product_tag":[],"giftcard-category":[],"class_list":{"0":"post-200997","1":"product","2":"type-product","3":"status-publish","4":"has-post-thumbnail","6":"product_cat-mothers-day-2025-ti-sento","7":"product_cat-pearls","8":"product_cat-rings","9":"product_cat-ti-sento-milano","10":"product_cat-ti-sento-milano-rings","11":"pa_material-silver","12":"pa_metal-color-silver","13":"pa_product-brand-ti-sento-milano","14":"pa_size-50-1600","15":"pa_size-52-1650","16":"pa_size-54-1725","17":"pa_size-56-1775","18":"pa_size-58-1850","19":"pa_size-60-1900","20":"pa_stone-color-pearl","21":"pa_type-category-rings","23":"first","24":"instock","25":"featured","26":"taxable","27":"shipping-taxable","28":"purchasable","29":"product-type-variable"},"bundled_by":[],"bundle_stock_status":"instock","bundle_stock_quantity":null,"bundle_virtual":false,"bundle_layout":"","bundle_add_to_cart_form_location":"","bundle_editable_in_cart":false,"bundle_sold_individually_context":"","bundle_item_grouping":"","bundle_min_size":"","bundle_max_size":"","bundle_price":[],"bundled_items":[],"bundle_sell_ids":[],"etheme_brands":{"errors":{"invalid_taxonomy":["Lubamatu taksonoomia."]},"error_data":[]},"_links":{"self":[{"href":"https:\/\/glamuur.ee\/et\/wp-json\/wp\/v2\/product\/200997","targetHints":{"allow":["GET"]}}],"collection":[{"href":"https:\/\/glamuur.ee\/et\/wp-json\/wp\/v2\/product"}],"about":[{"href":"https:\/\/glamuur.ee\/et\/wp-json\/wp\/v2\/types\/product"}],"replies":[{"embeddable":true,"href":"https:\/\/glamuur.ee\/et\/wp-json\/wp\/v2\/comments?post=200997"}],"wp:featuredmedia":[{"embeddable":true,"href":"https:\/\/glamuur.ee\/et\/wp-json\/wp\/v2\/media\/195201"}],"wp:attachment":[{"href":"https:\/\/glamuur.ee\/et\/wp-json\/wp\/v2\/media?parent=200997"}],"wp:term":[{"taxonomy":"product_brand","embeddable":true,"href":"https:\/\/glamuur.ee\/et\/wp-json\/wp\/v2\/product_brand?post=200997"},{"taxonomy":"product_cat","embeddable":true,"href":"https:\/\/glamuur.ee\/et\/wp-json\/wp\/v2\/product_cat?post=200997"},{"taxonomy":"product_tag","embeddable":true,"href":"https:\/\/glamuur.ee\/et\/wp-json\/wp\/v2\/product_tag?post=200997"},{"taxonomy":"giftcard-category","embeddable":true,"href":"https:\/\/glamuur.ee\/et\/wp-json\/wp\/v2\/giftcard-category?post=200997"}],"curies":[{"name":"wp","href":"https:\/\/api.w.org\/{rel}","templated":true}]}}