{"id":200947,"date":"2023-05-17T18:00:43","date_gmt":"2023-05-17T18:00:43","guid":{"rendered":"https:\/\/glamuur.ee\/product\/ti-sento-milano-ring-12095mw\/"},"modified":"2026-02-16T13:16:41","modified_gmt":"2026-02-16T11:16:41","slug":"ti-sento-milano-ring-12095mw","status":"publish","type":"product","link":"https:\/\/glamuur.ee\/et\/product\/ti-sento-milano-ring-12095mw\/","title":{"rendered":"TI SENTO \u2013 Milano S\u00f5rmus"},"content":{"rendered":"<p>P\u00e4rlmutter on TI SENTO - Milano ehetes lemmik juba aastaid, kuid selles s\u00f5rmuses on seda kasutatud uuel viisil. P\u00e4rlmutter, paveeritud tsirkooniate ja sileda poleeritud h\u00f5beda kombinatsioon tuleb esile t\u00e4nu lainelisele mustrile, milles see on kasutatud. Erinevad kaubam\u00e4rgid n\u00e4ivad \u00fcksteise \u00fcle l\u00f5putult lainetavat. S\u00f5rmus on valmistatud roodiumiga kaetud Sterling h\u00f5bedast. Roodiumkiht kaitseb h\u00f5bedat loomuliku v\u00e4rvimuutuse eest ja annab sellele kauem kestva l\u00e4ike. TI SENTO kollektsioonis on saadaval erinevaid omavahel sobivaid ehteid, mis j\u00e4rgivad Mix Match kontseptsiooni.<\/p>","protected":false},"excerpt":{"rendered":"<p>Mother of pearl is a favourite in TI SENTO \u2013 Milano jewellery already for years, but in this ring it is used in a new way. The combination of mother of pearl, pave set Zirconia and smoothly polished silver comes in to its own through&#8230;<\/p>","protected":false},"featured_media":195094,"comment_status":"open","ping_status":"closed","template":"","meta":{"jetpack_post_was_ever_published":false},"product_brand":[],"product_cat":[968,945,730,72,145],"product_tag":[],"giftcard-category":[],"class_list":{"0":"post-200947","1":"product","2":"type-product","3":"status-publish","4":"has-post-thumbnail","6":"product_cat-mothers-day-2025-ti-sento","7":"product_cat-pearls","8":"product_cat-rings","9":"product_cat-ti-sento-milano","10":"product_cat-ti-sento-milano-rings","11":"pa_material-silver","12":"pa_metal-color-silver","13":"pa_product-brand-ti-sento-milano","14":"pa_size-50-1600","15":"pa_size-52-1650","16":"pa_size-60-1900","17":"pa_stone-color-pearl","18":"pa_type-category-rings","20":"first","21":"instock","22":"featured","23":"taxable","24":"shipping-taxable","25":"purchasable","26":"product-type-variable"},"bundled_by":[],"bundle_stock_status":"instock","bundle_stock_quantity":null,"bundle_virtual":false,"bundle_layout":"","bundle_add_to_cart_form_location":"","bundle_editable_in_cart":false,"bundle_sold_individually_context":"","bundle_item_grouping":"","bundle_min_size":"","bundle_max_size":"","bundle_price":[],"bundled_items":[],"bundle_sell_ids":[],"etheme_brands":{"errors":{"invalid_taxonomy":["Lubamatu taksonoomia."]},"error_data":[]},"_links":{"self":[{"href":"https:\/\/glamuur.ee\/et\/wp-json\/wp\/v2\/product\/200947","targetHints":{"allow":["GET"]}}],"collection":[{"href":"https:\/\/glamuur.ee\/et\/wp-json\/wp\/v2\/product"}],"about":[{"href":"https:\/\/glamuur.ee\/et\/wp-json\/wp\/v2\/types\/product"}],"replies":[{"embeddable":true,"href":"https:\/\/glamuur.ee\/et\/wp-json\/wp\/v2\/comments?post=200947"}],"wp:featuredmedia":[{"embeddable":true,"href":"https:\/\/glamuur.ee\/et\/wp-json\/wp\/v2\/media\/195094"}],"wp:attachment":[{"href":"https:\/\/glamuur.ee\/et\/wp-json\/wp\/v2\/media?parent=200947"}],"wp:term":[{"taxonomy":"product_brand","embeddable":true,"href":"https:\/\/glamuur.ee\/et\/wp-json\/wp\/v2\/product_brand?post=200947"},{"taxonomy":"product_cat","embeddable":true,"href":"https:\/\/glamuur.ee\/et\/wp-json\/wp\/v2\/product_cat?post=200947"},{"taxonomy":"product_tag","embeddable":true,"href":"https:\/\/glamuur.ee\/et\/wp-json\/wp\/v2\/product_tag?post=200947"},{"taxonomy":"giftcard-category","embeddable":true,"href":"https:\/\/glamuur.ee\/et\/wp-json\/wp\/v2\/giftcard-category?post=200947"}],"curies":[{"name":"wp","href":"https:\/\/api.w.org\/{rel}","templated":true}]}}