{"id":200911,"date":"2023-05-17T17:59:28","date_gmt":"2023-05-17T17:59:28","guid":{"rendered":"https:\/\/glamuur.ee\/product\/ti-sento-milano-ring-12087zi\/"},"modified":"2026-02-16T13:15:22","modified_gmt":"2026-02-16T11:15:22","slug":"ti-sento-milano-ring-12087zi","status":"publish","type":"product","link":"https:\/\/glamuur.ee\/et\/product\/ti-sento-milano-ring-12087zi\/","title":{"rendered":"TI SENTO \u2013 Milano S\u00f5rmus"},"content":{"rendered":"<p>See klassikaline TI SENTO - Milano s\u00f5rmus on ajatu valge teostusega. Keskmine tsirkoonium on fantaasiakujuliselt l\u00f5igatud ja asetatud nelja \u00f5hukese klambriga pringi sisse. S\u00f5rmuse riba on k\u00e4sitsi paveeritud v\u00e4ikeste tsirkooniumidega, mis annab sellele s\u00e4rava pinna. S\u00f5rmus on valmistatud t\u00e4ielikult roodiumiga kaetud Sterling-h\u00f5bedast. Roodiumkiht aitab s\u00e4ra kauem s\u00e4ilitada ja kaitseb ehtekeha. S\u00f5rmuse sisek\u00fcljele on graveeritud TI SENTO logo.<\/p>","protected":false},"excerpt":{"rendered":"<p>This classic TI SENTO &#8211; Milano ring has a timeless white execution. The middle Zirconia is fantasy cut and set in a prong of four thin clasps. The ring band is pave set by hand with small Zirconia, giving it a shiny surface. The ring&#8230;<\/p>","protected":false},"featured_media":195025,"comment_status":"open","ping_status":"closed","template":"","meta":{"jetpack_post_was_ever_published":false},"product_brand":[],"product_cat":[599,730,72,145],"product_tag":[],"giftcard-category":[],"class_list":{"0":"post-200911","1":"product","2":"type-product","3":"status-publish","4":"has-post-thumbnail","6":"product_cat-sale","7":"product_cat-rings","8":"product_cat-ti-sento-milano","9":"product_cat-ti-sento-milano-rings","10":"pa_material-silver","11":"pa_metal-color-silver","12":"pa_product-brand-ti-sento-milano","13":"pa_size-50-1600","14":"pa_size-52-1650","15":"pa_size-54-1725","16":"pa_size-56-1775","17":"pa_size-58-1850","18":"pa_size-60-1900","19":"pa_stone-color-white","20":"pa_type-category-rings","22":"first","23":"instock","24":"featured","25":"taxable","26":"shipping-taxable","27":"purchasable","28":"product-type-variable"},"bundled_by":[],"bundle_stock_status":"instock","bundle_stock_quantity":null,"bundle_virtual":false,"bundle_layout":"","bundle_add_to_cart_form_location":"","bundle_editable_in_cart":false,"bundle_sold_individually_context":"","bundle_item_grouping":"","bundle_min_size":"","bundle_max_size":"","bundle_price":[],"bundled_items":[],"bundle_sell_ids":[],"etheme_brands":{"errors":{"invalid_taxonomy":["Lubamatu taksonoomia."]},"error_data":[]},"_links":{"self":[{"href":"https:\/\/glamuur.ee\/et\/wp-json\/wp\/v2\/product\/200911","targetHints":{"allow":["GET"]}}],"collection":[{"href":"https:\/\/glamuur.ee\/et\/wp-json\/wp\/v2\/product"}],"about":[{"href":"https:\/\/glamuur.ee\/et\/wp-json\/wp\/v2\/types\/product"}],"replies":[{"embeddable":true,"href":"https:\/\/glamuur.ee\/et\/wp-json\/wp\/v2\/comments?post=200911"}],"wp:featuredmedia":[{"embeddable":true,"href":"https:\/\/glamuur.ee\/et\/wp-json\/wp\/v2\/media\/195025"}],"wp:attachment":[{"href":"https:\/\/glamuur.ee\/et\/wp-json\/wp\/v2\/media?parent=200911"}],"wp:term":[{"taxonomy":"product_brand","embeddable":true,"href":"https:\/\/glamuur.ee\/et\/wp-json\/wp\/v2\/product_brand?post=200911"},{"taxonomy":"product_cat","embeddable":true,"href":"https:\/\/glamuur.ee\/et\/wp-json\/wp\/v2\/product_cat?post=200911"},{"taxonomy":"product_tag","embeddable":true,"href":"https:\/\/glamuur.ee\/et\/wp-json\/wp\/v2\/product_tag?post=200911"},{"taxonomy":"giftcard-category","embeddable":true,"href":"https:\/\/glamuur.ee\/et\/wp-json\/wp\/v2\/giftcard-category?post=200911"}],"curies":[{"name":"wp","href":"https:\/\/api.w.org\/{rel}","templated":true}]}}