{"id":200897,"date":"2023-05-17T17:58:59","date_gmt":"2023-05-17T17:58:59","guid":{"rendered":"https:\/\/glamuur.ee\/product\/ti-sento-milano-ring-12085mw\/"},"modified":"2026-02-16T13:15:08","modified_gmt":"2026-02-16T11:15:08","slug":"ti-sento-milano-ring-12085mw","status":"publish","type":"product","link":"https:\/\/glamuur.ee\/et\/product\/ti-sento-milano-ring-12085mw\/","title":{"rendered":"TI SENTO \u2013 Milano S\u00f5rmus"},"content":{"rendered":"<p>S\u00f5rmus on juba m\u00f5nda aega moes olnud. TI SENTO on andnud sellele oma vindi, luues s\u00f5rmuse \"sildi\" p\u00e4rlmutterist, mis on kaetud paveeritud tsirkooniatega. TI SENTO disainerid p\u00f6\u00f6ravad alati t\u00e4helepanu ka k\u00f5ige v\u00e4iksematele detailidele, mida v\u00f5ib siinkohal m\u00e4rgata s\u00f5rmuse sisek\u00fclje ilusast viimistlusest. S\u00f5rmuse k\u00fcljel on h\u00e4sti \u00e4ratuntav TI SENTO monogramm. S\u00f5rmus on valmistatud roodiumiga kaetud Sterling-h\u00f5bedast, mis annab h\u00f5bedale kauem kestva s\u00e4ra ja kaitse loomuliku v\u00e4rvimuutuse eest.<\/p>","protected":false},"excerpt":{"rendered":"<p>The signet ring is a fashion item for some time now. TI SENTO has given her own twist to it by creating the \u2018signet\u2019 of the ring from mother of pearl, boarded with pave set Zirconia. The TI SENTO designers always pay attention to the&#8230;<\/p>","protected":false},"featured_media":195005,"comment_status":"open","ping_status":"closed","template":"","meta":{"jetpack_post_was_ever_published":false},"product_brand":[],"product_cat":[968,945,730,72,145],"product_tag":[],"giftcard-category":[],"class_list":{"0":"post-200897","1":"product","2":"type-product","3":"status-publish","4":"has-post-thumbnail","6":"product_cat-mothers-day-2025-ti-sento","7":"product_cat-pearls","8":"product_cat-rings","9":"product_cat-ti-sento-milano","10":"product_cat-ti-sento-milano-rings","11":"pa_material-silver","12":"pa_metal-color-silver","13":"pa_product-brand-ti-sento-milano","14":"pa_size-50-1600","15":"pa_size-52-1650","16":"pa_size-54-1725","17":"pa_size-56-1775","18":"pa_size-58-1850","19":"pa_size-60-1900","20":"pa_stone-color-pearl","21":"pa_type-category-rings","23":"first","24":"instock","25":"featured","26":"taxable","27":"shipping-taxable","28":"purchasable","29":"product-type-variable"},"bundled_by":[],"bundle_stock_status":"instock","bundle_stock_quantity":null,"bundle_virtual":false,"bundle_layout":"","bundle_add_to_cart_form_location":"","bundle_editable_in_cart":false,"bundle_sold_individually_context":"","bundle_item_grouping":"","bundle_min_size":"","bundle_max_size":"","bundle_price":[],"bundled_items":[],"bundle_sell_ids":[],"etheme_brands":{"errors":{"invalid_taxonomy":["Lubamatu taksonoomia."]},"error_data":[]},"_links":{"self":[{"href":"https:\/\/glamuur.ee\/et\/wp-json\/wp\/v2\/product\/200897","targetHints":{"allow":["GET"]}}],"collection":[{"href":"https:\/\/glamuur.ee\/et\/wp-json\/wp\/v2\/product"}],"about":[{"href":"https:\/\/glamuur.ee\/et\/wp-json\/wp\/v2\/types\/product"}],"replies":[{"embeddable":true,"href":"https:\/\/glamuur.ee\/et\/wp-json\/wp\/v2\/comments?post=200897"}],"wp:featuredmedia":[{"embeddable":true,"href":"https:\/\/glamuur.ee\/et\/wp-json\/wp\/v2\/media\/195005"}],"wp:attachment":[{"href":"https:\/\/glamuur.ee\/et\/wp-json\/wp\/v2\/media?parent=200897"}],"wp:term":[{"taxonomy":"product_brand","embeddable":true,"href":"https:\/\/glamuur.ee\/et\/wp-json\/wp\/v2\/product_brand?post=200897"},{"taxonomy":"product_cat","embeddable":true,"href":"https:\/\/glamuur.ee\/et\/wp-json\/wp\/v2\/product_cat?post=200897"},{"taxonomy":"product_tag","embeddable":true,"href":"https:\/\/glamuur.ee\/et\/wp-json\/wp\/v2\/product_tag?post=200897"},{"taxonomy":"giftcard-category","embeddable":true,"href":"https:\/\/glamuur.ee\/et\/wp-json\/wp\/v2\/giftcard-category?post=200897"}],"curies":[{"name":"wp","href":"https:\/\/api.w.org\/{rel}","templated":true}]}}