{"id":20087,"date":"2023-01-06T16:08:05","date_gmt":"2023-01-06T14:08:05","guid":{"rendered":"https:\/\/dev.glamuur.ee\/product\/ania-haie-bracelet-b021-01g\/"},"modified":"2026-02-05T22:25:45","modified_gmt":"2026-02-05T20:25:45","slug":"ania-haie-kaevoru-b021-01g","status":"publish","type":"product","link":"https:\/\/glamuur.ee\/et\/product\/ania-haie-bracelet-b021-01g\/","title":{"rendered":"Ania Haie Bracelet B021-01G"},"content":{"rendered":"<p>Materjal: 925 h\u00f5be, roodium v\u00f5i 14kt kullaga kaetud.<br \/>\nK\u00e4ev\u00f5ru pikkus = 16.5cm<br \/>\nPikendusosa pikkus = 2cm<br \/>\nKogupikkus = 18.5cm<\/p>","protected":false},"excerpt":{"rendered":"<p>Materjal: Materjal: 925 h\u00f5be, roodium- v\u00f5i 14kt kullaga kaetud k\u00e4ev\u00f5ru pikkus = 16.5cm Pikendusosa pikkus = 2cm Kogupikkus = 18.5cm<\/p>","protected":false},"featured_media":39786,"comment_status":"open","ping_status":"closed","template":"","meta":{"jetpack_post_was_ever_published":false},"product_brand":[],"product_cat":[200,203,726],"product_tag":[],"giftcard-category":[],"class_list":{"0":"post-20087","1":"product","2":"type-product","3":"status-publish","4":"has-post-thumbnail","6":"product_cat-ania-haie","7":"product_cat-ania-haie-bracelet","8":"product_cat-bracelets","9":"pa_material-silver","10":"pa_metal-color-yellow-gold","11":"pa_product-brand-ania-haie","12":"pa_stone-color-without-stones","13":"pa_type-category-bracelets","15":"first","16":"instock","17":"featured","18":"taxable","19":"shipping-taxable","20":"purchasable","21":"product-type-simple"},"bundled_by":[],"bundle_stock_status":"instock","bundle_stock_quantity":2,"bundle_virtual":false,"bundle_layout":"","bundle_add_to_cart_form_location":"","bundle_editable_in_cart":false,"bundle_sold_individually_context":"","bundle_item_grouping":"","bundle_min_size":"","bundle_max_size":"","bundle_price":[],"bundled_items":[],"bundle_sell_ids":[],"etheme_brands":{"errors":{"invalid_taxonomy":["Lubamatu taksonoomia."]},"error_data":[]},"_links":{"self":[{"href":"https:\/\/glamuur.ee\/et\/wp-json\/wp\/v2\/product\/20087","targetHints":{"allow":["GET"]}}],"collection":[{"href":"https:\/\/glamuur.ee\/et\/wp-json\/wp\/v2\/product"}],"about":[{"href":"https:\/\/glamuur.ee\/et\/wp-json\/wp\/v2\/types\/product"}],"replies":[{"embeddable":true,"href":"https:\/\/glamuur.ee\/et\/wp-json\/wp\/v2\/comments?post=20087"}],"wp:featuredmedia":[{"embeddable":true,"href":"https:\/\/glamuur.ee\/et\/wp-json\/wp\/v2\/media\/39786"}],"wp:attachment":[{"href":"https:\/\/glamuur.ee\/et\/wp-json\/wp\/v2\/media?parent=20087"}],"wp:term":[{"taxonomy":"product_brand","embeddable":true,"href":"https:\/\/glamuur.ee\/et\/wp-json\/wp\/v2\/product_brand?post=20087"},{"taxonomy":"product_cat","embeddable":true,"href":"https:\/\/glamuur.ee\/et\/wp-json\/wp\/v2\/product_cat?post=20087"},{"taxonomy":"product_tag","embeddable":true,"href":"https:\/\/glamuur.ee\/et\/wp-json\/wp\/v2\/product_tag?post=20087"},{"taxonomy":"giftcard-category","embeddable":true,"href":"https:\/\/glamuur.ee\/et\/wp-json\/wp\/v2\/giftcard-category?post=20087"}],"curies":[{"name":"wp","href":"https:\/\/api.w.org\/{rel}","templated":true}]}}