{"id":200848,"date":"2023-05-17T17:57:15","date_gmt":"2023-05-17T17:57:15","guid":{"rendered":"https:\/\/glamuur.ee\/product\/ti-sento-milano-ring-12079ag\/"},"modified":"2026-02-16T13:14:43","modified_gmt":"2026-02-16T11:14:43","slug":"ti-sento-milano-sormus-12079ag","status":"publish","type":"product","link":"https:\/\/glamuur.ee\/et\/product\/ti-sento-milano-ring-12079ag\/","title":{"rendered":"TI SENTO \u2013 Milano S\u00f5rmus"},"content":{"rendered":"<p>See elegantne TI SENTO - Milano s\u00f5rmus on varustatud akva rohelise \u00fcmmarguse kristalliga. Lihvitud kristall on asetatud roodiumiga kaetud Sterling h\u00f5bedast siledasse korpusesse. Briljantse lihviga tsirkoonia on selle stiilse TI SENTO - Milano s\u00f5rmuse pave-fikseeringusse k\u00e4sitsi t\u00f6\u00f6deldud. Mix Match kontseptsiooni raames on alati v\u00f5imalik leida sobivaid ehteid.<\/p>","protected":false},"excerpt":{"rendered":"<p>This elegant TI SENTO \u2013 Milano ring is provided with an aqua green round crystal. The facet cut crystal is set in a smooth casing of Rhodium plated Sterling silver. The brilliant cut Zirconia worked into a pave setting by hand on this stylish TI&#8230;<\/p>","protected":false},"featured_media":194920,"comment_status":"open","ping_status":"closed","template":"","meta":{"jetpack_post_was_ever_published":false},"product_brand":[],"product_cat":[599,730,72,145],"product_tag":[],"giftcard-category":[],"class_list":{"0":"post-200848","1":"product","2":"type-product","3":"status-publish","4":"has-post-thumbnail","6":"product_cat-sale","7":"product_cat-rings","8":"product_cat-ti-sento-milano","9":"product_cat-ti-sento-milano-rings","10":"pa_material-silver","11":"pa_metal-color-silver","12":"pa_product-brand-ti-sento-milano","13":"pa_size-50-1600","14":"pa_size-52-1650","15":"pa_size-54-1725","16":"pa_size-56-1775","17":"pa_size-58-1850","18":"pa_size-60-1900","19":"pa_stone-color-blue","20":"pa_type-category-rings","22":"first","23":"instock","24":"featured","25":"taxable","26":"shipping-taxable","27":"purchasable","28":"product-type-variable"},"bundled_by":[],"bundle_stock_status":"instock","bundle_stock_quantity":null,"bundle_virtual":false,"bundle_layout":"","bundle_add_to_cart_form_location":"","bundle_editable_in_cart":false,"bundle_sold_individually_context":"","bundle_item_grouping":"","bundle_min_size":"","bundle_max_size":"","bundle_price":[],"bundled_items":[],"bundle_sell_ids":[],"etheme_brands":{"errors":{"invalid_taxonomy":["Lubamatu taksonoomia."]},"error_data":[]},"_links":{"self":[{"href":"https:\/\/glamuur.ee\/et\/wp-json\/wp\/v2\/product\/200848","targetHints":{"allow":["GET"]}}],"collection":[{"href":"https:\/\/glamuur.ee\/et\/wp-json\/wp\/v2\/product"}],"about":[{"href":"https:\/\/glamuur.ee\/et\/wp-json\/wp\/v2\/types\/product"}],"replies":[{"embeddable":true,"href":"https:\/\/glamuur.ee\/et\/wp-json\/wp\/v2\/comments?post=200848"}],"wp:featuredmedia":[{"embeddable":true,"href":"https:\/\/glamuur.ee\/et\/wp-json\/wp\/v2\/media\/194920"}],"wp:attachment":[{"href":"https:\/\/glamuur.ee\/et\/wp-json\/wp\/v2\/media?parent=200848"}],"wp:term":[{"taxonomy":"product_brand","embeddable":true,"href":"https:\/\/glamuur.ee\/et\/wp-json\/wp\/v2\/product_brand?post=200848"},{"taxonomy":"product_cat","embeddable":true,"href":"https:\/\/glamuur.ee\/et\/wp-json\/wp\/v2\/product_cat?post=200848"},{"taxonomy":"product_tag","embeddable":true,"href":"https:\/\/glamuur.ee\/et\/wp-json\/wp\/v2\/product_tag?post=200848"},{"taxonomy":"giftcard-category","embeddable":true,"href":"https:\/\/glamuur.ee\/et\/wp-json\/wp\/v2\/giftcard-category?post=200848"}],"curies":[{"name":"wp","href":"https:\/\/api.w.org\/{rel}","templated":true}]}}