{"id":200841,"date":"2023-05-17T17:56:59","date_gmt":"2023-05-17T17:56:59","guid":{"rendered":"https:\/\/glamuur.ee\/product\/ti-sento-milano-ring-12077wb\/"},"modified":"2026-02-16T13:14:37","modified_gmt":"2026-02-16T11:14:37","slug":"ti-sento-milano-ring-12077wb","status":"publish","type":"product","link":"https:\/\/glamuur.ee\/et\/product\/ti-sento-milano-ring-12077wb\/","title":{"rendered":"TI SENTO \u2013 Milano S\u00f5rmus"},"content":{"rendered":"<p>See TI SENTO - Milano s\u00f5rmus on kaunistatud siniste kristallidega Ovaalse kujuga kivi on asetatud siledasse valukivisse. S\u00f5rmus on valmistatud Sterling h\u00f5bedast ja sellele on lisatud roodium kiht. Rhodium aitab s\u00e4ilitada pikemat s\u00e4ra ja ka kaitsta ehtekeha. S\u00f5rmuse riba on varustatud pave set tsirkooniatega, mille tulemusena tuleb sinise kivi s\u00e4ra veelgi enam esile S\u00f5rmuse juurde kuulub erinevaid sobivaid ehteid TI SENTO kollektsioonist.<\/p>","protected":false},"excerpt":{"rendered":"<p>This TI SENTO \u2013 Milano ring is set with facetted blue crystals The oval shapes stone is set in a smooth casting. The ring is made of Sterling silver and has a layer Rhodium added on. The rhodium helps to maintain a lengthier shine and&#8230;<\/p>","protected":false},"featured_media":194907,"comment_status":"open","ping_status":"closed","template":"","meta":{"jetpack_post_was_ever_published":false},"product_brand":[],"product_cat":[599,730,72,145],"product_tag":[],"giftcard-category":[],"class_list":{"0":"post-200841","1":"product","2":"type-product","3":"status-publish","4":"has-post-thumbnail","6":"product_cat-sale","7":"product_cat-rings","8":"product_cat-ti-sento-milano","9":"product_cat-ti-sento-milano-rings","10":"pa_material-silver","11":"pa_metal-color-silver","12":"pa_product-brand-ti-sento-milano","13":"pa_size-50-1600","14":"pa_size-52-1650","15":"pa_size-54-1725","16":"pa_size-56-1775","17":"pa_size-58-1850","18":"pa_size-60-1900","19":"pa_stone-color-blue","20":"pa_type-category-rings","22":"first","23":"instock","24":"featured","25":"taxable","26":"shipping-taxable","27":"purchasable","28":"product-type-variable"},"bundled_by":[],"bundle_stock_status":"instock","bundle_stock_quantity":null,"bundle_virtual":false,"bundle_layout":"","bundle_add_to_cart_form_location":"","bundle_editable_in_cart":false,"bundle_sold_individually_context":"","bundle_item_grouping":"","bundle_min_size":"","bundle_max_size":"","bundle_price":[],"bundled_items":[],"bundle_sell_ids":[],"etheme_brands":{"errors":{"invalid_taxonomy":["Lubamatu taksonoomia."]},"error_data":[]},"_links":{"self":[{"href":"https:\/\/glamuur.ee\/et\/wp-json\/wp\/v2\/product\/200841","targetHints":{"allow":["GET"]}}],"collection":[{"href":"https:\/\/glamuur.ee\/et\/wp-json\/wp\/v2\/product"}],"about":[{"href":"https:\/\/glamuur.ee\/et\/wp-json\/wp\/v2\/types\/product"}],"replies":[{"embeddable":true,"href":"https:\/\/glamuur.ee\/et\/wp-json\/wp\/v2\/comments?post=200841"}],"wp:featuredmedia":[{"embeddable":true,"href":"https:\/\/glamuur.ee\/et\/wp-json\/wp\/v2\/media\/194907"}],"wp:attachment":[{"href":"https:\/\/glamuur.ee\/et\/wp-json\/wp\/v2\/media?parent=200841"}],"wp:term":[{"taxonomy":"product_brand","embeddable":true,"href":"https:\/\/glamuur.ee\/et\/wp-json\/wp\/v2\/product_brand?post=200841"},{"taxonomy":"product_cat","embeddable":true,"href":"https:\/\/glamuur.ee\/et\/wp-json\/wp\/v2\/product_cat?post=200841"},{"taxonomy":"product_tag","embeddable":true,"href":"https:\/\/glamuur.ee\/et\/wp-json\/wp\/v2\/product_tag?post=200841"},{"taxonomy":"giftcard-category","embeddable":true,"href":"https:\/\/glamuur.ee\/et\/wp-json\/wp\/v2\/giftcard-category?post=200841"}],"curies":[{"name":"wp","href":"https:\/\/api.w.org\/{rel}","templated":true}]}}