{"id":200826,"date":"2023-05-17T17:56:30","date_gmt":"2023-05-17T17:56:30","guid":{"rendered":"https:\/\/glamuur.ee\/product\/ti-sento-milano-ring-12076gg\/"},"modified":"2026-02-16T13:14:21","modified_gmt":"2026-02-16T11:14:21","slug":"ti-sento-milano-sormus-12076gg","status":"publish","type":"product","link":"https:\/\/glamuur.ee\/et\/product\/ti-sento-milano-ring-12076gg\/","title":{"rendered":"TI SENTO \u2013 Milano S\u00f5rmus"},"content":{"rendered":"<p>See TI SENTO - Milano s\u00f5rmus on t\u00f5eline pilkup\u00fc\u00fcdja! Keskel olev suur lihvitud kivi on halli-roheline segu. Kivi v\u00e4rv muudab s\u00f5rmuse ideaalselt sobivaks mitmete riiete jaoks. S\u00f5rmus on valmistatud roodiumiga kaetud sterlingh\u00f5bedast ja selle k\u00fclgedel on tsirkooniatega paveeritud kinnitused. Roodiumkate tagab kauakestva s\u00e4ra ja kaitse. TI SENTO - Milano ehted tulevad luksuslikus kinkekarbis. Nii saate oma lemmik ehet hoida s\u00e4\u00e4stes harvadel hetkedel, kui te seda ei kanna.<\/p>","protected":false},"excerpt":{"rendered":"<p>This TI SENTO &#8211; Milano ring is a real eyecatcher! The large faceted stone in the middle is a mixture of grey-green. The colour of the stone makes the ring perfect for multiple outfits. The ring was made of rhodium plated sterling silver and has&#8230;<\/p>","protected":false},"featured_media":194880,"comment_status":"open","ping_status":"closed","template":"","meta":{"jetpack_post_was_ever_published":false},"product_brand":[],"product_cat":[599,980,730,964,72,145],"product_tag":[],"giftcard-category":[],"class_list":{"0":"post-200826","1":"product","2":"type-product","3":"status-publish","4":"has-post-thumbnail","6":"product_cat-sale","7":"product_cat-ready-for-vacation","8":"product_cat-rings","9":"product_cat-summer-sale-ti-sento","10":"product_cat-ti-sento-milano","11":"product_cat-ti-sento-milano-rings","12":"pa_material-silver","13":"pa_metal-color-silver","14":"pa_product-brand-ti-sento-milano","15":"pa_size-50-1600","16":"pa_size-52-1650","17":"pa_size-54-1725","18":"pa_size-56-1775","19":"pa_size-58-1850","20":"pa_size-60-1900","21":"pa_stone-color-green","22":"pa_type-category-rings","24":"first","25":"instock","26":"featured","27":"taxable","28":"shipping-taxable","29":"purchasable","30":"product-type-variable"},"bundled_by":[],"bundle_stock_status":"instock","bundle_stock_quantity":null,"bundle_virtual":false,"bundle_layout":"","bundle_add_to_cart_form_location":"","bundle_editable_in_cart":false,"bundle_sold_individually_context":"","bundle_item_grouping":"","bundle_min_size":"","bundle_max_size":"","bundle_price":[],"bundled_items":[],"bundle_sell_ids":[],"etheme_brands":{"errors":{"invalid_taxonomy":["Lubamatu taksonoomia."]},"error_data":[]},"_links":{"self":[{"href":"https:\/\/glamuur.ee\/et\/wp-json\/wp\/v2\/product\/200826","targetHints":{"allow":["GET"]}}],"collection":[{"href":"https:\/\/glamuur.ee\/et\/wp-json\/wp\/v2\/product"}],"about":[{"href":"https:\/\/glamuur.ee\/et\/wp-json\/wp\/v2\/types\/product"}],"replies":[{"embeddable":true,"href":"https:\/\/glamuur.ee\/et\/wp-json\/wp\/v2\/comments?post=200826"}],"wp:featuredmedia":[{"embeddable":true,"href":"https:\/\/glamuur.ee\/et\/wp-json\/wp\/v2\/media\/194880"}],"wp:attachment":[{"href":"https:\/\/glamuur.ee\/et\/wp-json\/wp\/v2\/media?parent=200826"}],"wp:term":[{"taxonomy":"product_brand","embeddable":true,"href":"https:\/\/glamuur.ee\/et\/wp-json\/wp\/v2\/product_brand?post=200826"},{"taxonomy":"product_cat","embeddable":true,"href":"https:\/\/glamuur.ee\/et\/wp-json\/wp\/v2\/product_cat?post=200826"},{"taxonomy":"product_tag","embeddable":true,"href":"https:\/\/glamuur.ee\/et\/wp-json\/wp\/v2\/product_tag?post=200826"},{"taxonomy":"giftcard-category","embeddable":true,"href":"https:\/\/glamuur.ee\/et\/wp-json\/wp\/v2\/giftcard-category?post=200826"}],"curies":[{"name":"wp","href":"https:\/\/api.w.org\/{rel}","templated":true}]}}