{"id":200784,"date":"2023-05-17T17:55:11","date_gmt":"2023-05-17T17:55:11","guid":{"rendered":"https:\/\/glamuur.ee\/product\/ti-sento-milano-ring-12057wb\/"},"modified":"2026-02-16T13:13:52","modified_gmt":"2026-02-16T11:13:52","slug":"ti-sento-milano-ring-12057wb","status":"publish","type":"product","link":"https:\/\/glamuur.ee\/et\/product\/ti-sento-milano-ring-12057wb\/","title":{"rendered":"TI SENTO \u2013 Milano S\u00f5rmus"},"content":{"rendered":"<p>Selle TI SENTO - Milano s\u00f5rmuse keskmeks on lihvitud sinine kristall. R\u00f5ngas on m\u00f5lemalt poolt tsirkooniumiga, mis r\u00f5hutab selle s\u00e4ra veelgi enam. S\u00f5rmus on, nagu k\u00f5ik TI SENTO ehted, valmistatud roodiumiga kaetud Sterling-h\u00f5bedast. Roodiumkihi aitab s\u00e4ra kauem s\u00e4ilitada ja pikendab selle eluiga.<\/p>","protected":false},"excerpt":{"rendered":"<p>The facet cut blue crystal forms the centre of this TI SENTO &#8211; Milano ring. The band is set on both sides with Zirconia, which emphasises the brilliance even more. The ring is, as all TI SENTO jewellery, made of Rhodium plated Sterling silver. The&#8230;<\/p>","protected":false},"featured_media":194793,"comment_status":"open","ping_status":"closed","template":"","meta":{"jetpack_post_was_ever_published":false},"product_brand":[],"product_cat":[599,730,72,145],"product_tag":[],"giftcard-category":[],"class_list":{"0":"post-200784","1":"product","2":"type-product","3":"status-publish","4":"has-post-thumbnail","6":"product_cat-sale","7":"product_cat-rings","8":"product_cat-ti-sento-milano","9":"product_cat-ti-sento-milano-rings","10":"pa_material-silver","11":"pa_metal-color-silver","12":"pa_product-brand-ti-sento-milano","13":"pa_size-50-1600","14":"pa_size-52-1650","15":"pa_size-54-1725","16":"pa_size-56-1775","17":"pa_size-58-1850","18":"pa_size-60-1900","19":"pa_stone-color-blue","20":"pa_type-category-rings","22":"first","23":"instock","24":"featured","25":"taxable","26":"shipping-taxable","27":"purchasable","28":"product-type-variable"},"bundled_by":[],"bundle_stock_status":"instock","bundle_stock_quantity":null,"bundle_virtual":false,"bundle_layout":"","bundle_add_to_cart_form_location":"","bundle_editable_in_cart":false,"bundle_sold_individually_context":"","bundle_item_grouping":"","bundle_min_size":"","bundle_max_size":"","bundle_price":[],"bundled_items":[],"bundle_sell_ids":[],"etheme_brands":{"errors":{"invalid_taxonomy":["Lubamatu taksonoomia."]},"error_data":[]},"_links":{"self":[{"href":"https:\/\/glamuur.ee\/et\/wp-json\/wp\/v2\/product\/200784","targetHints":{"allow":["GET"]}}],"collection":[{"href":"https:\/\/glamuur.ee\/et\/wp-json\/wp\/v2\/product"}],"about":[{"href":"https:\/\/glamuur.ee\/et\/wp-json\/wp\/v2\/types\/product"}],"replies":[{"embeddable":true,"href":"https:\/\/glamuur.ee\/et\/wp-json\/wp\/v2\/comments?post=200784"}],"wp:featuredmedia":[{"embeddable":true,"href":"https:\/\/glamuur.ee\/et\/wp-json\/wp\/v2\/media\/194793"}],"wp:attachment":[{"href":"https:\/\/glamuur.ee\/et\/wp-json\/wp\/v2\/media?parent=200784"}],"wp:term":[{"taxonomy":"product_brand","embeddable":true,"href":"https:\/\/glamuur.ee\/et\/wp-json\/wp\/v2\/product_brand?post=200784"},{"taxonomy":"product_cat","embeddable":true,"href":"https:\/\/glamuur.ee\/et\/wp-json\/wp\/v2\/product_cat?post=200784"},{"taxonomy":"product_tag","embeddable":true,"href":"https:\/\/glamuur.ee\/et\/wp-json\/wp\/v2\/product_tag?post=200784"},{"taxonomy":"giftcard-category","embeddable":true,"href":"https:\/\/glamuur.ee\/et\/wp-json\/wp\/v2\/giftcard-category?post=200784"}],"curies":[{"name":"wp","href":"https:\/\/api.w.org\/{rel}","templated":true}]}}