{"id":200765,"date":"2023-05-17T17:54:33","date_gmt":"2023-05-17T17:54:33","guid":{"rendered":"https:\/\/glamuur.ee\/product\/ti-sento-milano-ring-12055zi\/"},"modified":"2026-02-16T13:13:38","modified_gmt":"2026-02-16T11:13:38","slug":"ti-sento-milano-ring-12055zi","status":"publish","type":"product","link":"https:\/\/glamuur.ee\/et\/product\/ti-sento-milano-ring-12055zi\/","title":{"rendered":"TI SENTO \u2013 Milano S\u00f5rmus"},"content":{"rendered":"<p>See s\u00f5rmus TI SENTO - Milano kollektsioonist on t\u00f5eline Bobby pimestaja. Suur valge kristall on lihvitud padjakujuliseks ja \u00fcmbritsetud briljantlihviga, paveeritud tsirkooniumidega. See muudab s\u00f5rmuse veelgi elegantsemaks. S\u00f5rmust v\u00f5ib kanda eraldi, kuid see sobib ka h\u00e4sti teiste TI SENTO kollektsiooni padjakujuliste ehetega.<\/p>","protected":false},"excerpt":{"rendered":"<p>This ring from the TI SENTO &#8211; Milano collection is a real Bobby dazzler. The large white crystal is cut into a cushion shape and surrounded by brilliant-cut, pav\u00e9 set cubic zirconia. This makes the ring even more elegant. The ring can be worn on&#8230;<\/p>","protected":false},"featured_media":194759,"comment_status":"open","ping_status":"closed","template":"","meta":{"jetpack_post_was_ever_published":false},"product_brand":[],"product_cat":[599,730,72,145],"product_tag":[],"giftcard-category":[],"class_list":{"0":"post-200765","1":"product","2":"type-product","3":"status-publish","4":"has-post-thumbnail","6":"product_cat-sale","7":"product_cat-rings","8":"product_cat-ti-sento-milano","9":"product_cat-ti-sento-milano-rings","10":"pa_material-silver","11":"pa_metal-color-silver","12":"pa_product-brand-ti-sento-milano","13":"pa_size-50-1600","14":"pa_size-54-1725","15":"pa_size-56-1775","16":"pa_size-58-1850","17":"pa_size-60-1900","18":"pa_stone-color-white","19":"pa_type-category-rings","21":"first","22":"instock","23":"featured","24":"taxable","25":"shipping-taxable","26":"purchasable","27":"product-type-variable"},"bundled_by":[],"bundle_stock_status":"instock","bundle_stock_quantity":null,"bundle_virtual":false,"bundle_layout":"","bundle_add_to_cart_form_location":"","bundle_editable_in_cart":false,"bundle_sold_individually_context":"","bundle_item_grouping":"","bundle_min_size":"","bundle_max_size":"","bundle_price":[],"bundled_items":[],"bundle_sell_ids":[],"etheme_brands":{"errors":{"invalid_taxonomy":["Lubamatu taksonoomia."]},"error_data":[]},"_links":{"self":[{"href":"https:\/\/glamuur.ee\/et\/wp-json\/wp\/v2\/product\/200765","targetHints":{"allow":["GET"]}}],"collection":[{"href":"https:\/\/glamuur.ee\/et\/wp-json\/wp\/v2\/product"}],"about":[{"href":"https:\/\/glamuur.ee\/et\/wp-json\/wp\/v2\/types\/product"}],"replies":[{"embeddable":true,"href":"https:\/\/glamuur.ee\/et\/wp-json\/wp\/v2\/comments?post=200765"}],"wp:featuredmedia":[{"embeddable":true,"href":"https:\/\/glamuur.ee\/et\/wp-json\/wp\/v2\/media\/194759"}],"wp:attachment":[{"href":"https:\/\/glamuur.ee\/et\/wp-json\/wp\/v2\/media?parent=200765"}],"wp:term":[{"taxonomy":"product_brand","embeddable":true,"href":"https:\/\/glamuur.ee\/et\/wp-json\/wp\/v2\/product_brand?post=200765"},{"taxonomy":"product_cat","embeddable":true,"href":"https:\/\/glamuur.ee\/et\/wp-json\/wp\/v2\/product_cat?post=200765"},{"taxonomy":"product_tag","embeddable":true,"href":"https:\/\/glamuur.ee\/et\/wp-json\/wp\/v2\/product_tag?post=200765"},{"taxonomy":"giftcard-category","embeddable":true,"href":"https:\/\/glamuur.ee\/et\/wp-json\/wp\/v2\/giftcard-category?post=200765"}],"curies":[{"name":"wp","href":"https:\/\/api.w.org\/{rel}","templated":true}]}}