{"id":200757,"date":"2023-05-17T17:54:17","date_gmt":"2023-05-17T17:54:17","guid":{"rendered":"https:\/\/glamuur.ee\/product\/ti-sento-milano-ring-12043zi\/"},"modified":"2026-02-16T13:13:30","modified_gmt":"2026-02-16T11:13:30","slug":"ti-sento-milano-ring-12043zi","status":"publish","type":"product","link":"https:\/\/glamuur.ee\/et\/product\/ti-sento-milano-ring-12043zi\/","title":{"rendered":"TI SENTO \u2013 Milano S\u00f5rmus"},"content":{"rendered":"<p>See elegantne TI SENTO - Milano s\u00f5rmus on valmistatud roodiumiga kaetud h\u00f5bedast. Roodium annab lisakiilu ja suurendab ehte vastupidavust. S\u00f5rmusel on briljantl\u00f5ikega kuubi tsirkooniatest koosnev padjakujuline kaunistus. See peen valge kuldne ese sobiks h\u00e4sti kokku trendikate ehetega.<\/p>","protected":false},"excerpt":{"rendered":"<p>This elegant TI SENTO &#8211; Milano ring is made of rhodium-plated sterling silver. The rhodium provides an extra shine and increases the durability of the jewellery. The ring features a cushion shape adornment of brilliant-cut cubic zirconia. This subtle white gold piece would combine well&#8230;<\/p>","protected":false},"featured_media":194745,"comment_status":"open","ping_status":"closed","template":"","meta":{"jetpack_post_was_ever_published":false},"product_brand":[],"product_cat":[599,730,72,145],"product_tag":[],"giftcard-category":[],"class_list":{"0":"post-200757","1":"product","2":"type-product","3":"status-publish","4":"has-post-thumbnail","6":"product_cat-sale","7":"product_cat-rings","8":"product_cat-ti-sento-milano","9":"product_cat-ti-sento-milano-rings","10":"pa_material-silver","11":"pa_metal-color-silver","12":"pa_product-brand-ti-sento-milano","13":"pa_size-50-1600","14":"pa_size-54-1725","15":"pa_stone-color-white","16":"pa_type-category-rings","18":"first","19":"instock","20":"featured","21":"taxable","22":"shipping-taxable","23":"purchasable","24":"product-type-variable"},"bundled_by":[],"bundle_stock_status":"instock","bundle_stock_quantity":null,"bundle_virtual":false,"bundle_layout":"","bundle_add_to_cart_form_location":"","bundle_editable_in_cart":false,"bundle_sold_individually_context":"","bundle_item_grouping":"","bundle_min_size":"","bundle_max_size":"","bundle_price":[],"bundled_items":[],"bundle_sell_ids":[],"etheme_brands":{"errors":{"invalid_taxonomy":["Lubamatu taksonoomia."]},"error_data":[]},"_links":{"self":[{"href":"https:\/\/glamuur.ee\/et\/wp-json\/wp\/v2\/product\/200757","targetHints":{"allow":["GET"]}}],"collection":[{"href":"https:\/\/glamuur.ee\/et\/wp-json\/wp\/v2\/product"}],"about":[{"href":"https:\/\/glamuur.ee\/et\/wp-json\/wp\/v2\/types\/product"}],"replies":[{"embeddable":true,"href":"https:\/\/glamuur.ee\/et\/wp-json\/wp\/v2\/comments?post=200757"}],"wp:featuredmedia":[{"embeddable":true,"href":"https:\/\/glamuur.ee\/et\/wp-json\/wp\/v2\/media\/194745"}],"wp:attachment":[{"href":"https:\/\/glamuur.ee\/et\/wp-json\/wp\/v2\/media?parent=200757"}],"wp:term":[{"taxonomy":"product_brand","embeddable":true,"href":"https:\/\/glamuur.ee\/et\/wp-json\/wp\/v2\/product_brand?post=200757"},{"taxonomy":"product_cat","embeddable":true,"href":"https:\/\/glamuur.ee\/et\/wp-json\/wp\/v2\/product_cat?post=200757"},{"taxonomy":"product_tag","embeddable":true,"href":"https:\/\/glamuur.ee\/et\/wp-json\/wp\/v2\/product_tag?post=200757"},{"taxonomy":"giftcard-category","embeddable":true,"href":"https:\/\/glamuur.ee\/et\/wp-json\/wp\/v2\/giftcard-category?post=200757"}],"curies":[{"name":"wp","href":"https:\/\/api.w.org\/{rel}","templated":true}]}}