{"id":200749,"date":"2023-05-17T17:54:00","date_gmt":"2023-05-17T17:54:00","guid":{"rendered":"https:\/\/glamuur.ee\/product\/ti-sento-milano-ring-12038mw\/"},"modified":"2026-02-16T13:13:27","modified_gmt":"2026-02-16T11:13:27","slug":"ti-sento-milano-ring-12038mw","status":"publish","type":"product","link":"https:\/\/glamuur.ee\/et\/product\/ti-sento-milano-ring-12038mw\/","title":{"rendered":"TI SENTO \u2013 Milano S\u00f5rmus"},"content":{"rendered":"<p>Selles uimastavas TI SENTO - Milano s\u00f5rmuses on \u00fchendatud viis erinevat s\u00f5rmuse disaini, mille on loonud spetsiaalne sisemine disainimeeskond, kes loob eksklusiivseid TI SENTO stiile. See on mitmek\u00fclgne ese, mis sobib nii igap\u00e4evaseks kandmiseks kui ka erilisteks s\u00fcndmusteks. Esimese s\u00f5rmuse p\u00f5hi on keeratud h\u00f5bedase viimistlusega. Selle kohal on riba, mis on \u00fcmbritsetud k\u00e4sitsi paigaldatud briljantidega valge tsirkooniumiga. Keskmine s\u00f5rmus on moodustatud sileda viimistlusega h\u00f5bedast riba ja selle kohal on p\u00e4rlmutterelemendist valmistatud vapustav riba. \u00dclemine ja viimane s\u00f5rmus on kaunistatud miniatuursete h\u00f5behelmetega. Nende viie kujunduse kombinatsioon on silmatorkav ja ainulaadne s\u00f5rmus, mis on valmistatud tippkvaliteediga roodiumsterlingh\u00f5bedast, et tagada vastupidavus ja pidev s\u00e4ra l\u00e4bi aja. S\u00f5rmuse sisemus on samuti sileda h\u00f5beda, mis on loodud mugavust silmas pidades.<\/p>","protected":false},"excerpt":{"rendered":"<p>This stunning TI SENTO &#8211; Milano ring features five different ring designs combined into one, created by the specialist in-house design team who create exclusive TI SENTO styles. It is a versatile piece that is appropriate for daily wear as well as special occasions. The&#8230;<\/p>","protected":false},"featured_media":194716,"comment_status":"open","ping_status":"closed","template":"","meta":{"jetpack_post_was_ever_published":false},"product_brand":[],"product_cat":[599,730,72,145],"product_tag":[],"giftcard-category":[],"class_list":{"0":"post-200749","1":"product","2":"type-product","3":"status-publish","4":"has-post-thumbnail","6":"product_cat-sale","7":"product_cat-rings","8":"product_cat-ti-sento-milano","9":"product_cat-ti-sento-milano-rings","10":"pa_material-silver","11":"pa_metal-color-silver","12":"pa_product-brand-ti-sento-milano","13":"pa_size-50-1600","14":"pa_size-52-1650","15":"pa_size-54-1725","16":"pa_size-56-1775","17":"pa_stone-color-white","18":"pa_type-category-rings","20":"first","21":"instock","22":"featured","23":"taxable","24":"shipping-taxable","25":"purchasable","26":"product-type-variable"},"bundled_by":[],"bundle_stock_status":"instock","bundle_stock_quantity":null,"bundle_virtual":false,"bundle_layout":"","bundle_add_to_cart_form_location":"","bundle_editable_in_cart":false,"bundle_sold_individually_context":"","bundle_item_grouping":"","bundle_min_size":"","bundle_max_size":"","bundle_price":[],"bundled_items":[],"bundle_sell_ids":[],"etheme_brands":{"errors":{"invalid_taxonomy":["Lubamatu taksonoomia."]},"error_data":[]},"_links":{"self":[{"href":"https:\/\/glamuur.ee\/et\/wp-json\/wp\/v2\/product\/200749","targetHints":{"allow":["GET"]}}],"collection":[{"href":"https:\/\/glamuur.ee\/et\/wp-json\/wp\/v2\/product"}],"about":[{"href":"https:\/\/glamuur.ee\/et\/wp-json\/wp\/v2\/types\/product"}],"replies":[{"embeddable":true,"href":"https:\/\/glamuur.ee\/et\/wp-json\/wp\/v2\/comments?post=200749"}],"wp:featuredmedia":[{"embeddable":true,"href":"https:\/\/glamuur.ee\/et\/wp-json\/wp\/v2\/media\/194716"}],"wp:attachment":[{"href":"https:\/\/glamuur.ee\/et\/wp-json\/wp\/v2\/media?parent=200749"}],"wp:term":[{"taxonomy":"product_brand","embeddable":true,"href":"https:\/\/glamuur.ee\/et\/wp-json\/wp\/v2\/product_brand?post=200749"},{"taxonomy":"product_cat","embeddable":true,"href":"https:\/\/glamuur.ee\/et\/wp-json\/wp\/v2\/product_cat?post=200749"},{"taxonomy":"product_tag","embeddable":true,"href":"https:\/\/glamuur.ee\/et\/wp-json\/wp\/v2\/product_tag?post=200749"},{"taxonomy":"giftcard-category","embeddable":true,"href":"https:\/\/glamuur.ee\/et\/wp-json\/wp\/v2\/giftcard-category?post=200749"}],"curies":[{"name":"wp","href":"https:\/\/api.w.org\/{rel}","templated":true}]}}