{"id":200718,"date":"2024-06-24T17:52:57","date_gmt":"2024-06-24T14:52:57","guid":{"rendered":"https:\/\/glamuur.ee\/product\/ti-sento-milano-ring-12013wm\/"},"modified":"2026-02-16T13:13:09","modified_gmt":"2026-02-16T11:13:09","slug":"ti-sento-milano-ring-12013wm","status":"publish","type":"product","link":"https:\/\/glamuur.ee\/et\/product\/ti-sento-milano-ring-12013wm\/","title":{"rendered":"TI SENTO \u2013 Milano S\u00f5rmus"},"content":{"rendered":"<p>See ainulaadne ja pilkup\u00fc\u00fcdev klastris\u00f5rmus TI SENTO - Milano ehtekollektsioonist \u00fchendab kolm elegantset kivi \u00fchte moodsasse ja elegantsesse s\u00f5rmusesse. Iga kivi on eraldi fikseeritud, enne kui see paigaldatakse kuubikuliste tsirkooniatega kaunistatud sileda h\u00f5bedase rihma k\u00fclge. Kui \u00fchel kolmikkivist on briljantse lihviga tsirkoonium, mis on paveeritud, siis teised koosnevad \u00fchest piimjasvalgest ja \u00fchest naturaalvalgest kristallist. K\u00f5ik kolm elementi on \u00fcmbritsetud 18-karjalise roosakulla kihiga, mille paksus on kolm mikronit. S\u00f5rmus on seej\u00e4rel roodiumiga kaetud, et anda lisakiilto ja kaitsta seda ka kulumise eest.<\/p>","protected":false},"excerpt":{"rendered":"<p>This unique and eye-catching cluster ring from the TI SENTO &#8211; Milano jewellery collection combines three elegant stones in one sophisticated, modern ring. Each stone is separately set, before being mounted on a smooth silver band decorated with cubic zirconia. Whilst one of the triplet&#8230;<\/p>","protected":false},"featured_media":194658,"comment_status":"open","ping_status":"closed","template":"","meta":{"jetpack_post_was_ever_published":false},"product_brand":[],"product_cat":[968,945,730,72,145],"product_tag":[],"giftcard-category":[],"class_list":{"0":"post-200718","1":"product","2":"type-product","3":"status-publish","4":"has-post-thumbnail","6":"product_cat-mothers-day-2025-ti-sento","7":"product_cat-pearls","8":"product_cat-rings","9":"product_cat-ti-sento-milano","10":"product_cat-ti-sento-milano-rings","11":"pa_material-silver","12":"pa_metal-color-rose-gold","13":"pa_product-brand-ti-sento-milano","14":"pa_size-50-1600","15":"pa_size-60-1900","16":"pa_stone-color-pearl","17":"pa_type-category-rings","19":"first","20":"outofstock","21":"featured","22":"taxable","23":"shipping-taxable","24":"product-type-variable"},"bundled_by":[],"bundle_stock_status":"outofstock","bundle_stock_quantity":null,"bundle_virtual":false,"bundle_layout":"","bundle_add_to_cart_form_location":"","bundle_editable_in_cart":false,"bundle_sold_individually_context":"","bundle_item_grouping":"","bundle_min_size":"","bundle_max_size":"","bundle_price":[],"bundled_items":[],"bundle_sell_ids":[],"etheme_brands":{"errors":{"invalid_taxonomy":["Lubamatu taksonoomia."]},"error_data":[]},"_links":{"self":[{"href":"https:\/\/glamuur.ee\/et\/wp-json\/wp\/v2\/product\/200718","targetHints":{"allow":["GET"]}}],"collection":[{"href":"https:\/\/glamuur.ee\/et\/wp-json\/wp\/v2\/product"}],"about":[{"href":"https:\/\/glamuur.ee\/et\/wp-json\/wp\/v2\/types\/product"}],"replies":[{"embeddable":true,"href":"https:\/\/glamuur.ee\/et\/wp-json\/wp\/v2\/comments?post=200718"}],"wp:featuredmedia":[{"embeddable":true,"href":"https:\/\/glamuur.ee\/et\/wp-json\/wp\/v2\/media\/194658"}],"wp:attachment":[{"href":"https:\/\/glamuur.ee\/et\/wp-json\/wp\/v2\/media?parent=200718"}],"wp:term":[{"taxonomy":"product_brand","embeddable":true,"href":"https:\/\/glamuur.ee\/et\/wp-json\/wp\/v2\/product_brand?post=200718"},{"taxonomy":"product_cat","embeddable":true,"href":"https:\/\/glamuur.ee\/et\/wp-json\/wp\/v2\/product_cat?post=200718"},{"taxonomy":"product_tag","embeddable":true,"href":"https:\/\/glamuur.ee\/et\/wp-json\/wp\/v2\/product_tag?post=200718"},{"taxonomy":"giftcard-category","embeddable":true,"href":"https:\/\/glamuur.ee\/et\/wp-json\/wp\/v2\/giftcard-category?post=200718"}],"curies":[{"name":"wp","href":"https:\/\/api.w.org\/{rel}","templated":true}]}}