{"id":200714,"date":"2023-05-17T17:52:48","date_gmt":"2023-05-17T17:52:48","guid":{"rendered":"https:\/\/glamuur.ee\/product\/ti-sento-milano-ring-12013ds\/"},"modified":"2026-02-16T13:13:09","modified_gmt":"2026-02-16T11:13:09","slug":"ti-sento-milano-ring-12013ds","status":"publish","type":"product","link":"https:\/\/glamuur.ee\/et\/product\/ti-sento-milano-ring-12013ds\/","title":{"rendered":"TI SENTO \u2013 Milano S\u00f5rmus"},"content":{"rendered":"<p>See elegantne s\u00f5rmus on loodud TI SENTO - Milano enda disainist ja n\u00e4eb v\u00e4lja nagu oleks see kolm disainilahendust \u00fches, mis sobib ideaalselt kaubam\u00e4rgi Mix Match kontseptsiooni. S\u00f5rmuse alus on kvaliteetsest roodiumiga kaetud sterlingh\u00f5bedast, mis on kaetud briljantse l\u00f5ikega kuubiliste tsirkooniumidega, mille sisepind on sile. S\u00f5rmuse keskmes on kolm erinevat h\u00f5bedast kinnitusdetaili. \u00dches raamistuses on teksakollane tsirkoonikivi, samas kui teises on mitmetahuline helesinine kristall. Kolmandas on s\u00e4delevad k\u00e4sitsi paigaldatud briljantse lihviga kuubikujulised tsirkooniumid, mis l\u00f5petavad disaini, mis sobib nii p\u00e4evasel ajal kui ka kokteili stiiliga. Roodiumkate annab sellele ehtele t\u00e4iendavat s\u00e4ra ja vastupidavust.<\/p>","protected":false},"excerpt":{"rendered":"<p>This elegant ring was created from a TI SENTO &#8211; Milano in-house design and gives the appearance of being three designs in one, working perfectly as part of the label&#8217;s Mix Match concept. The ring base is in high-quality rhodium-plated sterling silver set with brilliant-cut&#8230;<\/p>","protected":false},"featured_media":194651,"comment_status":"open","ping_status":"closed","template":"","meta":{"jetpack_post_was_ever_published":false},"product_brand":[],"product_cat":[599,730,72,145],"product_tag":[],"giftcard-category":[],"class_list":{"0":"post-200714","1":"product","2":"type-product","3":"status-publish","4":"has-post-thumbnail","6":"product_cat-sale","7":"product_cat-rings","8":"product_cat-ti-sento-milano","9":"product_cat-ti-sento-milano-rings","10":"pa_material-silver","11":"pa_metal-color-silver","12":"pa_product-brand-ti-sento-milano","13":"pa_size-50-1600","14":"pa_size-52-1650","15":"pa_size-56-1775","16":"pa_stone-color-blue","17":"pa_type-category-rings","19":"first","20":"instock","21":"featured","22":"taxable","23":"shipping-taxable","24":"purchasable","25":"product-type-variable"},"bundled_by":[],"bundle_stock_status":"instock","bundle_stock_quantity":null,"bundle_virtual":false,"bundle_layout":"","bundle_add_to_cart_form_location":"","bundle_editable_in_cart":false,"bundle_sold_individually_context":"","bundle_item_grouping":"","bundle_min_size":"","bundle_max_size":"","bundle_price":[],"bundled_items":[],"bundle_sell_ids":[],"etheme_brands":{"errors":{"invalid_taxonomy":["Lubamatu taksonoomia."]},"error_data":[]},"_links":{"self":[{"href":"https:\/\/glamuur.ee\/et\/wp-json\/wp\/v2\/product\/200714","targetHints":{"allow":["GET"]}}],"collection":[{"href":"https:\/\/glamuur.ee\/et\/wp-json\/wp\/v2\/product"}],"about":[{"href":"https:\/\/glamuur.ee\/et\/wp-json\/wp\/v2\/types\/product"}],"replies":[{"embeddable":true,"href":"https:\/\/glamuur.ee\/et\/wp-json\/wp\/v2\/comments?post=200714"}],"wp:featuredmedia":[{"embeddable":true,"href":"https:\/\/glamuur.ee\/et\/wp-json\/wp\/v2\/media\/194651"}],"wp:attachment":[{"href":"https:\/\/glamuur.ee\/et\/wp-json\/wp\/v2\/media?parent=200714"}],"wp:term":[{"taxonomy":"product_brand","embeddable":true,"href":"https:\/\/glamuur.ee\/et\/wp-json\/wp\/v2\/product_brand?post=200714"},{"taxonomy":"product_cat","embeddable":true,"href":"https:\/\/glamuur.ee\/et\/wp-json\/wp\/v2\/product_cat?post=200714"},{"taxonomy":"product_tag","embeddable":true,"href":"https:\/\/glamuur.ee\/et\/wp-json\/wp\/v2\/product_tag?post=200714"},{"taxonomy":"giftcard-category","embeddable":true,"href":"https:\/\/glamuur.ee\/et\/wp-json\/wp\/v2\/giftcard-category?post=200714"}],"curies":[{"name":"wp","href":"https:\/\/api.w.org\/{rel}","templated":true}]}}