{"id":200705,"date":"2023-05-17T17:52:30","date_gmt":"2023-05-17T17:52:30","guid":{"rendered":"https:\/\/glamuur.ee\/product\/ti-sento-milano-ring-12013ag\/"},"modified":"2026-02-16T13:13:05","modified_gmt":"2026-02-16T11:13:05","slug":"ti-sento-milano-ring-12013ag","status":"publish","type":"product","link":"https:\/\/glamuur.ee\/et\/product\/ti-sento-milano-ring-12013ag\/","title":{"rendered":"TI SENTO \u2013 Milano S\u00f5rmus"},"content":{"rendered":"<p>Selle moodsa ja pilkup\u00fc\u00fcdva s\u00f5rmuse s\u00fcdames on kolm kaunist kristalli, mis annavad sellele ainulaadse disaini. M\u00f5lemad kivid on kristallid, mis p\u00fc\u00fcavad ja peegeldavad valgust ning s\u00f5rmus on valmistatud roodiumiga kaetud h\u00f5bedast. Selle armsa s\u00f5rmuse erilise v\u00e4limuse t\u00e4iendab kerakujuline pav\u00e9-fikseering.<\/p>","protected":false},"excerpt":{"rendered":"<p>This modern and eye-catching ring has three beautiful crystals at the heart of it which give it its unique design . Both of the coltheed stones are crystals, and catch and reflect the light and the ring is made in rhodium-plated sterling silver. The spherically&#8230;<\/p>","protected":false},"featured_media":194636,"comment_status":"open","ping_status":"closed","template":"","meta":{"jetpack_post_was_ever_published":false},"product_brand":[],"product_cat":[599,730,72,145],"product_tag":[],"giftcard-category":[],"class_list":{"0":"post-200705","1":"product","2":"type-product","3":"status-publish","4":"has-post-thumbnail","6":"product_cat-sale","7":"product_cat-rings","8":"product_cat-ti-sento-milano","9":"product_cat-ti-sento-milano-rings","10":"pa_material-silver","11":"pa_metal-color-silver","12":"pa_product-brand-ti-sento-milano","13":"pa_size-52-1650","14":"pa_size-54-1725","15":"pa_size-56-1775","16":"pa_size-58-1850","17":"pa_size-60-1900","18":"pa_stone-color-blue","19":"pa_type-category-rings","21":"first","22":"instock","23":"featured","24":"taxable","25":"shipping-taxable","26":"purchasable","27":"product-type-variable"},"bundled_by":[],"bundle_stock_status":"instock","bundle_stock_quantity":null,"bundle_virtual":false,"bundle_layout":"","bundle_add_to_cart_form_location":"","bundle_editable_in_cart":false,"bundle_sold_individually_context":"","bundle_item_grouping":"","bundle_min_size":"","bundle_max_size":"","bundle_price":[],"bundled_items":[],"bundle_sell_ids":[],"etheme_brands":{"errors":{"invalid_taxonomy":["Lubamatu taksonoomia."]},"error_data":[]},"_links":{"self":[{"href":"https:\/\/glamuur.ee\/et\/wp-json\/wp\/v2\/product\/200705","targetHints":{"allow":["GET"]}}],"collection":[{"href":"https:\/\/glamuur.ee\/et\/wp-json\/wp\/v2\/product"}],"about":[{"href":"https:\/\/glamuur.ee\/et\/wp-json\/wp\/v2\/types\/product"}],"replies":[{"embeddable":true,"href":"https:\/\/glamuur.ee\/et\/wp-json\/wp\/v2\/comments?post=200705"}],"wp:featuredmedia":[{"embeddable":true,"href":"https:\/\/glamuur.ee\/et\/wp-json\/wp\/v2\/media\/194636"}],"wp:attachment":[{"href":"https:\/\/glamuur.ee\/et\/wp-json\/wp\/v2\/media?parent=200705"}],"wp:term":[{"taxonomy":"product_brand","embeddable":true,"href":"https:\/\/glamuur.ee\/et\/wp-json\/wp\/v2\/product_brand?post=200705"},{"taxonomy":"product_cat","embeddable":true,"href":"https:\/\/glamuur.ee\/et\/wp-json\/wp\/v2\/product_cat?post=200705"},{"taxonomy":"product_tag","embeddable":true,"href":"https:\/\/glamuur.ee\/et\/wp-json\/wp\/v2\/product_tag?post=200705"},{"taxonomy":"giftcard-category","embeddable":true,"href":"https:\/\/glamuur.ee\/et\/wp-json\/wp\/v2\/giftcard-category?post=200705"}],"curies":[{"name":"wp","href":"https:\/\/api.w.org\/{rel}","templated":true}]}}