{"id":200691,"date":"2023-05-17T17:52:03","date_gmt":"2023-05-17T17:52:03","guid":{"rendered":"https:\/\/glamuur.ee\/product\/ti-sento-milano-ring-12011la\/"},"modified":"2026-02-16T13:13:01","modified_gmt":"2026-02-16T11:13:01","slug":"ti-sento-milano-ring-12011la","status":"publish","type":"product","link":"https:\/\/glamuur.ee\/et\/product\/ti-sento-milano-ring-12011la\/","title":{"rendered":"TI SENTO \u2013 Milano S\u00f5rmus"},"content":{"rendered":"<p>See graatsiline TI SENTO - Milano s\u00f5rmus on kaunistatud lavendelsinise kristalliga. Siledaks lihvitud kristall on \u00fcmbritsetud poleeritud roodiumiga kaetud h\u00f5bedast. Et s\u00f5rmele lisataks s\u00e4ra, on selle stiilse TI SENTO s\u00f5rmuse riba kaunistatud briljantse lihviga tsirkooniatega. Mix Match-kontseptsioon v\u00f5imaldab teil olla loominguline kollektsiooni ehteid sobitades.<\/p>","protected":false},"excerpt":{"rendered":"<p>This graceful TI SENTO &#8211; Milano ring features a lavender blue crystal. The smooth cut crystal is placed in a surround of polished rhodium plated sterling silver. For added sparkle on the finger, the band of this stylish TI SENTO ring is embellished with brilliant-cut&#8230;<\/p>","protected":false},"featured_media":194607,"comment_status":"open","ping_status":"closed","template":"","meta":{"jetpack_post_was_ever_published":false},"product_brand":[],"product_cat":[599,730,72,145],"product_tag":[],"giftcard-category":[],"class_list":{"0":"post-200691","1":"product","2":"type-product","3":"status-publish","4":"has-post-thumbnail","6":"product_cat-sale","7":"product_cat-rings","8":"product_cat-ti-sento-milano","9":"product_cat-ti-sento-milano-rings","10":"pa_material-silver","11":"pa_metal-color-silver","12":"pa_product-brand-ti-sento-milano","13":"pa_size-54-1725","14":"pa_size-56-1775","15":"pa_size-58-1850","16":"pa_size-60-1900","17":"pa_stone-color-blue","18":"pa_type-category-rings","20":"first","21":"instock","22":"featured","23":"taxable","24":"shipping-taxable","25":"purchasable","26":"product-type-variable"},"bundled_by":[],"bundle_stock_status":"instock","bundle_stock_quantity":null,"bundle_virtual":false,"bundle_layout":"","bundle_add_to_cart_form_location":"","bundle_editable_in_cart":false,"bundle_sold_individually_context":"","bundle_item_grouping":"","bundle_min_size":"","bundle_max_size":"","bundle_price":[],"bundled_items":[],"bundle_sell_ids":[],"etheme_brands":{"errors":{"invalid_taxonomy":["Lubamatu taksonoomia."]},"error_data":[]},"_links":{"self":[{"href":"https:\/\/glamuur.ee\/et\/wp-json\/wp\/v2\/product\/200691","targetHints":{"allow":["GET"]}}],"collection":[{"href":"https:\/\/glamuur.ee\/et\/wp-json\/wp\/v2\/product"}],"about":[{"href":"https:\/\/glamuur.ee\/et\/wp-json\/wp\/v2\/types\/product"}],"replies":[{"embeddable":true,"href":"https:\/\/glamuur.ee\/et\/wp-json\/wp\/v2\/comments?post=200691"}],"wp:featuredmedia":[{"embeddable":true,"href":"https:\/\/glamuur.ee\/et\/wp-json\/wp\/v2\/media\/194607"}],"wp:attachment":[{"href":"https:\/\/glamuur.ee\/et\/wp-json\/wp\/v2\/media?parent=200691"}],"wp:term":[{"taxonomy":"product_brand","embeddable":true,"href":"https:\/\/glamuur.ee\/et\/wp-json\/wp\/v2\/product_brand?post=200691"},{"taxonomy":"product_cat","embeddable":true,"href":"https:\/\/glamuur.ee\/et\/wp-json\/wp\/v2\/product_cat?post=200691"},{"taxonomy":"product_tag","embeddable":true,"href":"https:\/\/glamuur.ee\/et\/wp-json\/wp\/v2\/product_tag?post=200691"},{"taxonomy":"giftcard-category","embeddable":true,"href":"https:\/\/glamuur.ee\/et\/wp-json\/wp\/v2\/giftcard-category?post=200691"}],"curies":[{"name":"wp","href":"https:\/\/api.w.org\/{rel}","templated":true}]}}