{"id":19410,"date":"2024-09-26T18:16:45","date_gmt":"2024-09-26T15:16:45","guid":{"rendered":"https:\/\/dev.glamuur.ee\/product\/ti-sento-milano-ring-12022zi\/"},"modified":"2026-04-30T18:45:39","modified_gmt":"2026-04-30T15:45:39","slug":"ti-sento-milano-ring-12022zi","status":"publish","type":"product","link":"https:\/\/glamuur.ee\/et\/product\/ti-sento-milano-ring-12022zi\/","title":{"rendered":"TI SENTO \u2013 Milano S\u00f5rmus"},"content":{"rendered":"<p>Selles erilises ja elegantses s\u00f5rmuses, mis kuulub TI SENTO - Milano kollektsiooni, on kokku p\u00f5imitud kolm h\u00f5bedast s\u00f5rmust. \u00dcks s\u00f5rmus on valmistatud k\u00f5rgelt poleeritud h\u00f5bedast, teisel on mustaks oks\u00fcdeeritud h\u00f5bepallide topeltrida, kolmandas on briljantl\u00f5ikega ja kanaliga asetatud valged tsirkooniumid. K\u00f5ik s\u00f5rmuse elemendid on roodiumiga kaetud, et anda lisakiilto ja pakkuda kaitset.<\/p>","protected":false},"excerpt":{"rendered":"<p>Three rings of sterling silver are entwined together in this special and elegant ring from the collection of TI SENTO &#8211; Milano. One ring is formed from highly-polished silver, one has a double row of silver balls, oxidised in black, while the third features white&#8230;<\/p>","protected":false},"featured_media":19411,"comment_status":"open","ping_status":"closed","template":"","meta":{"jetpack_post_was_ever_published":false},"product_brand":[],"product_cat":[979,730,939,964,72,145],"product_tag":[],"giftcard-category":[],"class_list":{"0":"post-19410","1":"product","2":"type-product","3":"status-publish","4":"has-post-thumbnail","6":"product_cat-graduation-2025","7":"product_cat-rings","8":"product_cat-ti-sento-sale-europe","9":"product_cat-summer-sale-ti-sento","10":"product_cat-ti-sento-milano","11":"product_cat-ti-sento-milano-rings","12":"pa_material-silver","13":"pa_metal-color-silver","14":"pa_product-brand-ti-sento-milano","15":"pa_size-48-1550","16":"pa_size-50-1600","17":"pa_size-52-1650","18":"pa_size-54-1725","19":"pa_size-56-1775","20":"pa_size-58-1850","21":"pa_size-60-1900","22":"pa_size-62-1950","23":"pa_stone-color-white","24":"pa_type-category-rings","26":"first","27":"instock","28":"featured","29":"taxable","30":"shipping-taxable","31":"purchasable","32":"product-type-variable"},"bundled_by":[],"bundle_stock_status":"instock","bundle_stock_quantity":null,"bundle_virtual":false,"bundle_layout":"","bundle_add_to_cart_form_location":"","bundle_editable_in_cart":false,"bundle_sold_individually_context":"","bundle_item_grouping":"","bundle_min_size":"","bundle_max_size":"","bundle_price":[],"bundled_items":[],"bundle_sell_ids":[],"etheme_brands":{"errors":{"invalid_taxonomy":["Lubamatu taksonoomia."]},"error_data":[]},"_links":{"self":[{"href":"https:\/\/glamuur.ee\/et\/wp-json\/wp\/v2\/product\/19410","targetHints":{"allow":["GET"]}}],"collection":[{"href":"https:\/\/glamuur.ee\/et\/wp-json\/wp\/v2\/product"}],"about":[{"href":"https:\/\/glamuur.ee\/et\/wp-json\/wp\/v2\/types\/product"}],"replies":[{"embeddable":true,"href":"https:\/\/glamuur.ee\/et\/wp-json\/wp\/v2\/comments?post=19410"}],"wp:featuredmedia":[{"embeddable":true,"href":"https:\/\/glamuur.ee\/et\/wp-json\/wp\/v2\/media\/19411"}],"wp:attachment":[{"href":"https:\/\/glamuur.ee\/et\/wp-json\/wp\/v2\/media?parent=19410"}],"wp:term":[{"taxonomy":"product_brand","embeddable":true,"href":"https:\/\/glamuur.ee\/et\/wp-json\/wp\/v2\/product_brand?post=19410"},{"taxonomy":"product_cat","embeddable":true,"href":"https:\/\/glamuur.ee\/et\/wp-json\/wp\/v2\/product_cat?post=19410"},{"taxonomy":"product_tag","embeddable":true,"href":"https:\/\/glamuur.ee\/et\/wp-json\/wp\/v2\/product_tag?post=19410"},{"taxonomy":"giftcard-category","embeddable":true,"href":"https:\/\/glamuur.ee\/et\/wp-json\/wp\/v2\/giftcard-category?post=19410"}],"curies":[{"name":"wp","href":"https:\/\/api.w.org\/{rel}","templated":true}]}}