{"id":19383,"date":"2024-06-26T08:10:58","date_gmt":"2024-06-26T05:10:58","guid":{"rendered":"https:\/\/dev.glamuur.ee\/product\/ti-sento-milano-ring-12094zr\/"},"modified":"2026-02-20T14:17:59","modified_gmt":"2026-02-20T12:17:59","slug":"ti-sento-milano-ring-12094zr","status":"publish","type":"product","link":"https:\/\/glamuur.ee\/et\/product\/ti-sento-milano-ring-12094zr\/","title":{"rendered":"TI SENTO \u2013 Milano S\u00f5rmus"},"content":{"rendered":"<p>Selle TI SENTO - Milano s\u00f5rmuse rafineeritud disain on loodud erinevate kaubam\u00e4rkide vahelisest avatusest. S\u00f5rmus eksisteerib 3 lahtise margi peal: sileda poleeritud h\u00f5bedast riba v\u00e4ljastpoolt, tsirkooniatega paveeritud riba ja teisel pool sellest sileda poleeritud roosakuldne riba. Keskmise rihma peal on suur tsirkoonium on asetatud raamitud raamistusse. Sileda viimistluse tulemusena saab moodne disain. S\u00f5rmus on valmistatud roodiumiga kaetud Sterling h\u00f5bedast. Roodiumkiht annab kauakestva s\u00e4ra ja kaitse. Roosakuld on kantud 3 mikroni paksuse 18 kt roosakulla kihiga.<\/p>","protected":false},"excerpt":{"rendered":"<p>The refined design of this TI SENTO \u2013 Milano ring is created by the openness between the different brands. The ring exists on the upside of 3 loose brands: a smoothly polished silver band on the outside, a pave set band with Zirconia and on&#8230;<\/p>","protected":false},"featured_media":19384,"comment_status":"open","ping_status":"closed","template":"","meta":{"jetpack_post_was_ever_published":false},"product_brand":[],"product_cat":[599,730,72,145],"product_tag":[],"giftcard-category":[],"class_list":{"0":"post-19383","1":"product","2":"type-product","3":"status-publish","4":"has-post-thumbnail","6":"product_cat-sale","7":"product_cat-rings","8":"product_cat-ti-sento-milano","9":"product_cat-ti-sento-milano-rings","10":"pa_material-silver","11":"pa_metal-color-rose-gold","12":"pa_product-brand-ti-sento-milano","13":"pa_size-48-1550","14":"pa_size-50-1600","15":"pa_size-52-1650","16":"pa_size-54-1725","17":"pa_size-56-1775","18":"pa_size-58-1850","19":"pa_size-60-1900","20":"pa_size-62-1950","21":"pa_stone-color-white","22":"pa_type-category-rings","24":"first","25":"outofstock","26":"featured","27":"taxable","28":"shipping-taxable","29":"product-type-variable"},"bundled_by":[],"bundle_stock_status":"outofstock","bundle_stock_quantity":null,"bundle_virtual":false,"bundle_layout":"","bundle_add_to_cart_form_location":"","bundle_editable_in_cart":false,"bundle_sold_individually_context":"","bundle_item_grouping":"","bundle_min_size":"","bundle_max_size":"","bundle_price":[],"bundled_items":[],"bundle_sell_ids":[],"etheme_brands":{"errors":{"invalid_taxonomy":["Lubamatu taksonoomia."]},"error_data":[]},"_links":{"self":[{"href":"https:\/\/glamuur.ee\/et\/wp-json\/wp\/v2\/product\/19383","targetHints":{"allow":["GET"]}}],"collection":[{"href":"https:\/\/glamuur.ee\/et\/wp-json\/wp\/v2\/product"}],"about":[{"href":"https:\/\/glamuur.ee\/et\/wp-json\/wp\/v2\/types\/product"}],"replies":[{"embeddable":true,"href":"https:\/\/glamuur.ee\/et\/wp-json\/wp\/v2\/comments?post=19383"}],"wp:featuredmedia":[{"embeddable":true,"href":"https:\/\/glamuur.ee\/et\/wp-json\/wp\/v2\/media\/19384"}],"wp:attachment":[{"href":"https:\/\/glamuur.ee\/et\/wp-json\/wp\/v2\/media?parent=19383"}],"wp:term":[{"taxonomy":"product_brand","embeddable":true,"href":"https:\/\/glamuur.ee\/et\/wp-json\/wp\/v2\/product_brand?post=19383"},{"taxonomy":"product_cat","embeddable":true,"href":"https:\/\/glamuur.ee\/et\/wp-json\/wp\/v2\/product_cat?post=19383"},{"taxonomy":"product_tag","embeddable":true,"href":"https:\/\/glamuur.ee\/et\/wp-json\/wp\/v2\/product_tag?post=19383"},{"taxonomy":"giftcard-category","embeddable":true,"href":"https:\/\/glamuur.ee\/et\/wp-json\/wp\/v2\/giftcard-category?post=19383"}],"curies":[{"name":"wp","href":"https:\/\/api.w.org\/{rel}","templated":true}]}}