{"id":192733,"date":"2023-05-17T09:17:56","date_gmt":"2023-05-17T09:17:56","guid":{"rendered":"https:\/\/glamuur.ee\/product\/ti-sento-milano-pendant-6792gb\/"},"modified":"2026-02-16T13:59:20","modified_gmt":"2026-02-16T11:59:20","slug":"ti-sento-milano-ripats-6792gb","status":"publish","type":"product","link":"https:\/\/glamuur.ee\/et\/product\/ti-sento-milano-pendant-6792gb\/","title":{"rendered":"TI SENTO \u2013 Milano ripats"},"content":{"rendered":"<p>Sellel TI SENTO - Milano h\u00f5bedast ripatsil 6792GB on l\u00e4bikumavad hallid ja mustad oon\u00fcksikivid, mis on \u00fcmbritsetud roosakullatud raamistusse. Valge tsirkoonia pave lisab sellele t\u00fckile veelgi rohkem luksust. Selle geomeetrilised kujundid kujutavad stiliseeritud liikuvat noolt. Sellel ehtel on erakordne art d\u00e9co ja vintage-tunnetus.<\/p>","protected":false},"excerpt":{"rendered":"<p>This TI SENTO &#8211; Milano silver pendant 6792GB has translucent grey and black onyx stones wrapped in a rose gold-plated setting. The white zirconia pave adds even more luxury to this piece. Its geometric shapes represent a stylised moving arrow. This jewel has an exceptional&#8230;<\/p>","protected":false},"featured_media":194120,"comment_status":"open","ping_status":"closed","template":"","meta":{"jetpack_post_was_ever_published":false},"product_brand":[],"product_cat":[599,729,72,149],"product_tag":[],"giftcard-category":[],"class_list":{"0":"post-192733","1":"product","2":"type-product","3":"status-publish","4":"has-post-thumbnail","6":"product_cat-sale","7":"product_cat-pendants","8":"product_cat-ti-sento-milano","9":"product_cat-ti-sento-milano-pendants","10":"pa_material-silver","11":"pa_metal-color-rose-gold","12":"pa_product-brand-ti-sento-milano","13":"pa_stone-color-grey","14":"pa_type-category-pendants","16":"first","17":"instock","18":"featured","19":"taxable","20":"shipping-taxable","21":"purchasable","22":"product-type-simple"},"bundled_by":[],"bundle_stock_status":"instock","bundle_stock_quantity":1,"bundle_virtual":false,"bundle_layout":"","bundle_add_to_cart_form_location":"","bundle_editable_in_cart":false,"bundle_sold_individually_context":"","bundle_item_grouping":"","bundle_min_size":"","bundle_max_size":"","bundle_price":[],"bundled_items":[],"bundle_sell_ids":[],"etheme_brands":{"errors":{"invalid_taxonomy":["Lubamatu taksonoomia."]},"error_data":[]},"_links":{"self":[{"href":"https:\/\/glamuur.ee\/et\/wp-json\/wp\/v2\/product\/192733","targetHints":{"allow":["GET"]}}],"collection":[{"href":"https:\/\/glamuur.ee\/et\/wp-json\/wp\/v2\/product"}],"about":[{"href":"https:\/\/glamuur.ee\/et\/wp-json\/wp\/v2\/types\/product"}],"replies":[{"embeddable":true,"href":"https:\/\/glamuur.ee\/et\/wp-json\/wp\/v2\/comments?post=192733"}],"wp:featuredmedia":[{"embeddable":true,"href":"https:\/\/glamuur.ee\/et\/wp-json\/wp\/v2\/media\/194120"}],"wp:attachment":[{"href":"https:\/\/glamuur.ee\/et\/wp-json\/wp\/v2\/media?parent=192733"}],"wp:term":[{"taxonomy":"product_brand","embeddable":true,"href":"https:\/\/glamuur.ee\/et\/wp-json\/wp\/v2\/product_brand?post=192733"},{"taxonomy":"product_cat","embeddable":true,"href":"https:\/\/glamuur.ee\/et\/wp-json\/wp\/v2\/product_cat?post=192733"},{"taxonomy":"product_tag","embeddable":true,"href":"https:\/\/glamuur.ee\/et\/wp-json\/wp\/v2\/product_tag?post=192733"},{"taxonomy":"giftcard-category","embeddable":true,"href":"https:\/\/glamuur.ee\/et\/wp-json\/wp\/v2\/giftcard-category?post=192733"}],"curies":[{"name":"wp","href":"https:\/\/api.w.org\/{rel}","templated":true}]}}