{"id":192722,"date":"2023-12-15T13:35:20","date_gmt":"2023-12-15T11:35:20","guid":{"rendered":"https:\/\/glamuur.ee\/product\/ti-sento-milano-earrings-7812sr\/"},"modified":"2026-04-20T13:30:11","modified_gmt":"2026-04-20T10:30:11","slug":"ti-sento-milano-korvarongad-7812sr","status":"publish","type":"product","link":"https:\/\/glamuur.ee\/et\/product\/ti-sento-milano-earrings-7812sr\/","title":{"rendered":"TI SENTO \u2013 Milano K\u00f5rvar\u00f5ngad"},"content":{"rendered":"<p>Need TI SENTO - Milano h\u00f5bedast k\u00f5rvar\u00f5ngad 7812SR on kaetud paksu 18k roosakuldse kihiga. Need pisikesed k\u00f5rvar\u00f5ngad sobivad elegantselt k\u00f5rva k\u00fclge. Tagak\u00fcljel on paks roodiumikiht, mis kaitseb neid ja hoiab need s\u00e4ravatena. Kombineerige neid v\u00e4iksemate \u00f5hukeste r\u00f5ngastega, et saavutada trendikas suvine v\u00e4limus.<\/p>","protected":false},"excerpt":{"rendered":"<p>These TI SENTO &#8211; Milano skinny silver earrings 7812SR are plated with a thick layer of 18k rose-gold. These tiny ear hoops elegantly snug fit to your ear. The back side has a thick layer of rhodium to protect them and keep them shining. Combine&#8230;<\/p>","protected":false},"featured_media":194009,"comment_status":"open","ping_status":"closed","template":"","meta":{"jetpack_post_was_ever_published":false},"product_brand":[],"product_cat":[725,793,72],"product_tag":[],"giftcard-category":[],"class_list":{"0":"post-192722","1":"product","2":"type-product","3":"status-publish","4":"has-post-thumbnail","6":"product_cat-earrings","7":"product_cat-gift-ideas-up-to-50e","8":"product_cat-ti-sento-milano","9":"pa_material-silver","10":"pa_metal-color-rose-gold","11":"pa_product-brand-ti-sento-milano","12":"pa_stone-color-without-stones","13":"pa_type-category-earrings","15":"first","16":"instock","17":"sale","18":"featured","19":"taxable","20":"shipping-taxable","21":"purchasable","22":"product-type-simple"},"bundled_by":[],"bundle_stock_status":"instock","bundle_stock_quantity":7,"bundle_virtual":false,"bundle_layout":"","bundle_add_to_cart_form_location":"","bundle_editable_in_cart":false,"bundle_sold_individually_context":"","bundle_item_grouping":"","bundle_min_size":"","bundle_max_size":"","bundle_price":[],"bundled_items":[],"bundle_sell_ids":[],"etheme_brands":{"errors":{"invalid_taxonomy":["Lubamatu taksonoomia."]},"error_data":[]},"_links":{"self":[{"href":"https:\/\/glamuur.ee\/et\/wp-json\/wp\/v2\/product\/192722","targetHints":{"allow":["GET"]}}],"collection":[{"href":"https:\/\/glamuur.ee\/et\/wp-json\/wp\/v2\/product"}],"about":[{"href":"https:\/\/glamuur.ee\/et\/wp-json\/wp\/v2\/types\/product"}],"replies":[{"embeddable":true,"href":"https:\/\/glamuur.ee\/et\/wp-json\/wp\/v2\/comments?post=192722"}],"wp:featuredmedia":[{"embeddable":true,"href":"https:\/\/glamuur.ee\/et\/wp-json\/wp\/v2\/media\/194009"}],"wp:attachment":[{"href":"https:\/\/glamuur.ee\/et\/wp-json\/wp\/v2\/media?parent=192722"}],"wp:term":[{"taxonomy":"product_brand","embeddable":true,"href":"https:\/\/glamuur.ee\/et\/wp-json\/wp\/v2\/product_brand?post=192722"},{"taxonomy":"product_cat","embeddable":true,"href":"https:\/\/glamuur.ee\/et\/wp-json\/wp\/v2\/product_cat?post=192722"},{"taxonomy":"product_tag","embeddable":true,"href":"https:\/\/glamuur.ee\/et\/wp-json\/wp\/v2\/product_tag?post=192722"},{"taxonomy":"giftcard-category","embeddable":true,"href":"https:\/\/glamuur.ee\/et\/wp-json\/wp\/v2\/giftcard-category?post=192722"}],"curies":[{"name":"wp","href":"https:\/\/api.w.org\/{rel}","templated":true}]}}