{"id":192662,"date":"2023-05-17T09:14:33","date_gmt":"2023-05-17T09:14:33","guid":{"rendered":"https:\/\/glamuur.ee\/product\/ti-sento-milano-pendant-6765zi\/"},"modified":"2026-04-15T17:05:09","modified_gmt":"2026-04-15T14:05:09","slug":"ti-sento-milano-riputuskilp-6765zi","status":"publish","type":"product","link":"https:\/\/glamuur.ee\/et\/product\/ti-sento-milano-pendant-6765zi\/","title":{"rendered":"TI SENTO \u2013 Milano ripats"},"content":{"rendered":"<p>Lihtsalt maagiline. Meie valge tsirkooniumiga paveeritud ikooniline lille\u00f5is ripub uhkelt tema h\u00f5bedasest klambrist. Tema sujuvalt l\u00f5igatud kuju peegeldab valgust, kui ta ripub. Avastage tema varjatud hiilgus.<\/p>\n<p>TI SENTO - Milano Ripats 6765ZI on valmistatud h\u00f5bedase roodiumiga. Selle ripatsi v\u00e4rvus on valge tsirkoonium. K\u00f5ik TI SENTO - Milano tooted tarnitakse kaunis kinkekarbis. Maagia peitub meie h\u00f5bedas.<\/p>\n<p>Ta on osa meie City Chic kollektsioonist: Energiline kollane, julge talvine s\u00e4ra, ristk\u00fclikukujuline ja ikooniline. Reisige selle kaunitaride kollektsiooniga maailma tundmatutesse linnadesse.<\/p>","protected":false},"excerpt":{"rendered":"<p>Simply magical. Our white zirconia pav\u00e9 iconic flowerbud hangs proudly from her silver clasp. Her smoothly cut shape reflects the lights as she dangles. Discover her hidden splendours. The TI SENTO &#8211; Milano Pendant 6765ZI is crafted with Silver rhodium plated. The colour of this&#8230;<\/p>","protected":false},"featured_media":193532,"comment_status":"open","ping_status":"closed","template":"","meta":{"jetpack_post_was_ever_published":false},"product_brand":[],"product_cat":[599,729,72,149],"product_tag":[],"giftcard-category":[],"class_list":{"0":"post-192662","1":"product","2":"type-product","3":"status-publish","4":"has-post-thumbnail","6":"product_cat-sale","7":"product_cat-pendants","8":"product_cat-ti-sento-milano","9":"product_cat-ti-sento-milano-pendants","10":"pa_material-silver","11":"pa_metal-color-silver","12":"pa_product-brand-ti-sento-milano","13":"pa_stone-color-white","14":"pa_type-category-pendants","16":"first","17":"instock","18":"featured","19":"taxable","20":"shipping-taxable","21":"purchasable","22":"product-type-simple"},"bundled_by":[],"bundle_stock_status":"instock","bundle_stock_quantity":16,"bundle_virtual":false,"bundle_layout":"","bundle_add_to_cart_form_location":"","bundle_editable_in_cart":false,"bundle_sold_individually_context":"","bundle_item_grouping":"","bundle_min_size":"","bundle_max_size":"","bundle_price":[],"bundled_items":[],"bundle_sell_ids":[],"etheme_brands":{"errors":{"invalid_taxonomy":["Lubamatu taksonoomia."]},"error_data":[]},"_links":{"self":[{"href":"https:\/\/glamuur.ee\/et\/wp-json\/wp\/v2\/product\/192662","targetHints":{"allow":["GET"]}}],"collection":[{"href":"https:\/\/glamuur.ee\/et\/wp-json\/wp\/v2\/product"}],"about":[{"href":"https:\/\/glamuur.ee\/et\/wp-json\/wp\/v2\/types\/product"}],"replies":[{"embeddable":true,"href":"https:\/\/glamuur.ee\/et\/wp-json\/wp\/v2\/comments?post=192662"}],"wp:featuredmedia":[{"embeddable":true,"href":"https:\/\/glamuur.ee\/et\/wp-json\/wp\/v2\/media\/193532"}],"wp:attachment":[{"href":"https:\/\/glamuur.ee\/et\/wp-json\/wp\/v2\/media?parent=192662"}],"wp:term":[{"taxonomy":"product_brand","embeddable":true,"href":"https:\/\/glamuur.ee\/et\/wp-json\/wp\/v2\/product_brand?post=192662"},{"taxonomy":"product_cat","embeddable":true,"href":"https:\/\/glamuur.ee\/et\/wp-json\/wp\/v2\/product_cat?post=192662"},{"taxonomy":"product_tag","embeddable":true,"href":"https:\/\/glamuur.ee\/et\/wp-json\/wp\/v2\/product_tag?post=192662"},{"taxonomy":"giftcard-category","embeddable":true,"href":"https:\/\/glamuur.ee\/et\/wp-json\/wp\/v2\/giftcard-category?post=192662"}],"curies":[{"name":"wp","href":"https:\/\/api.w.org\/{rel}","templated":true}]}}