{"id":192661,"date":"2023-05-17T09:14:30","date_gmt":"2023-05-17T09:14:30","guid":{"rendered":"https:\/\/glamuur.ee\/product\/ti-sento-milano-pendant-6765sy\/"},"modified":"2026-04-20T11:45:08","modified_gmt":"2026-04-20T08:45:08","slug":"ti-sento-milano-riputatav-6765sy","status":"publish","type":"product","link":"https:\/\/glamuur.ee\/et\/product\/ti-sento-milano-pendant-6765sy\/","title":{"rendered":"TI SENTO \u2013 Milano ripats"},"content":{"rendered":"<p>Meie ikooniline kollase kullatud lillepunga ripub uhkelt tema valge tsirkooniumiga kaetud h\u00f5bedasest klambrist. Tema siledaks lihvitud kivi p\u00fc\u00fcab valgust, kui ta ripub. Avastage tema varjatud hiilgus.<\/p>\n<p>TI SENTO - Milano ripats 6765SY on valmistatud h\u00f5bedase kullatud pinnaga. Selle ripatsi v\u00e4rvus on h\u00f5bedane kollane kullatud. K\u00f5ik TI SENTO - Milano tooted tarnitakse kaunis kinkekarbis. Maagia peitub meie h\u00f5bedas.<\/p>\n<p>Ta on osa meie City Chic kollektsioonist: Energiline kollane, julge talvine s\u00e4ra, ristk\u00fclikukujuline ja ikooniline. Reisige selle kaunitaride kollektsiooniga maailma tundmatutesse linnadesse.<\/p>","protected":false},"excerpt":{"rendered":"<p>Our iconic yellow-gold plated flowerbud hangs proudly from her white zirconia pav\u00e9 silver clasp. Her smoothly cut shaped stone is catches the light as she dangles. Discover her hidden splendours. The TI SENTO &#8211; Milano Pendant 6765SY is crafted with Silver gold plated. The colour&#8230;<\/p>","protected":false},"featured_media":193526,"comment_status":"open","ping_status":"closed","template":"","meta":{"jetpack_post_was_ever_published":false},"product_brand":[],"product_cat":[599,729,980,964,72,149],"product_tag":[],"giftcard-category":[],"class_list":{"0":"post-192661","1":"product","2":"type-product","3":"status-publish","4":"has-post-thumbnail","6":"product_cat-sale","7":"product_cat-pendants","8":"product_cat-ready-for-vacation","9":"product_cat-summer-sale-ti-sento","10":"product_cat-ti-sento-milano","11":"product_cat-ti-sento-milano-pendants","12":"pa_material-silver","13":"pa_metal-color-yellow-gold","14":"pa_product-brand-ti-sento-milano","15":"pa_stone-color-yellow","16":"pa_type-category-pendants","18":"first","19":"instock","20":"featured","21":"taxable","22":"shipping-taxable","23":"purchasable","24":"product-type-simple"},"bundled_by":[],"bundle_stock_status":"instock","bundle_stock_quantity":9,"bundle_virtual":false,"bundle_layout":"","bundle_add_to_cart_form_location":"","bundle_editable_in_cart":false,"bundle_sold_individually_context":"","bundle_item_grouping":"","bundle_min_size":"","bundle_max_size":"","bundle_price":[],"bundled_items":[],"bundle_sell_ids":[],"etheme_brands":{"errors":{"invalid_taxonomy":["Lubamatu taksonoomia."]},"error_data":[]},"_links":{"self":[{"href":"https:\/\/glamuur.ee\/et\/wp-json\/wp\/v2\/product\/192661","targetHints":{"allow":["GET"]}}],"collection":[{"href":"https:\/\/glamuur.ee\/et\/wp-json\/wp\/v2\/product"}],"about":[{"href":"https:\/\/glamuur.ee\/et\/wp-json\/wp\/v2\/types\/product"}],"replies":[{"embeddable":true,"href":"https:\/\/glamuur.ee\/et\/wp-json\/wp\/v2\/comments?post=192661"}],"wp:featuredmedia":[{"embeddable":true,"href":"https:\/\/glamuur.ee\/et\/wp-json\/wp\/v2\/media\/193526"}],"wp:attachment":[{"href":"https:\/\/glamuur.ee\/et\/wp-json\/wp\/v2\/media?parent=192661"}],"wp:term":[{"taxonomy":"product_brand","embeddable":true,"href":"https:\/\/glamuur.ee\/et\/wp-json\/wp\/v2\/product_brand?post=192661"},{"taxonomy":"product_cat","embeddable":true,"href":"https:\/\/glamuur.ee\/et\/wp-json\/wp\/v2\/product_cat?post=192661"},{"taxonomy":"product_tag","embeddable":true,"href":"https:\/\/glamuur.ee\/et\/wp-json\/wp\/v2\/product_tag?post=192661"},{"taxonomy":"giftcard-category","embeddable":true,"href":"https:\/\/glamuur.ee\/et\/wp-json\/wp\/v2\/giftcard-category?post=192661"}],"curies":[{"name":"wp","href":"https:\/\/api.w.org\/{rel}","templated":true}]}}