{"id":192644,"date":"2023-05-17T09:13:50","date_gmt":"2023-05-17T09:13:50","guid":{"rendered":"https:\/\/glamuur.ee\/product\/ti-sento-milano-necklace-3842wm\/"},"modified":"2026-02-16T13:56:24","modified_gmt":"2026-02-16T11:56:24","slug":"ti-sento-milano-kaelakee-3842wm","status":"publish","type":"product","link":"https:\/\/glamuur.ee\/et\/product\/ti-sento-milano-necklace-3842wm\/","title":{"rendered":"TI SENTO - Milano kaelakee"},"content":{"rendered":"<p>Selles erip\u00e4rases ja v\u00f5luvas TI SENTO - Milano kaelakees on piimjas valged kassisilmakivid vaheldunud ebakorrap\u00e4rase intervalliga p\u00e4rlmutter ja kuubikuliste tsirkooniatega kaunistatud helmedega. Iga kabohhoonil\u00f5ikega kivi on eraldi paigaldatud 18-karaadise roosa kullaga kaetud kandidesse. See 90 sentimeetri pikkune enda disainitud kaelakee on kompenseeritud peene h\u00f5bedast ahelaga. Selle elegantse kaelakee kontrastsed tekstuurid ja v\u00e4rvid muudavad selle ideaalselt sobilikuks teiste kollektsiooni esemetega.<\/p>","protected":false},"excerpt":{"rendered":"<p>In this distinctive and charming TI SENTO &#8211; Milano necklace, milky white catseye stones are interspersed at irregular intervals with mother of pearl and beads studded with cubic zirconias. Each cabochon cut stone is individually mounted in bezels plated in 18 carat rose gold. This&#8230;<\/p>","protected":false},"featured_media":193442,"comment_status":"open","ping_status":"closed","template":"","meta":{"jetpack_post_was_ever_published":false},"product_brand":[],"product_cat":[968,727,945,72,146],"product_tag":[],"giftcard-category":[],"class_list":{"0":"post-192644","1":"product","2":"type-product","3":"status-publish","4":"has-post-thumbnail","6":"product_cat-mothers-day-2025-ti-sento","7":"product_cat-necklaces","8":"product_cat-pearls","9":"product_cat-ti-sento-milano","10":"product_cat-ti-sento-milano-necklaces","11":"pa_material-silver","12":"pa_metal-color-rose-gold","13":"pa_product-brand-ti-sento-milano","14":"pa_stone-color-pearl","15":"pa_type-category-necklaces","17":"first","18":"instock","19":"featured","20":"taxable","21":"shipping-taxable","22":"purchasable","23":"product-type-simple"},"bundled_by":[],"bundle_stock_status":"instock","bundle_stock_quantity":3,"bundle_virtual":false,"bundle_layout":"","bundle_add_to_cart_form_location":"","bundle_editable_in_cart":false,"bundle_sold_individually_context":"","bundle_item_grouping":"","bundle_min_size":"","bundle_max_size":"","bundle_price":[],"bundled_items":[],"bundle_sell_ids":[],"etheme_brands":{"errors":{"invalid_taxonomy":["Lubamatu taksonoomia."]},"error_data":[]},"_links":{"self":[{"href":"https:\/\/glamuur.ee\/et\/wp-json\/wp\/v2\/product\/192644","targetHints":{"allow":["GET"]}}],"collection":[{"href":"https:\/\/glamuur.ee\/et\/wp-json\/wp\/v2\/product"}],"about":[{"href":"https:\/\/glamuur.ee\/et\/wp-json\/wp\/v2\/types\/product"}],"replies":[{"embeddable":true,"href":"https:\/\/glamuur.ee\/et\/wp-json\/wp\/v2\/comments?post=192644"}],"wp:featuredmedia":[{"embeddable":true,"href":"https:\/\/glamuur.ee\/et\/wp-json\/wp\/v2\/media\/193442"}],"wp:attachment":[{"href":"https:\/\/glamuur.ee\/et\/wp-json\/wp\/v2\/media?parent=192644"}],"wp:term":[{"taxonomy":"product_brand","embeddable":true,"href":"https:\/\/glamuur.ee\/et\/wp-json\/wp\/v2\/product_brand?post=192644"},{"taxonomy":"product_cat","embeddable":true,"href":"https:\/\/glamuur.ee\/et\/wp-json\/wp\/v2\/product_cat?post=192644"},{"taxonomy":"product_tag","embeddable":true,"href":"https:\/\/glamuur.ee\/et\/wp-json\/wp\/v2\/product_tag?post=192644"},{"taxonomy":"giftcard-category","embeddable":true,"href":"https:\/\/glamuur.ee\/et\/wp-json\/wp\/v2\/giftcard-category?post=192644"}],"curies":[{"name":"wp","href":"https:\/\/api.w.org\/{rel}","templated":true}]}}