{"id":192633,"date":"2023-05-17T12:13:21","date_gmt":"2023-05-17T09:13:21","guid":{"rendered":"https:\/\/glamuur.ee\/product\/ti-sento-milano-earrings-7880bl\/"},"modified":"2026-02-16T14:08:51","modified_gmt":"2026-02-16T12:08:51","slug":"ti-sento-milano-korvarongad-7880bl","status":"publish","type":"product","link":"https:\/\/glamuur.ee\/et\/product\/ti-sento-milano-earrings-7880bl\/","title":{"rendered":"TI SENTO - Milano Basic k\u00f5rvar\u00f5ngad"},"content":{"rendered":"<p>Need TI SENTO - Milano k\u00f5rvar\u00f5ngad 7880BL on valmistatud h\u00f5bedasest roodiumist, mis on kaetud musta pinnakattega. Nende k\u00f5rvar\u00f5ngaste v\u00e4rvus on sinine. L\u00e4bim\u00f5\u00f5t 13mm ja laius 4mm. Sobivad k\u00f5igi TI SENTO k\u00f5rvakommetega.<\/p>\n<p>&nbsp;<\/p>","protected":false},"excerpt":{"rendered":"<p>Need TI SENTO - Milano k\u00f5rvar\u00f5ngad 7880BL on valmistatud h\u00f5bedasest roodiumist, mis on kaetud musta pinnakattega. Nende k\u00f5rvar\u00f5ngaste v\u00e4rvus on sinine. L\u00e4bim\u00f5\u00f5t 13mm ja laius 4mm. Sobivad k\u00f5igi TI SENTO k\u00f5rvakommetega. &nbsp;<\/p>","protected":false},"featured_media":261394,"comment_status":"open","ping_status":"closed","template":"","meta":{"jetpack_post_was_ever_published":false},"product_brand":[],"product_cat":[725,72,143],"product_tag":[],"giftcard-category":[],"class_list":{"0":"post-192633","1":"product","2":"type-product","3":"status-publish","4":"has-post-thumbnail","6":"product_cat-earrings","7":"product_cat-ti-sento-milano","8":"product_cat-ti-sento-milano-earrings","9":"pa_material-silver","10":"pa_metal-color-silver","11":"pa_product-brand-ti-sento-milano","12":"pa_stone-color-blue","13":"pa_type-category-earrings","15":"first","16":"instock","17":"featured","18":"taxable","19":"shipping-taxable","20":"purchasable","21":"product-type-simple"},"bundled_by":[],"bundle_stock_status":"instock","bundle_stock_quantity":28,"bundle_virtual":false,"bundle_layout":"","bundle_add_to_cart_form_location":"","bundle_editable_in_cart":false,"bundle_sold_individually_context":"","bundle_item_grouping":"","bundle_min_size":"","bundle_max_size":"","bundle_price":[],"bundled_items":[],"bundle_sell_ids":[],"etheme_brands":{"errors":{"invalid_taxonomy":["Lubamatu taksonoomia."]},"error_data":[]},"_links":{"self":[{"href":"https:\/\/glamuur.ee\/et\/wp-json\/wp\/v2\/product\/192633","targetHints":{"allow":["GET"]}}],"collection":[{"href":"https:\/\/glamuur.ee\/et\/wp-json\/wp\/v2\/product"}],"about":[{"href":"https:\/\/glamuur.ee\/et\/wp-json\/wp\/v2\/types\/product"}],"replies":[{"embeddable":true,"href":"https:\/\/glamuur.ee\/et\/wp-json\/wp\/v2\/comments?post=192633"}],"wp:featuredmedia":[{"embeddable":true,"href":"https:\/\/glamuur.ee\/et\/wp-json\/wp\/v2\/media\/261394"}],"wp:attachment":[{"href":"https:\/\/glamuur.ee\/et\/wp-json\/wp\/v2\/media?parent=192633"}],"wp:term":[{"taxonomy":"product_brand","embeddable":true,"href":"https:\/\/glamuur.ee\/et\/wp-json\/wp\/v2\/product_brand?post=192633"},{"taxonomy":"product_cat","embeddable":true,"href":"https:\/\/glamuur.ee\/et\/wp-json\/wp\/v2\/product_cat?post=192633"},{"taxonomy":"product_tag","embeddable":true,"href":"https:\/\/glamuur.ee\/et\/wp-json\/wp\/v2\/product_tag?post=192633"},{"taxonomy":"giftcard-category","embeddable":true,"href":"https:\/\/glamuur.ee\/et\/wp-json\/wp\/v2\/giftcard-category?post=192633"}],"curies":[{"name":"wp","href":"https:\/\/api.w.org\/{rel}","templated":true}]}}