{"id":192615,"date":"2023-05-17T09:12:38","date_gmt":"2023-05-17T09:12:38","guid":{"rendered":"https:\/\/glamuur.ee\/product\/ti-sento-milano-earrings-7597zr\/"},"modified":"2026-04-20T13:50:08","modified_gmt":"2026-04-20T10:50:08","slug":"ti-sento-milano-korvarongad-7597zr","status":"publish","type":"product","link":"https:\/\/glamuur.ee\/et\/product\/ti-sento-milano-earrings-7597zr\/","title":{"rendered":"TI SENTO - Milano k\u00f5rvar\u00f5ngad"},"content":{"rendered":"<p>Need elegantsed TI SENTO - Milano k\u00f5rvar\u00f5ngad on s\u00e4titud briljantse l\u00f5ikega kuubiliste tsirkooniumidega ja nende l\u00e4bim\u00f5\u00f5t on 6 mm. Sileda roosakuldse pinnakattega kaetud k\u00f5rvar\u00f5ngad loovad stiilse kontrasti s\u00e4ravate tsirkooniumkivide s\u00e4delusele. K\u00f5rvar\u00f5ngad on valmistatud kvaliteetsest roodiumiga kaetud h\u00f5bedast. Roodiumviimistlus annab k\u00f5rvar\u00f5ngastele iseloomuliku s\u00e4ra ja lisab neile ka m\u00e4rkimisv\u00e4\u00e4rset vastupidavust. TI SENTO kollektsioon pakub laia valikut sama seeria ehteid, nii et neid k\u00f5rvar\u00f5ngaid saab kanda eraldi v\u00f5i komplekti osana.<\/p>","protected":false},"excerpt":{"rendered":"<p>These elegant TI SENTO &#8211; Milano ear studs are set with brilliant-cut cubic zirconia and have a diameter of 6 mm. The smooth rose gold plating provides a stylishly subdued contrast to the sparkle of the lustrous zirconia stones. The ear studs are made of&#8230;<\/p>","protected":false},"featured_media":193271,"comment_status":"open","ping_status":"closed","template":"","meta":{"jetpack_post_was_ever_published":false},"product_brand":[],"product_cat":[725,793,599,72,143],"product_tag":[],"giftcard-category":[],"class_list":{"0":"post-192615","1":"product","2":"type-product","3":"status-publish","4":"has-post-thumbnail","6":"product_cat-earrings","7":"product_cat-gift-ideas-up-to-50e","8":"product_cat-sale","9":"product_cat-ti-sento-milano","10":"product_cat-ti-sento-milano-earrings","11":"pa_material-silver","12":"pa_metal-color-rose-gold","13":"pa_product-brand-ti-sento-milano","14":"pa_stone-color-white","15":"pa_type-category-earrings","17":"first","18":"instock","19":"sale","20":"featured","21":"taxable","22":"shipping-taxable","23":"purchasable","24":"product-type-simple"},"bundled_by":[],"bundle_stock_status":"instock","bundle_stock_quantity":14,"bundle_virtual":false,"bundle_layout":"","bundle_add_to_cart_form_location":"","bundle_editable_in_cart":false,"bundle_sold_individually_context":"","bundle_item_grouping":"","bundle_min_size":"","bundle_max_size":"","bundle_price":[],"bundled_items":[],"bundle_sell_ids":[],"etheme_brands":{"errors":{"invalid_taxonomy":["Lubamatu taksonoomia."]},"error_data":[]},"_links":{"self":[{"href":"https:\/\/glamuur.ee\/et\/wp-json\/wp\/v2\/product\/192615","targetHints":{"allow":["GET"]}}],"collection":[{"href":"https:\/\/glamuur.ee\/et\/wp-json\/wp\/v2\/product"}],"about":[{"href":"https:\/\/glamuur.ee\/et\/wp-json\/wp\/v2\/types\/product"}],"replies":[{"embeddable":true,"href":"https:\/\/glamuur.ee\/et\/wp-json\/wp\/v2\/comments?post=192615"}],"wp:featuredmedia":[{"embeddable":true,"href":"https:\/\/glamuur.ee\/et\/wp-json\/wp\/v2\/media\/193271"}],"wp:attachment":[{"href":"https:\/\/glamuur.ee\/et\/wp-json\/wp\/v2\/media?parent=192615"}],"wp:term":[{"taxonomy":"product_brand","embeddable":true,"href":"https:\/\/glamuur.ee\/et\/wp-json\/wp\/v2\/product_brand?post=192615"},{"taxonomy":"product_cat","embeddable":true,"href":"https:\/\/glamuur.ee\/et\/wp-json\/wp\/v2\/product_cat?post=192615"},{"taxonomy":"product_tag","embeddable":true,"href":"https:\/\/glamuur.ee\/et\/wp-json\/wp\/v2\/product_tag?post=192615"},{"taxonomy":"giftcard-category","embeddable":true,"href":"https:\/\/glamuur.ee\/et\/wp-json\/wp\/v2\/giftcard-category?post=192615"}],"curies":[{"name":"wp","href":"https:\/\/api.w.org\/{rel}","templated":true}]}}