{"id":192609,"date":"2023-06-27T19:09:17","date_gmt":"2023-06-27T19:09:17","guid":{"rendered":"https:\/\/glamuur.ee\/product\/ti-sento-milano-earrings-7210rs\/"},"modified":"2026-04-17T18:15:04","modified_gmt":"2026-04-17T15:15:04","slug":"ti-sento-milano-korvarongad-7210rs","status":"publish","type":"product","link":"https:\/\/glamuur.ee\/et\/product\/ti-sento-milano-earrings-7210rs\/","title":{"rendered":"TI SENTO - Milano k\u00f5rvar\u00f5ngad"},"content":{"rendered":"<p>Need TI SENTO - Milano k\u00f5rvar\u00f5ngad on valmistatud Sterling h\u00f5bedast, millele on kantud 18 kt roosakuldne pinnakate. K\u00f5rvar\u00f5ngaid saab kanda eraldi v\u00f5i kombineerida k\u00f5rvar\u00f5ngastega. Kanna neid k\u00f5rvar\u00f5ngaid n\u00e4iteks koos k\u00f5rvaarmidega, millele on lisatud samuti roosakas kuld, et seda v\u00e4rvi eriti esile tuua. Need k\u00f5rvar\u00f5ngad sobivad k\u00f5igi k\u00f5rvaarmidega. Kombineeri neid nii, nagu sulle meeldib!<\/p>","protected":false},"excerpt":{"rendered":"<p>These TI SENTO &#8211; Milano ear hoops are made of Sterling silver, on which a layer of 18kt rose gold plating is applied. The earrings can be worn on their own, of combined with ear charms. Wear these earrings for instance with ear charms, which&#8230;<\/p>","protected":false},"featured_media":193238,"comment_status":"open","ping_status":"closed","template":"","meta":{"jetpack_post_was_ever_published":false},"product_brand":[],"product_cat":[725,794,72,150],"product_tag":[],"giftcard-category":[],"class_list":{"0":"post-192609","1":"product","2":"type-product","3":"status-publish","4":"has-post-thumbnail","6":"product_cat-earrings","7":"product_cat-gift-ideas-up-to-100e","8":"product_cat-ti-sento-milano","9":"product_cat-ti-sento-milano-basic-earrings","10":"pa_material-silver","11":"pa_metal-color-rose-gold","12":"pa_product-brand-ti-sento-milano","13":"pa_stone-color-pink","14":"pa_type-category-earrings","16":"first","17":"instock","18":"featured","19":"taxable","20":"shipping-taxable","21":"purchasable","22":"product-type-simple"},"bundled_by":["255006","246626"],"bundle_stock_status":"instock","bundle_stock_quantity":117,"bundle_virtual":false,"bundle_layout":"","bundle_add_to_cart_form_location":"","bundle_editable_in_cart":false,"bundle_sold_individually_context":"","bundle_item_grouping":"","bundle_min_size":"","bundle_max_size":"","bundle_price":[],"bundled_items":[],"bundle_sell_ids":[],"etheme_brands":{"errors":{"invalid_taxonomy":["Lubamatu taksonoomia."]},"error_data":[]},"_links":{"self":[{"href":"https:\/\/glamuur.ee\/et\/wp-json\/wp\/v2\/product\/192609","targetHints":{"allow":["GET"]}}],"collection":[{"href":"https:\/\/glamuur.ee\/et\/wp-json\/wp\/v2\/product"}],"about":[{"href":"https:\/\/glamuur.ee\/et\/wp-json\/wp\/v2\/types\/product"}],"replies":[{"embeddable":true,"href":"https:\/\/glamuur.ee\/et\/wp-json\/wp\/v2\/comments?post=192609"}],"wp:featuredmedia":[{"embeddable":true,"href":"https:\/\/glamuur.ee\/et\/wp-json\/wp\/v2\/media\/193238"}],"wp:attachment":[{"href":"https:\/\/glamuur.ee\/et\/wp-json\/wp\/v2\/media?parent=192609"}],"wp:term":[{"taxonomy":"product_brand","embeddable":true,"href":"https:\/\/glamuur.ee\/et\/wp-json\/wp\/v2\/product_brand?post=192609"},{"taxonomy":"product_cat","embeddable":true,"href":"https:\/\/glamuur.ee\/et\/wp-json\/wp\/v2\/product_cat?post=192609"},{"taxonomy":"product_tag","embeddable":true,"href":"https:\/\/glamuur.ee\/et\/wp-json\/wp\/v2\/product_tag?post=192609"},{"taxonomy":"giftcard-category","embeddable":true,"href":"https:\/\/glamuur.ee\/et\/wp-json\/wp\/v2\/giftcard-category?post=192609"}],"curies":[{"name":"wp","href":"https:\/\/api.w.org\/{rel}","templated":true}]}}