{"id":192596,"date":"2023-05-17T12:11:45","date_gmt":"2023-05-17T09:11:45","guid":{"rendered":"https:\/\/glamuur.ee\/product\/ti-sento-milano-bracelet-2874sb\/"},"modified":"2026-02-16T13:51:46","modified_gmt":"2026-02-16T11:51:46","slug":"ti-sento-milano-kaevoru-2874sb","status":"publish","type":"product","link":"https:\/\/glamuur.ee\/et\/product\/ti-sento-milano-bracelet-2874sb\/","title":{"rendered":"TI SENTO \u2013 Milano K\u00e4ekett"},"content":{"rendered":"<p>TI SENTO - Milano h\u00f5bedane orjapael. K\u00e4ev\u00f5ru peal on ikooniline mullitekstuur, mis muudab selle k\u00e4ev\u00f5ru ideaalseks kombinatsiooniks teiste TI SENTO esemetega. K\u00e4ev\u00f5rule on spetsiaalselt TI SENTO poolt disainitud peaaegu n\u00e4htamatu sulgur, mis tagab turvalise kandmise.<\/p>","protected":false},"excerpt":{"rendered":"<h2>See k\u00e4ev\u00f5ru on suurus M ja sobib randmetele m\u00f5\u00f5tudega 15.6cm - 17.4cm.<\/h2>","protected":false},"featured_media":193175,"comment_status":"open","ping_status":"closed","template":"","meta":{"jetpack_post_was_ever_published":false},"product_brand":[],"product_cat":[726,599,72,147],"product_tag":[],"giftcard-category":[],"class_list":{"0":"post-192596","1":"product","2":"type-product","3":"status-publish","4":"has-post-thumbnail","6":"product_cat-bracelets","7":"product_cat-sale","8":"product_cat-ti-sento-milano","9":"product_cat-ti-sento-milano-bracelets","10":"pa_material-silver","11":"pa_metal-color-silver","12":"pa_product-brand-ti-sento-milano","13":"pa_stone-color-without-stones","14":"pa_type-category-bracelets","16":"first","17":"instock","18":"featured","19":"taxable","20":"shipping-taxable","21":"purchasable","22":"product-type-simple"},"bundled_by":[],"bundle_stock_status":"instock","bundle_stock_quantity":1,"bundle_virtual":false,"bundle_layout":"","bundle_add_to_cart_form_location":"","bundle_editable_in_cart":false,"bundle_sold_individually_context":"","bundle_item_grouping":"","bundle_min_size":"","bundle_max_size":"","bundle_price":[],"bundled_items":[],"bundle_sell_ids":[],"etheme_brands":{"errors":{"invalid_taxonomy":["Lubamatu taksonoomia."]},"error_data":[]},"_links":{"self":[{"href":"https:\/\/glamuur.ee\/et\/wp-json\/wp\/v2\/product\/192596","targetHints":{"allow":["GET"]}}],"collection":[{"href":"https:\/\/glamuur.ee\/et\/wp-json\/wp\/v2\/product"}],"about":[{"href":"https:\/\/glamuur.ee\/et\/wp-json\/wp\/v2\/types\/product"}],"replies":[{"embeddable":true,"href":"https:\/\/glamuur.ee\/et\/wp-json\/wp\/v2\/comments?post=192596"}],"wp:featuredmedia":[{"embeddable":true,"href":"https:\/\/glamuur.ee\/et\/wp-json\/wp\/v2\/media\/193175"}],"wp:attachment":[{"href":"https:\/\/glamuur.ee\/et\/wp-json\/wp\/v2\/media?parent=192596"}],"wp:term":[{"taxonomy":"product_brand","embeddable":true,"href":"https:\/\/glamuur.ee\/et\/wp-json\/wp\/v2\/product_brand?post=192596"},{"taxonomy":"product_cat","embeddable":true,"href":"https:\/\/glamuur.ee\/et\/wp-json\/wp\/v2\/product_cat?post=192596"},{"taxonomy":"product_tag","embeddable":true,"href":"https:\/\/glamuur.ee\/et\/wp-json\/wp\/v2\/product_tag?post=192596"},{"taxonomy":"giftcard-category","embeddable":true,"href":"https:\/\/glamuur.ee\/et\/wp-json\/wp\/v2\/giftcard-category?post=192596"}],"curies":[{"name":"wp","href":"https:\/\/api.w.org\/{rel}","templated":true}]}}