{"id":192540,"date":"2023-05-17T09:09:24","date_gmt":"2023-05-17T09:09:24","guid":{"rendered":"https:\/\/glamuur.ee\/product\/ti-sento-milano-necklace-3891si-80\/"},"modified":"2026-02-16T13:57:09","modified_gmt":"2026-02-16T11:57:09","slug":"ti-sento-milano-kaelakee-3891si-80","status":"publish","type":"product","link":"https:\/\/glamuur.ee\/et\/product\/ti-sento-milano-necklace-3891si-80\/","title":{"rendered":"TI SENTO - Milano kaelakee"},"content":{"rendered":"<p>TI SENTO - Milano h\u00f5bedast kaelakee. M\u00f5lemas otsas olevad kaks silma saab \u00fchendada klamberr\u00f5ngaga, nii et saate seda kaelakeed kanda mitmel viisil, samuti saate luua omaenda ripatsikombinatsiooni. Niinimetatud foxtail kaelakee on valmistatud roodiumiga kaetud sterlingh\u00f5bedast.<\/p>","protected":false},"excerpt":{"rendered":"<p>TI SENTO &#8211; Milano silver necklace. The two eyes on either end can be connected to a clip ring so that you can wear this necklace in a range of ways, as well as create your own pendant combination. The so-called foxtail necklace is made&#8230;<\/p>","protected":false},"featured_media":192986,"comment_status":"open","ping_status":"closed","template":"","meta":{"jetpack_post_was_ever_published":false},"product_brand":[],"product_cat":[727,599,72,146],"product_tag":[],"giftcard-category":[],"class_list":{"0":"post-192540","1":"product","2":"type-product","3":"status-publish","4":"has-post-thumbnail","6":"product_cat-necklaces","7":"product_cat-sale","8":"product_cat-ti-sento-milano","9":"product_cat-ti-sento-milano-necklaces","10":"pa_material-silver","11":"pa_metal-color-silver","12":"pa_product-brand-ti-sento-milano","13":"pa_stone-color-without-stones","14":"pa_type-category-necklaces","16":"first","17":"instock","18":"featured","19":"taxable","20":"shipping-taxable","21":"purchasable","22":"product-type-simple"},"bundled_by":[],"bundle_stock_status":"instock","bundle_stock_quantity":2,"bundle_virtual":false,"bundle_layout":"","bundle_add_to_cart_form_location":"","bundle_editable_in_cart":false,"bundle_sold_individually_context":"","bundle_item_grouping":"","bundle_min_size":"","bundle_max_size":"","bundle_price":[],"bundled_items":[],"bundle_sell_ids":[],"etheme_brands":{"errors":{"invalid_taxonomy":["Lubamatu taksonoomia."]},"error_data":[]},"_links":{"self":[{"href":"https:\/\/glamuur.ee\/et\/wp-json\/wp\/v2\/product\/192540","targetHints":{"allow":["GET"]}}],"collection":[{"href":"https:\/\/glamuur.ee\/et\/wp-json\/wp\/v2\/product"}],"about":[{"href":"https:\/\/glamuur.ee\/et\/wp-json\/wp\/v2\/types\/product"}],"replies":[{"embeddable":true,"href":"https:\/\/glamuur.ee\/et\/wp-json\/wp\/v2\/comments?post=192540"}],"wp:featuredmedia":[{"embeddable":true,"href":"https:\/\/glamuur.ee\/et\/wp-json\/wp\/v2\/media\/192986"}],"wp:attachment":[{"href":"https:\/\/glamuur.ee\/et\/wp-json\/wp\/v2\/media?parent=192540"}],"wp:term":[{"taxonomy":"product_brand","embeddable":true,"href":"https:\/\/glamuur.ee\/et\/wp-json\/wp\/v2\/product_brand?post=192540"},{"taxonomy":"product_cat","embeddable":true,"href":"https:\/\/glamuur.ee\/et\/wp-json\/wp\/v2\/product_cat?post=192540"},{"taxonomy":"product_tag","embeddable":true,"href":"https:\/\/glamuur.ee\/et\/wp-json\/wp\/v2\/product_tag?post=192540"},{"taxonomy":"giftcard-category","embeddable":true,"href":"https:\/\/glamuur.ee\/et\/wp-json\/wp\/v2\/giftcard-category?post=192540"}],"curies":[{"name":"wp","href":"https:\/\/api.w.org\/{rel}","templated":true}]}}