{"id":192536,"date":"2023-05-17T09:09:11","date_gmt":"2023-05-17T09:09:11","guid":{"rendered":"https:\/\/glamuur.ee\/product\/ti-sento-milano-pendant-6759gg\/"},"modified":"2026-02-16T13:59:00","modified_gmt":"2026-02-16T11:59:00","slug":"ti-sento-milano-ripats-6759gg","status":"publish","type":"product","link":"https:\/\/glamuur.ee\/et\/product\/ti-sento-milano-pendant-6759gg\/","title":{"rendered":"TI SENTO \u2013 Milano ripats"},"content":{"rendered":"<p>TI SENTO - Milano ripats, mis on valmistatud roodiumiga kaetud h\u00f5bedast. Ripatsil on l\u00e4bipaistev roheline kristall ja tsirkooniumidega paveeritud. Selle ripatsi puhul ei ole teil vaja lisaklamberr\u00f5ngast, sest sellel on oma integreeritud klamberr\u00f5ngas, nii et saate selle otse kaelakeele k\u00fclge kinnitada! Kandke seda ripatsit koos k\u00f5rvar\u00f5ngaste, k\u00e4ev\u00f5ru ja\/v\u00f5i s\u00f5rmusega kollektsioonist, et oma v\u00e4limus oleks t\u00e4iuslik!<\/p>","protected":false},"excerpt":{"rendered":"<p>TI SENTO &#8211; Milano pendant made of rhodium plated sterling silver. The pendant has a transparent green crystal and is pav\u00e9-set with zirconias. You won\u2019t need an extra clip-ring with this pendant because it has its own integrated clip-ring so you can attach it directly&#8230;<\/p>","protected":false},"featured_media":192962,"comment_status":"open","ping_status":"closed","template":"","meta":{"jetpack_post_was_ever_published":false},"product_brand":[],"product_cat":[599,729,980,964,72,149],"product_tag":[],"giftcard-category":[],"class_list":{"0":"post-192536","1":"product","2":"type-product","3":"status-publish","4":"has-post-thumbnail","6":"product_cat-sale","7":"product_cat-pendants","8":"product_cat-ready-for-vacation","9":"product_cat-summer-sale-ti-sento","10":"product_cat-ti-sento-milano","11":"product_cat-ti-sento-milano-pendants","12":"pa_material-silver","13":"pa_metal-color-silver","14":"pa_product-brand-ti-sento-milano","15":"pa_stone-color-green","16":"pa_type-category-pendants","18":"first","19":"instock","20":"featured","21":"taxable","22":"shipping-taxable","23":"purchasable","24":"product-type-simple"},"bundled_by":[],"bundle_stock_status":"instock","bundle_stock_quantity":13,"bundle_virtual":false,"bundle_layout":"","bundle_add_to_cart_form_location":"","bundle_editable_in_cart":false,"bundle_sold_individually_context":"","bundle_item_grouping":"","bundle_min_size":"","bundle_max_size":"","bundle_price":[],"bundled_items":[],"bundle_sell_ids":[],"etheme_brands":{"errors":{"invalid_taxonomy":["Lubamatu taksonoomia."]},"error_data":[]},"_links":{"self":[{"href":"https:\/\/glamuur.ee\/et\/wp-json\/wp\/v2\/product\/192536","targetHints":{"allow":["GET"]}}],"collection":[{"href":"https:\/\/glamuur.ee\/et\/wp-json\/wp\/v2\/product"}],"about":[{"href":"https:\/\/glamuur.ee\/et\/wp-json\/wp\/v2\/types\/product"}],"replies":[{"embeddable":true,"href":"https:\/\/glamuur.ee\/et\/wp-json\/wp\/v2\/comments?post=192536"}],"wp:featuredmedia":[{"embeddable":true,"href":"https:\/\/glamuur.ee\/et\/wp-json\/wp\/v2\/media\/192962"}],"wp:attachment":[{"href":"https:\/\/glamuur.ee\/et\/wp-json\/wp\/v2\/media?parent=192536"}],"wp:term":[{"taxonomy":"product_brand","embeddable":true,"href":"https:\/\/glamuur.ee\/et\/wp-json\/wp\/v2\/product_brand?post=192536"},{"taxonomy":"product_cat","embeddable":true,"href":"https:\/\/glamuur.ee\/et\/wp-json\/wp\/v2\/product_cat?post=192536"},{"taxonomy":"product_tag","embeddable":true,"href":"https:\/\/glamuur.ee\/et\/wp-json\/wp\/v2\/product_tag?post=192536"},{"taxonomy":"giftcard-category","embeddable":true,"href":"https:\/\/glamuur.ee\/et\/wp-json\/wp\/v2\/giftcard-category?post=192536"}],"curies":[{"name":"wp","href":"https:\/\/api.w.org\/{rel}","templated":true}]}}