{"id":192395,"date":"2023-05-17T09:06:33","date_gmt":"2023-05-17T09:06:33","guid":{"rendered":"https:\/\/glamuur.ee\/product\/ti-sento-milano-pendant-6758gg\/"},"modified":"2026-02-16T13:59:00","modified_gmt":"2026-02-16T11:59:00","slug":"ti-sento-milano-ripats-6758gg","status":"publish","type":"product","link":"https:\/\/glamuur.ee\/et\/product\/ti-sento-milano-pendant-6758gg\/","title":{"rendered":"TI SENTO \u2013 Milano ripats"},"content":{"rendered":"<p>TI SENTO - Milano roheline ripats. Ripatsil on \u00fcmmargune l\u00e4bipaistev kristallkivi, mis on lihvitud, et saavutada atraktiivne s\u00e4ra. \u00dclalpool hoiab kivi ainult h\u00f5bedane klipsisilm, mis v\u00f5imaldab ripatsit \u00fchest kaelakeest teise vahetada. Saate luua oma ehtekomplekti ja isiklikke kombinatsioone.<\/p>","protected":false},"excerpt":{"rendered":"<p>TI SENTO &#8211; Milano green pendant. The pendant has a round transparent crystal stone, faceted for an attractive sparkle. On the top, the stone is held solely by the silver clip-eye that allows you to change the pendant from one necklace to another. You can&#8230;<\/p>","protected":false},"featured_media":192396,"comment_status":"open","ping_status":"closed","template":"","meta":{"jetpack_post_was_ever_published":false},"product_brand":[],"product_cat":[793,599,729,980,964,72,149],"product_tag":[],"giftcard-category":[],"class_list":{"0":"post-192395","1":"product","2":"type-product","3":"status-publish","4":"has-post-thumbnail","6":"product_cat-gift-ideas-up-to-50e","7":"product_cat-sale","8":"product_cat-pendants","9":"product_cat-ready-for-vacation","10":"product_cat-summer-sale-ti-sento","11":"product_cat-ti-sento-milano","12":"product_cat-ti-sento-milano-pendants","13":"pa_material-silver","14":"pa_metal-color-silver","15":"pa_product-brand-ti-sento-milano","16":"pa_stone-color-green","17":"pa_type-category-pendants","19":"first","20":"instock","21":"featured","22":"taxable","23":"shipping-taxable","24":"purchasable","25":"product-type-simple"},"bundled_by":[],"bundle_stock_status":"instock","bundle_stock_quantity":14,"bundle_virtual":false,"bundle_layout":"","bundle_add_to_cart_form_location":"","bundle_editable_in_cart":false,"bundle_sold_individually_context":"","bundle_item_grouping":"","bundle_min_size":"","bundle_max_size":"","bundle_price":[],"bundled_items":[],"bundle_sell_ids":[],"etheme_brands":{"errors":{"invalid_taxonomy":["Lubamatu taksonoomia."]},"error_data":[]},"_links":{"self":[{"href":"https:\/\/glamuur.ee\/et\/wp-json\/wp\/v2\/product\/192395","targetHints":{"allow":["GET"]}}],"collection":[{"href":"https:\/\/glamuur.ee\/et\/wp-json\/wp\/v2\/product"}],"about":[{"href":"https:\/\/glamuur.ee\/et\/wp-json\/wp\/v2\/types\/product"}],"replies":[{"embeddable":true,"href":"https:\/\/glamuur.ee\/et\/wp-json\/wp\/v2\/comments?post=192395"}],"wp:featuredmedia":[{"embeddable":true,"href":"https:\/\/glamuur.ee\/et\/wp-json\/wp\/v2\/media\/192396"}],"wp:attachment":[{"href":"https:\/\/glamuur.ee\/et\/wp-json\/wp\/v2\/media?parent=192395"}],"wp:term":[{"taxonomy":"product_brand","embeddable":true,"href":"https:\/\/glamuur.ee\/et\/wp-json\/wp\/v2\/product_brand?post=192395"},{"taxonomy":"product_cat","embeddable":true,"href":"https:\/\/glamuur.ee\/et\/wp-json\/wp\/v2\/product_cat?post=192395"},{"taxonomy":"product_tag","embeddable":true,"href":"https:\/\/glamuur.ee\/et\/wp-json\/wp\/v2\/product_tag?post=192395"},{"taxonomy":"giftcard-category","embeddable":true,"href":"https:\/\/glamuur.ee\/et\/wp-json\/wp\/v2\/giftcard-category?post=192395"}],"curies":[{"name":"wp","href":"https:\/\/api.w.org\/{rel}","templated":true}]}}