{"id":191716,"date":"2023-05-17T08:49:14","date_gmt":"2023-05-17T08:49:14","guid":{"rendered":"https:\/\/glamuur.ee\/product\/ti-sento-milano-pendant-6748ds\/"},"modified":"2026-02-16T13:58:53","modified_gmt":"2026-02-16T11:58:53","slug":"ti-sento-milano-ripats-6748ds","status":"publish","type":"product","link":"https:\/\/glamuur.ee\/et\/product\/ti-sento-milano-pendant-6748ds\/","title":{"rendered":"TI SENTO \u2013 Milano ripats"},"content":{"rendered":"<p>TI SENTO - Milano sinine ripats. Pisarikujuline ripats on valmistatud roodiumiga kaetud h\u00f5bedast ja selles on eriline kivi. Kivi on kolmest kihist koosnev kolmik: alumine kiht on p\u00e4rlmutter, mis on kaetud t\u00f5elise teksakangaga. Selle peal on kristall, mis r\u00f5hutab teksat. Ripatsiga on kaasas h\u00f5bedane kaelakee ja seda saab kanda \u00fcksinda v\u00f5i kombineerida mitme ripatsiga TI SENTO Mix &amp; Match kollektsioonist.<\/p>","protected":false},"excerpt":{"rendered":"<p>TI SENTO &#8211; Milano blue pendant. The tear-shaped pendant is made of rhodium plated sterling silver and holds a special stone. The stone is a triplet consisting of three layers: the bottom layer is mother of pearl covered with real denim fabric. This is topped&#8230;<\/p>","protected":false},"featured_media":191717,"comment_status":"open","ping_status":"closed","template":"","meta":{"jetpack_post_was_ever_published":false},"product_brand":[],"product_cat":[599,729,72,149],"product_tag":[],"giftcard-category":[],"class_list":{"0":"post-191716","1":"product","2":"type-product","3":"status-publish","4":"has-post-thumbnail","6":"product_cat-sale","7":"product_cat-pendants","8":"product_cat-ti-sento-milano","9":"product_cat-ti-sento-milano-pendants","10":"pa_material-silver","11":"pa_metal-color-silver","12":"pa_product-brand-ti-sento-milano","13":"pa_stone-color-blue","14":"pa_type-category-pendants","16":"first","17":"instock","18":"featured","19":"taxable","20":"shipping-taxable","21":"purchasable","22":"product-type-simple"},"bundled_by":[],"bundle_stock_status":"instock","bundle_stock_quantity":5,"bundle_virtual":false,"bundle_layout":"","bundle_add_to_cart_form_location":"","bundle_editable_in_cart":false,"bundle_sold_individually_context":"","bundle_item_grouping":"","bundle_min_size":"","bundle_max_size":"","bundle_price":[],"bundled_items":[],"bundle_sell_ids":[],"etheme_brands":{"errors":{"invalid_taxonomy":["Lubamatu taksonoomia."]},"error_data":[]},"_links":{"self":[{"href":"https:\/\/glamuur.ee\/et\/wp-json\/wp\/v2\/product\/191716","targetHints":{"allow":["GET"]}}],"collection":[{"href":"https:\/\/glamuur.ee\/et\/wp-json\/wp\/v2\/product"}],"about":[{"href":"https:\/\/glamuur.ee\/et\/wp-json\/wp\/v2\/types\/product"}],"replies":[{"embeddable":true,"href":"https:\/\/glamuur.ee\/et\/wp-json\/wp\/v2\/comments?post=191716"}],"wp:featuredmedia":[{"embeddable":true,"href":"https:\/\/glamuur.ee\/et\/wp-json\/wp\/v2\/media\/191717"}],"wp:attachment":[{"href":"https:\/\/glamuur.ee\/et\/wp-json\/wp\/v2\/media?parent=191716"}],"wp:term":[{"taxonomy":"product_brand","embeddable":true,"href":"https:\/\/glamuur.ee\/et\/wp-json\/wp\/v2\/product_brand?post=191716"},{"taxonomy":"product_cat","embeddable":true,"href":"https:\/\/glamuur.ee\/et\/wp-json\/wp\/v2\/product_cat?post=191716"},{"taxonomy":"product_tag","embeddable":true,"href":"https:\/\/glamuur.ee\/et\/wp-json\/wp\/v2\/product_tag?post=191716"},{"taxonomy":"giftcard-category","embeddable":true,"href":"https:\/\/glamuur.ee\/et\/wp-json\/wp\/v2\/giftcard-category?post=191716"}],"curies":[{"name":"wp","href":"https:\/\/api.w.org\/{rel}","templated":true}]}}