{"id":191682,"date":"2023-05-17T08:48:46","date_gmt":"2023-05-17T08:48:46","guid":{"rendered":"https:\/\/glamuur.ee\/product\/ti-sento-milano-necklace-3792tr-42\/"},"modified":"2026-02-16T13:55:44","modified_gmt":"2026-02-16T11:55:44","slug":"ti-sento-milano-kaelakee-3792tr-42","status":"publish","type":"product","link":"https:\/\/glamuur.ee\/et\/product\/ti-sento-milano-necklace-3792tr-42\/","title":{"rendered":"TI SENTO - Milano kaelakee"},"content":{"rendered":"<p>See imeline TI SENTO - Milano kaelakee on valmistatud p\u00e4rlmutterist, mis on l\u00f5igatud ruudukujuliseks ja kaunistatud paveeritud tsirkooniumidega. Need kristallid toovad p\u00e4rlmutter k\u00f5ige ilusamalt esile. Ripats on samuti kinnitatud roodiumiga viimistletud h\u00f5bedast kaelakeele k\u00fclge, mis tagab, et kett ei kaota oma l\u00e4iget. Kliendid v\u00f5ivad soovida kombineerida erinevaid TI SENTO - Milano kollektsiooni esemeid. Selle kaelakee v\u00f5ib kombineerida sobivate k\u00f5rvar\u00f5ngaste v\u00f5i s\u00f5rmusega, et t\u00e4iendada p\u00e4rlmutterriipust. Kombineerimise ja sobitamise kontseptsiooniga on palju v\u00f5imalusi, kuidas luua s\u00e4rav ehtekomplekt, mis v\u00f5imaldab klientidel eksperimenteerida ja leida midagi, mis neid inspireerib.<\/p>","protected":false},"excerpt":{"rendered":"<p>This wonderful TI SENTO &#8211; Milano necklace is made from mother of pearl that has been cut into a square and inlaid with a border of row pav\u00e9 set zirconias. These crystals show off the colthe of the mother of pearl at its most beautiful&#8230;.<\/p>","protected":false},"featured_media":191683,"comment_status":"open","ping_status":"closed","template":"","meta":{"jetpack_post_was_ever_published":false},"product_brand":[],"product_cat":[727,599,980,964,72,146],"product_tag":[],"giftcard-category":[],"class_list":{"0":"post-191682","1":"product","2":"type-product","3":"status-publish","4":"has-post-thumbnail","6":"product_cat-necklaces","7":"product_cat-sale","8":"product_cat-ready-for-vacation","9":"product_cat-summer-sale-ti-sento","10":"product_cat-ti-sento-milano","11":"product_cat-ti-sento-milano-necklaces","12":"pa_material-silver","13":"pa_metal-color-silver","14":"pa_product-brand-ti-sento-milano","15":"pa_stone-color-red","16":"pa_type-category-necklaces","18":"first","19":"instock","20":"featured","21":"taxable","22":"shipping-taxable","23":"purchasable","24":"product-type-simple"},"bundled_by":[],"bundle_stock_status":"instock","bundle_stock_quantity":1,"bundle_virtual":false,"bundle_layout":"","bundle_add_to_cart_form_location":"","bundle_editable_in_cart":false,"bundle_sold_individually_context":"","bundle_item_grouping":"","bundle_min_size":"","bundle_max_size":"","bundle_price":[],"bundled_items":[],"bundle_sell_ids":[],"etheme_brands":{"errors":{"invalid_taxonomy":["Lubamatu taksonoomia."]},"error_data":[]},"_links":{"self":[{"href":"https:\/\/glamuur.ee\/et\/wp-json\/wp\/v2\/product\/191682","targetHints":{"allow":["GET"]}}],"collection":[{"href":"https:\/\/glamuur.ee\/et\/wp-json\/wp\/v2\/product"}],"about":[{"href":"https:\/\/glamuur.ee\/et\/wp-json\/wp\/v2\/types\/product"}],"replies":[{"embeddable":true,"href":"https:\/\/glamuur.ee\/et\/wp-json\/wp\/v2\/comments?post=191682"}],"wp:featuredmedia":[{"embeddable":true,"href":"https:\/\/glamuur.ee\/et\/wp-json\/wp\/v2\/media\/191683"}],"wp:attachment":[{"href":"https:\/\/glamuur.ee\/et\/wp-json\/wp\/v2\/media?parent=191682"}],"wp:term":[{"taxonomy":"product_brand","embeddable":true,"href":"https:\/\/glamuur.ee\/et\/wp-json\/wp\/v2\/product_brand?post=191682"},{"taxonomy":"product_cat","embeddable":true,"href":"https:\/\/glamuur.ee\/et\/wp-json\/wp\/v2\/product_cat?post=191682"},{"taxonomy":"product_tag","embeddable":true,"href":"https:\/\/glamuur.ee\/et\/wp-json\/wp\/v2\/product_tag?post=191682"},{"taxonomy":"giftcard-category","embeddable":true,"href":"https:\/\/glamuur.ee\/et\/wp-json\/wp\/v2\/giftcard-category?post=191682"}],"curies":[{"name":"wp","href":"https:\/\/api.w.org\/{rel}","templated":true}]}}