{"id":191629,"date":"2023-05-17T08:47:38","date_gmt":"2023-05-17T08:47:38","guid":{"rendered":"https:\/\/glamuur.ee\/product\/ti-sento-milano-pendant-6794mw\/"},"modified":"2026-02-16T13:59:20","modified_gmt":"2026-02-16T11:59:20","slug":"ti-sento-milano-ripats-6794mw","status":"publish","type":"product","link":"https:\/\/glamuur.ee\/et\/product\/ti-sento-milano-pendant-6794mw\/","title":{"rendered":"TI SENTO \u2013 Milano ripats"},"content":{"rendered":"<p>Sellel TI SENTO - Milano h\u00f5bedast ripatsil 6794MW on kahepoolne p\u00e4rlmutterkest, mida \u00fcmbritseb roosakas kullatud mull. Briljantseid valgeid tsirkoone sisaldava klipsisilmaga ripatsit on lihtne kinnitada ja kinnitada teie lemmikkaelakeele k\u00fclge. T\u00f5eliselt pehme ja naiselik ese.<\/p>","protected":false},"excerpt":{"rendered":"<p>This TI SENTO &#8211; Milano silver pendant 6794MW has a double-sided mother of pearl shell embraced by a rose gold-plated bubble setting. Its clip-eye, set with brilliant-cut white zirconias, makes it easy to clip on and off your favourite necklaces. A real soft and feminine&#8230;<\/p>","protected":false},"featured_media":191630,"comment_status":"open","ping_status":"closed","template":"","meta":{"jetpack_post_was_ever_published":false},"product_brand":[],"product_cat":[968,945,729,72,149],"product_tag":[],"giftcard-category":[],"class_list":{"0":"post-191629","1":"product","2":"type-product","3":"status-publish","4":"has-post-thumbnail","6":"product_cat-mothers-day-2025-ti-sento","7":"product_cat-pearls","8":"product_cat-pendants","9":"product_cat-ti-sento-milano","10":"product_cat-ti-sento-milano-pendants","11":"pa_material-silver","12":"pa_metal-color-rose-gold","13":"pa_product-brand-ti-sento-milano","14":"pa_stone-color-pearl","15":"pa_type-category-pendants","17":"first","18":"instock","19":"featured","20":"taxable","21":"shipping-taxable","22":"purchasable","23":"product-type-simple"},"bundled_by":[],"bundle_stock_status":"instock","bundle_stock_quantity":40,"bundle_virtual":false,"bundle_layout":"","bundle_add_to_cart_form_location":"","bundle_editable_in_cart":false,"bundle_sold_individually_context":"","bundle_item_grouping":"","bundle_min_size":"","bundle_max_size":"","bundle_price":[],"bundled_items":[],"bundle_sell_ids":[],"etheme_brands":{"errors":{"invalid_taxonomy":["Lubamatu taksonoomia."]},"error_data":[]},"_links":{"self":[{"href":"https:\/\/glamuur.ee\/et\/wp-json\/wp\/v2\/product\/191629","targetHints":{"allow":["GET"]}}],"collection":[{"href":"https:\/\/glamuur.ee\/et\/wp-json\/wp\/v2\/product"}],"about":[{"href":"https:\/\/glamuur.ee\/et\/wp-json\/wp\/v2\/types\/product"}],"replies":[{"embeddable":true,"href":"https:\/\/glamuur.ee\/et\/wp-json\/wp\/v2\/comments?post=191629"}],"wp:featuredmedia":[{"embeddable":true,"href":"https:\/\/glamuur.ee\/et\/wp-json\/wp\/v2\/media\/191630"}],"wp:attachment":[{"href":"https:\/\/glamuur.ee\/et\/wp-json\/wp\/v2\/media?parent=191629"}],"wp:term":[{"taxonomy":"product_brand","embeddable":true,"href":"https:\/\/glamuur.ee\/et\/wp-json\/wp\/v2\/product_brand?post=191629"},{"taxonomy":"product_cat","embeddable":true,"href":"https:\/\/glamuur.ee\/et\/wp-json\/wp\/v2\/product_cat?post=191629"},{"taxonomy":"product_tag","embeddable":true,"href":"https:\/\/glamuur.ee\/et\/wp-json\/wp\/v2\/product_tag?post=191629"},{"taxonomy":"giftcard-category","embeddable":true,"href":"https:\/\/glamuur.ee\/et\/wp-json\/wp\/v2\/giftcard-category?post=191629"}],"curies":[{"name":"wp","href":"https:\/\/api.w.org\/{rel}","templated":true}]}}